{"id":4422,"date":"2021-10-05T13:36:25","date_gmt":"2021-10-05T11:36:25","guid":{"rendered":"https:\/\/www.brikol.sk\/?post_type=product&#038;p=4422"},"modified":"2026-04-28T10:52:09","modified_gmt":"2026-04-28T08:52:09","slug":"plastova-tyc-cira-ks","status":"publish","type":"product","link":"https:\/\/www.brikol.sk\/en\/produkt\/plastova-tyc-cira-ks\/","title":{"rendered":"Plastov\u00e1 ty\u010d \u010d\u00edra \/ ks"},"content":{"rendered":"<p>Plastov\u00e1 ty\u010d ur\u010den\u00e1 pre \u017eal\u00fazie ovl\u00e1dan\u00e9 pali\u010dkou a \u0161n\u00farou, plastov\u00e1 ty\u010d je \u0161es\u0165hrann\u00e9ho tvaru s koncovkou a aj s h\u00e1\u010dikom.<\/p>\n<p>Priemer ty\u010de: 8 mm<\/p>\n","protected":false},"excerpt":{"rendered":"<p>Plastov\u00e1 ty\u010d ur\u010den\u00e1 pre \u017eal\u00fazie ovl\u00e1dan\u00e9 pali\u010dkou a \u0161n\u00farou, plastov\u00e1 ty\u010d je \u0161es\u0165hrann\u00e9ho tvaru s koncovkou a aj s h\u00e1\u010dikom.<\/p>\n<p>Priemer ty\u010de: 8 mm<\/p>\n<p><span style=\"color: #ff0000;\"><strong>Tento produk nie je mo\u017en\u00e9 zasiela\u0165 do Z-BOXU , pri doru\u010den\u00ed z\u00e1sielkovnou zvo\u013ete v\u00fddajn\u00e9 miesto.<\/strong><\/span><\/p>\n","protected":false},"featured_media":7094,"comment_status":"open","ping_status":"closed","template":"","meta":[],"product_cat":[65,88],"product_tag":[],"_links":{"self":[{"href":"https:\/\/www.brikol.sk\/en\/wp-json\/wp\/v2\/product\/4422"}],"collection":[{"href":"https:\/\/www.brikol.sk\/en\/wp-json\/wp\/v2\/product"}],"about":[{"href":"https:\/\/www.brikol.sk\/en\/wp-json\/wp\/v2\/types\/product"}],"replies":[{"embeddable":true,"href":"https:\/\/www.brikol.sk\/en\/wp-json\/wp\/v2\/comments?post=4422"}],"wp:featuredmedia":[{"embeddable":true,"href":"https:\/\/www.brikol.sk\/en\/wp-json\/wp\/v2\/media\/7094"}],"wp:attachment":[{"href":"https:\/\/www.brikol.sk\/en\/wp-json\/wp\/v2\/media?parent=4422"}],"wp:term":[{"taxonomy":"product_cat","embeddable":true,"href":"https:\/\/www.brikol.sk\/en\/wp-json\/wp\/v2\/product_cat?post=4422"},{"taxonomy":"product_tag","embeddable":true,"href":"https:\/\/www.brikol.sk\/en\/wp-json\/wp\/v2\/product_tag?post=4422"}],"curies":[{"name":"wp","href":"https:\/\/api.w.org\/{rel}","templated":true}]}}