{"id":4432,"date":"2021-10-05T13:38:26","date_gmt":"2021-10-05T11:38:26","guid":{"rendered":"https:\/\/www.brikol.sk\/?post_type=product&#038;p=4432"},"modified":"2026-01-08T11:11:57","modified_gmt":"2026-01-08T10:11:57","slug":"tycka-medziokennej-zaluzie","status":"publish","type":"product","link":"https:\/\/www.brikol.sk\/en\/produkt\/tycka-medziokennej-zaluzie\/","title":{"rendered":"Ty\u010dka medziokennej \u017eal\u00fazie \/ ks"},"content":{"rendered":"<h1 data-path-to-node=\"2\">Ty\u010dka medziokennej \u017eal\u00fazie<\/h1>\n<p data-path-to-node=\"3\">T\u00e1to ty\u010dka na ovl\u00e1danie \u017eal\u00fazi\u00ed zabezpe\u010duje nakl\u00e1panie lamiel u medziokenn\u00fdch horizont\u00e1lnych syst\u00e9mov. Sl\u00fa\u017ei na prenos ot\u00e1\u010dav\u00e9ho pohybu, \u010d\u00edm umo\u017e\u0148uje presn\u00fa regul\u00e1ciu svetla v interi\u00e9ri.<\/p>\n<p data-path-to-node=\"6\"><span style=\"font-size: 100%;\"><b data-path-to-node=\"6\" data-index-in-node=\"0\">Dostupn\u00e9 rozmery a \u0161pecifik\u00e1cia:<\/b><\/span><\/p>\n<p data-path-to-node=\"7\">Produkt dod\u00e1vame v nieko\u013ek\u00fdch d\u013a\u017ekach, aby vyhovoval v\u00fd\u0161ke v\u00e1\u0161ho okna:<\/p>\n<ul data-path-to-node=\"8\">\n<li>\n<p data-path-to-node=\"8,0,0\"><b data-path-to-node=\"8,0,0\" data-index-in-node=\"0\">600 mm<\/b><\/p>\n<\/li>\n<li>\n<p data-path-to-node=\"8,1,0\"><b data-path-to-node=\"8,1,0\" data-index-in-node=\"0\">800 mm<\/b><\/p>\n<\/li>\n<li>\n<p data-path-to-node=\"8,2,0\"><b data-path-to-node=\"8,2,0\" data-index-in-node=\"0\">1000 mm<\/b><\/p>\n<\/li>\n<li>\n<p data-path-to-node=\"8,3,0\"><b data-path-to-node=\"8,3,0\" data-index-in-node=\"0\">1200 mm<\/b><\/p>\n<\/li>\n<\/ul>\n<p data-path-to-node=\"9\"><i data-path-to-node=\"9\" data-index-in-node=\"0\">Pozn\u00e1mka: Pri v\u00fdbere d\u013a\u017eky zoh\u013eadnite v\u00fd\u0161ku umiestnenia okna tak, aby bola ty\u010dka v pohodlnom dosahu.<\/i><\/p>\n<p>Rozmer: priemer 4 mm<\/p>\n","protected":false},"excerpt":{"rendered":"<p>Ovl\u00e1da\u010d medziokennej \u017eal\u00fazie ur\u010den\u00fd pre \u017eal\u00fazie ovl\u00e1dan\u00e9 pali\u010dkou a \u0161n\u00farou.<\/p>\n<p>Rozmer: 60 mm a\u017e 1200 mm<\/p>\n<p>priemer 4 mm<\/p>\n<p><span style=\"color: #ff0000;\"><strong>Tento produk nie je mo\u017en\u00e9 zasiela\u0165 do Z-BOXU , pri doru\u010den\u00ed z\u00e1sielkovnou zvo\u013ete v\u00fddajn\u00e9 miesto.<\/strong><\/span><\/p>\n","protected":false},"featured_media":9792,"comment_status":"open","ping_status":"closed","template":"","meta":[],"product_cat":[65,88],"product_tag":[],"_links":{"self":[{"href":"https:\/\/www.brikol.sk\/en\/wp-json\/wp\/v2\/product\/4432"}],"collection":[{"href":"https:\/\/www.brikol.sk\/en\/wp-json\/wp\/v2\/product"}],"about":[{"href":"https:\/\/www.brikol.sk\/en\/wp-json\/wp\/v2\/types\/product"}],"replies":[{"embeddable":true,"href":"https:\/\/www.brikol.sk\/en\/wp-json\/wp\/v2\/comments?post=4432"}],"wp:featuredmedia":[{"embeddable":true,"href":"https:\/\/www.brikol.sk\/en\/wp-json\/wp\/v2\/media\/9792"}],"wp:attachment":[{"href":"https:\/\/www.brikol.sk\/en\/wp-json\/wp\/v2\/media?parent=4432"}],"wp:term":[{"taxonomy":"product_cat","embeddable":true,"href":"https:\/\/www.brikol.sk\/en\/wp-json\/wp\/v2\/product_cat?post=4432"},{"taxonomy":"product_tag","embeddable":true,"href":"https:\/\/www.brikol.sk\/en\/wp-json\/wp\/v2\/product_tag?post=4432"}],"curies":[{"name":"wp","href":"https:\/\/api.w.org\/{rel}","templated":true}]}}