{"id":7683,"date":"2023-03-07T09:05:04","date_gmt":"2023-03-07T08:05:04","guid":{"rendered":"https:\/\/www.brikol.sk\/?post_type=product&#038;p=7683"},"modified":"2026-04-15T07:50:04","modified_gmt":"2026-04-15T05:50:04","slug":"ocelove-lanko","status":"publish","type":"product","link":"https:\/\/www.brikol.sk\/en\/produkt\/ocelove-lanko\/","title":{"rendered":"Oce\u013eov\u00e9 lanko 0,8 mm  \/ m"},"content":{"rendered":"<div id=\"ocelove-lanko-ako-vodiace-lanko\">\n<p>Oce\u013eov\u00e9 lanko ur\u010den\u00e9 ako vodiace lanko horizont\u00e1lnej \u017eal\u00fazie pre v\u0161etky typy \u017eal\u00fazi\u00ed. Odol\u00e1va UV \u017eiareniu.<\/p>\n<p><strong>Oce\u013eov\u00e9 lanko <\/strong>je ur\u010den\u00e9 na upevnenie horizont\u00e1lnych \u017eal\u00fazi\u00ed. Oprava pretrhnut\u00e9ho vodiaceho silonu sa d\u00e1 pova\u017eova\u0165 za jednu z najbe\u017enej\u0161\u00edch opr\u00e1v \u017eal\u00fazi\u00ed v\u00f4bec. Vodiaci silon sa \u010dasto pretrhne pri \u010disten\u00ed \u017eal\u00fazi\u00ed alebo pri akomko\u013evek miernej\u0161om z\u00e1sahu do silonu. Hlavne v pr\u00edpadoch, ke\u010f sa so \u017eal\u00faziami \u010dasto manipulovalo a maj\u00fa u\u017e ist\u00fd po\u010det rokov odpracovan\u00fd.<\/p>\n<p><strong>Odpor\u00fa\u010dame k objedn\u00e1vke vodiacieho sil\u00f3nu prida\u0165 aj <a href=\"https:\/\/www.brikol.sk\/produkt\/fixacny-kolik-silonu\/?preview_id=258&amp;preview_nonce=ad02ff9721&amp;_thumbnail_id=6938&amp;preview=true\">fixa\u010dn\u00e9 kol\u00edky.<\/a><br \/>\n<\/strong><\/p>\n<p>Tovar zasielame balen\u00fd na <strong>cel\u00e9 metre<\/strong>. V pr\u00edpade v\u00e4\u010d\u0161ej objedn\u00e1vky nad 100 m, sil\u00f3n rozde\u013eujeme kv\u00f4li lep\u0161ej manipul\u00e1cii.<br \/>\nNapr. pri objedn\u00e1vke 5 kusov v\u00e1m bude poslan\u00fdch 5 metrov vcelku<\/p>\n<\/div>\n","protected":false},"excerpt":{"rendered":"<p>Oce\u013eov\u00e9 lanko ur\u010den\u00e9 ako vodiace lanko horizont\u00e1lnej \u017eal\u00fazie pre v\u0161etky typy \u017eal\u00fazi\u00ed. Oce\u013eov\u00e9 lanko odol\u00e1va UV \u017eiareniu&#8230;<a href=\"#ocelove-lanko-ako-vodiace-lanko\"><span style=\"color: #0000ff;\"><strong><span style=\"text-decoration: underline;\">Viac v popise<\/span><\/strong><\/span><\/a><\/p>\n","protected":false},"featured_media":7684,"comment_status":"open","ping_status":"closed","template":"","meta":[],"product_cat":[65,87,85,84,86,88,96],"product_tag":[],"_links":{"self":[{"href":"https:\/\/www.brikol.sk\/en\/wp-json\/wp\/v2\/product\/7683"}],"collection":[{"href":"https:\/\/www.brikol.sk\/en\/wp-json\/wp\/v2\/product"}],"about":[{"href":"https:\/\/www.brikol.sk\/en\/wp-json\/wp\/v2\/types\/product"}],"replies":[{"embeddable":true,"href":"https:\/\/www.brikol.sk\/en\/wp-json\/wp\/v2\/comments?post=7683"}],"wp:featuredmedia":[{"embeddable":true,"href":"https:\/\/www.brikol.sk\/en\/wp-json\/wp\/v2\/media\/7684"}],"wp:attachment":[{"href":"https:\/\/www.brikol.sk\/en\/wp-json\/wp\/v2\/media?parent=7683"}],"wp:term":[{"taxonomy":"product_cat","embeddable":true,"href":"https:\/\/www.brikol.sk\/en\/wp-json\/wp\/v2\/product_cat?post=7683"},{"taxonomy":"product_tag","embeddable":true,"href":"https:\/\/www.brikol.sk\/en\/wp-json\/wp\/v2\/product_tag?post=7683"}],"curies":[{"name":"wp","href":"https:\/\/api.w.org\/{rel}","templated":true}]}}