{"id":787,"date":"2018-12-04T14:45:49","date_gmt":"2018-12-04T13:45:49","guid":{"rendered":"https:\/\/www.brikol.sk\/?post_type=product&#038;p=787"},"modified":"2026-04-09T11:25:59","modified_gmt":"2026-04-09T09:25:59","slug":"balkonova-zapadka-aubi-siegenia","status":"publish","type":"product","link":"https:\/\/www.brikol.sk\/en\/produkt\/balkonova-zapadka-aubi-siegenia\/","title":{"rendered":"Balk\u00f3nov\u00e1 z\u00e1padka (z\u00e1klopka) Aubi Siegenia pre jednokr\u00eddlov\u00e9 plastov\u00e9 okn\u00e1"},"content":{"rendered":"<div id=\"balkonova-zapadka-abui-siegenia\">\n<p><strong>Balk\u00f3nov\u00e1 z\u00e1padka (z\u00e1klopka) Aubi Siegenia<\/strong><\/p>\n<p>Balk\u00f3nov\u00e1 z\u00e1padka (z\u00e1klopka) Aubi Siegenia ur\u010den\u00e1 pre plastov\u00e9 okn\u00e1. Univerz\u00e1lna z\u00e1padka je ur\u010den\u00e1 pre v\u0161etky typy kovan\u00ed, rozdiel je v\u0161ak v type profilu. Do kr\u00eddla dver\u00ed sa montuje len mal\u00fd hr\u00edbik, ktor\u00fd namontujete tak, \u017ee vykr\u00fatite ktor\u00fako\u013evek skrutku prilo\u017e\u00edte hr\u00edbik a prikr\u00fatite dlh\u0161ou skrutkou, ktor\u00e9 je s\u00fa\u010das\u0165ou balenia. Samotn\u00fd zachyt\u00e1vac\u00ed mechanizmus namontujete oproti hr\u00edbiku aby smeroval do stredu. Zachyt\u00e1va\u010d s\u00fa rozdelen\u00e9 pod\u013ea \u010d\u00edsla a typu profilu do ktor\u00e9ho sa montuj\u00fa. Rozte\u010d mont\u00e1\u017enych dier je 70 mm<\/p>\n<p>Po zvolen\u00ed mo\u017enosti sa v\u00e1m vyroluje zoznam profilov, pre ktor\u00e9 je dan\u00e1 z\u00e1padka ur\u010den\u00e1. Profilov\u00fd syst\u00e9m z ktor\u00e9ho m\u00e1te vyroben\u00e9 okn\u00e1 by mal by\u0165 uveden\u00fd na va\u0161ej zmluve o dielo pr\u00edpadne objedn\u00e1vke alebo na fakt\u00fare. Niektor\u00e9 profilov\u00e9 syst\u00e9my maj\u00fa ozna\u010denie na r\u00e1me alebo kr\u00eddle, na r\u00e1me je to v\u00e4\u010d\u0161inou v dr\u00e1\u017eke kde n\u00e1jdete r\u00e1mov\u00e9 diely kovania.<\/p>\n<p>Obsah balenia:<\/p>\n<p style=\"text-align: left;\">1 x z\u00e1padka<br \/>\n1 x hr\u00edbik<br \/>\n3 x skrutka<\/p>\n<p><strong>N\u00e1vod na mont\u00e1\u017e<\/strong><\/p>\n<p><a href=\"https:\/\/www.brikol.sk\/wp-content\/uploads\/2018\/12\/z\u00e1padka-siegenia.pdf\">z\u00e1padka siegenia<\/a><\/p>\n<\/div>\n","protected":false},"excerpt":{"rendered":"<p>Balk\u00f3nov\u00e1 z\u00e1padka (z\u00e1klopka) Aubi Siegenia ur\u010den\u00e1 pre plastov\u00e9 okn\u00e1. Univerz\u00e1lna z\u00e1padka je ur\u010den\u00e1 pre v\u0161etky typy kovan\u00ed, rozdiel je v\u0161ak v type profilu..<span style=\"color: #0000ff;\">.<\/span><a href=\"#balkonova-zapadka-abui-siegenia\"><strong><span style=\"color: #0000ff;\">Viac v popise<\/span><\/strong><\/a><\/p>\n<p>&nbsp;<\/p>\n","protected":false},"featured_media":6196,"comment_status":"open","ping_status":"closed","template":"","meta":[],"product_cat":[68,211,90],"product_tag":[],"_links":{"self":[{"href":"https:\/\/www.brikol.sk\/en\/wp-json\/wp\/v2\/product\/787"}],"collection":[{"href":"https:\/\/www.brikol.sk\/en\/wp-json\/wp\/v2\/product"}],"about":[{"href":"https:\/\/www.brikol.sk\/en\/wp-json\/wp\/v2\/types\/product"}],"replies":[{"embeddable":true,"href":"https:\/\/www.brikol.sk\/en\/wp-json\/wp\/v2\/comments?post=787"}],"wp:featuredmedia":[{"embeddable":true,"href":"https:\/\/www.brikol.sk\/en\/wp-json\/wp\/v2\/media\/6196"}],"wp:attachment":[{"href":"https:\/\/www.brikol.sk\/en\/wp-json\/wp\/v2\/media?parent=787"}],"wp:term":[{"taxonomy":"product_cat","embeddable":true,"href":"https:\/\/www.brikol.sk\/en\/wp-json\/wp\/v2\/product_cat?post=787"},{"taxonomy":"product_tag","embeddable":true,"href":"https:\/\/www.brikol.sk\/en\/wp-json\/wp\/v2\/product_tag?post=787"}],"curies":[{"name":"wp","href":"https:\/\/api.w.org\/{rel}","templated":true}]}}