{"id":8479,"date":"2023-06-26T11:40:51","date_gmt":"2023-06-26T09:40:51","guid":{"rendered":"https:\/\/www.brikol.sk\/?post_type=product&#038;p=8479"},"modified":"2025-11-25T11:35:57","modified_gmt":"2025-11-25T10:35:57","slug":"koncovka-spodnej-listy-isotra-ks","status":"publish","type":"product","link":"https:\/\/www.brikol.sk\/en\/produkt\/koncovka-spodnej-listy-isotra-ks\/","title":{"rendered":"Koncovka spodnej li\u0161ty ISOTRA  \/ ks"},"content":{"rendered":"<div id=\"koncovka-spodnej-listy-isotra\">\n<p><span style=\"font-size: 105%;\"><strong>Koncovka spodnej li\u0161ty ISOTRA<\/strong> <\/span><\/p>\n<p><strong>Koncovka na spodn\u00fa li\u0161tu <\/strong>(profil) pre interi\u00e9rov\u00e9 \u017eal\u00fazie ISOTRA,ktor\u00fdm prech\u00e1dza bo\u010dn\u00fd <strong><a href=\"https:\/\/www.brikol.sk\/produkt\/silon-zilka-zaluzie-2\/\">vodiaci sil\u00f3n<\/a><\/strong> \u017eal\u00fazie.<\/p>\n<p>\u00dalohou koncovky je zlep\u0161i\u0165 vedenie spodn\u00e9ho profilu pri manipul\u00e1cii so \u017eal\u00faziami aby sa zabezpe\u010dilo plynul\u00e9 s\u0165ahovanie a vy\u0165ahovanie \u017eal\u00fazie.<\/p>\n<p>Koncovka spodnej li\u0161ty sa nas\u00fava z oboch str\u00e1n spodnej li\u0161ty \u017eal\u00fazie. Plastov\u00fa koncovku spodn\u00e9ho profilu m\u00f4\u017eeme pou\u017ei\u0165 na pravej aj \u013eavej strane.<\/p>\n<ul>\n<li><strong> pre \u017eal\u00fazie Isotra <\/strong>&#8211; Classik, Isolite, Isolite Plus, Neoisolite, Energy<img loading=\"lazy\" class=\"wp-image-8480 size-medium alignright\" src=\"https:\/\/www.brikol.sk\/wp-content\/uploads\/2023\/06\/koncovka_sopdnej-listy_ISOTRA-469x400.jpg\" alt=\"\" width=\"469\" height=\"400\" srcset=\"https:\/\/www.brikol.sk\/wp-content\/uploads\/2023\/06\/koncovka_sopdnej-listy_ISOTRA-469x400.jpg 469w, https:\/\/www.brikol.sk\/wp-content\/uploads\/2023\/06\/koncovka_sopdnej-listy_ISOTRA-600x512.jpg 600w, https:\/\/www.brikol.sk\/wp-content\/uploads\/2023\/06\/koncovka_sopdnej-listy_ISOTRA.jpg 692w\" sizes=\"(max-width: 469px) 100vw, 469px\" \/><\/li>\n<\/ul>\n<\/div>\n","protected":false},"excerpt":{"rendered":"<p><strong>Koncovka na spodn\u00fa li\u0161tu <\/strong>(profil) pre interi\u00e9rov\u00e9 \u017eal\u00fazie ISOTRA&#8230;<span style=\"color: #0000ff;\"><a style=\"color: #0000ff;\" href=\"#koncovka-spodnej-listy-isotra\">Viac v<\/a><a style=\"color: #0000ff;\" href=\"#koncovka-spodnej-listy-isotra\"> popise<\/a><\/span><\/p>\n","protected":false},"featured_media":8482,"comment_status":"open","ping_status":"closed","template":"","meta":[],"product_cat":[65,84],"product_tag":[],"_links":{"self":[{"href":"https:\/\/www.brikol.sk\/en\/wp-json\/wp\/v2\/product\/8479"}],"collection":[{"href":"https:\/\/www.brikol.sk\/en\/wp-json\/wp\/v2\/product"}],"about":[{"href":"https:\/\/www.brikol.sk\/en\/wp-json\/wp\/v2\/types\/product"}],"replies":[{"embeddable":true,"href":"https:\/\/www.brikol.sk\/en\/wp-json\/wp\/v2\/comments?post=8479"}],"wp:featuredmedia":[{"embeddable":true,"href":"https:\/\/www.brikol.sk\/en\/wp-json\/wp\/v2\/media\/8482"}],"wp:attachment":[{"href":"https:\/\/www.brikol.sk\/en\/wp-json\/wp\/v2\/media?parent=8479"}],"wp:term":[{"taxonomy":"product_cat","embeddable":true,"href":"https:\/\/www.brikol.sk\/en\/wp-json\/wp\/v2\/product_cat?post=8479"},{"taxonomy":"product_tag","embeddable":true,"href":"https:\/\/www.brikol.sk\/en\/wp-json\/wp\/v2\/product_tag?post=8479"}],"curies":[{"name":"wp","href":"https:\/\/api.w.org\/{rel}","templated":true}]}}