{"id":8663,"date":"2023-07-18T11:33:03","date_gmt":"2023-07-18T09:33:03","guid":{"rendered":"https:\/\/www.brikol.sk\/?post_type=product&#038;p=8663"},"modified":"2026-04-18T15:38:30","modified_gmt":"2026-04-18T13:38:30","slug":"nahradna-sietovina-pre-sietky-proti-hmyzu-160-cm-meter","status":"publish","type":"product","link":"https:\/\/www.brikol.sk\/en\/produkt\/nahradna-sietovina-pre-sietky-proti-hmyzu-160-cm-meter\/","title":{"rendered":"N\u00e1hradn\u00e1 sie\u0165ovina pre sie\u0165ky proti hmyzu 160 cm\/meter"},"content":{"rendered":"<div class=\"product-short-description\">\n<p><strong>N\u00e1hradn\u00e1 sie\u0165ovina 160 cm<\/strong><\/p>\n<p>N\u00e1hradn\u00e1 sie\u0165ovina pre okn\u00e1 a dverove sie\u0165e <strong>\u0161. 160cm<\/strong> \/ na metr\u00e1\u017e\/<\/p>\n<p>UV stabiln\u00e1 sie\u0165ovina proti hmyzu odoln\u00e1 vo\u010di poveternostn\u00fdm vplyvom.<\/p>\n<p>St\u00e1ly farebn\u00fd odtie\u0148.<\/p>\n<p><strong>Sie\u0165ovinu dod\u00e1vame VCELKU pod\u013ea objednan\u00e9ho po\u010dtu metrov.<\/strong><\/p>\n<div class=\"p-short-description\" data-testid=\"productCardShortDescr\">\n<p><span style=\"color: #ff0000;\">Maxim\u00e1lna d\u013a\u017eka neobmedzen\u00e1, av\u0161ak najdlh\u0161\u00ed nerozdelen\u00fd n\u00e1vin &#8211; 30 m.<\/span><br \/>\n<span style=\"color: #ff0000;\">Objedn\u00e1vky dlh\u0161ie ako 30 m bud\u00fa rozdelen\u00e9 na 2 a viac kusov (napr. 40 m =\u00a0 30 m + 10 m). Pri objednan\u00ed napr. 4m, zadan\u00ed do ko\u0161\u00edka \u010d\u00edslo 4 &#8211; sie\u0165ovina nameran\u00e1 v CELKU s\u00favisle 4m.<\/span><\/p>\n<p><strong>Videon\u00e1vod na v\u00fdmenu sie\u0165oviny:<\/strong><strong> <a href=\"https:\/\/www.youtube.com\/watch?v=LL8OxADOhLU\"><span style=\"color: #000080;\">TU<\/span><\/a><\/strong><\/p>\n<\/div>\n<\/div>\n","protected":false},"excerpt":{"rendered":"<p>N\u00e1hradn\u00e1 sie\u0165ovina pre okn\u00e1 a dverove sie\u0165e <strong>\u0161\u00edrka 160cm<\/strong> \/ na metr\u00e1\u017e\/<\/p>\n<p><strong>Sie\u0165ovinu dod\u00e1vame VCELKU pod\u013ea objednan\u00e9ho po\u010dtu metrov.<\/strong><\/p>\n<div class=\"p-short-description\" data-testid=\"productCardShortDescr\">\n<p><span style=\"color: #ff0000;\">Maxim\u00e1lna d\u013a\u017eka nie je\u00a0 obmedzen\u00e1, av\u0161ak\u00a0najdlh\u0161\u00ed nerozdelen\u00fd n\u00e1vin je 30 m.<\/span><br \/>\n<span style=\"color: #ff0000;\">Objedn\u00e1vky dlh\u0161ie ako 30 m bud\u00fa rozdelen\u00e9 na 2 a viac kusov (napr. 40 m =\u00a0 30 m + 10 m). Pri objednan\u00ed napr. 4m a zadan\u00ed do ko\u0161\u00edka \u010d\u00edslo 4 bude sie\u0165ovina v celku 4m.<br \/>\n<\/span><\/p>\n<p>&nbsp;<\/p>\n<\/div>\n","protected":false},"featured_media":25028,"comment_status":"open","ping_status":"closed","template":"","meta":[],"product_cat":[83,99],"product_tag":[],"_links":{"self":[{"href":"https:\/\/www.brikol.sk\/en\/wp-json\/wp\/v2\/product\/8663"}],"collection":[{"href":"https:\/\/www.brikol.sk\/en\/wp-json\/wp\/v2\/product"}],"about":[{"href":"https:\/\/www.brikol.sk\/en\/wp-json\/wp\/v2\/types\/product"}],"replies":[{"embeddable":true,"href":"https:\/\/www.brikol.sk\/en\/wp-json\/wp\/v2\/comments?post=8663"}],"wp:featuredmedia":[{"embeddable":true,"href":"https:\/\/www.brikol.sk\/en\/wp-json\/wp\/v2\/media\/25028"}],"wp:attachment":[{"href":"https:\/\/www.brikol.sk\/en\/wp-json\/wp\/v2\/media?parent=8663"}],"wp:term":[{"taxonomy":"product_cat","embeddable":true,"href":"https:\/\/www.brikol.sk\/en\/wp-json\/wp\/v2\/product_cat?post=8663"},{"taxonomy":"product_tag","embeddable":true,"href":"https:\/\/www.brikol.sk\/en\/wp-json\/wp\/v2\/product_tag?post=8663"}],"curies":[{"name":"wp","href":"https:\/\/api.w.org\/{rel}","templated":true}]}}