{"id":894,"date":"2019-03-10T19:04:26","date_gmt":"2019-03-10T18:04:26","guid":{"rendered":"https:\/\/www.brikol.sk\/?post_type=product&#038;p=894"},"modified":"2026-04-10T13:00:43","modified_gmt":"2026-04-10T11:00:43","slug":"maco-vrchne-lozisko-pant-pre-plastove-okna","status":"publish","type":"product","link":"https:\/\/www.brikol.sk\/en\/produkt\/maco-vrchne-lozisko-pant-pre-plastove-okna\/","title":{"rendered":"MACO vrchn\u00e9 lo\u017eisko (p\u00e1nt) pre plastov\u00e9 okn\u00e1 \/ ks"},"content":{"rendered":"<div id=\"idTab1\" class=\"rte\">\n<h3>MACO vrchn\u00e9 lo\u017eisko (p\u00e1nt) pre plastov\u00e9 okn\u00e1<\/h3>\n<p>univerz\u00e1lne MACO vrchn\u00e9 lo\u017eisko \/ z\u00e1ves \/ p\u00e1nt pre otv\u00e1rav\u00e9 a otv\u00e1ravo-sklopn\u00e9 okn\u00e1 okut\u00e9 s kovan\u00edm MACO MULTI-TREND a MACO MULTI-MATIC. S\u00fa\u010das\u0165ou balenia s\u00fa aj mont\u00e1\u017ene skrutky so samoreznou hl\u00e1vkou do plastu.<\/p>\n<h3>Technick\u00e9 \u00fadaje:<\/h3>\n<ul>\n<li>pravo-\u013eav\u00fd diel<\/li>\n<li>nosnos\u0165 p\u00e1ntu 120 kg<\/li>\n<li>7 mm nosn\u00e9 \u010dapy<\/li>\n<li>farba strieborn\u00e1<\/li>\n<li>ur\u010den\u00e9 pre PVC okn\u00e1<\/li>\n<\/ul>\n<\/div>\n","protected":false},"excerpt":{"rendered":"<p>MACO vrchn\u00e9 lo\u017eisko (p\u00e1nt) pre plastov\u00e9 okn\u00e1 univerz\u00e1lne MACO vrchn\u00e9 lo\u017eisko \/ z\u00e1ves \/ p\u00e1nt pre otv\u00e1rav\u00e9 a otv\u00e1ravo-sklopn\u00e9 okn\u00e1 okut\u00e9 s kovan\u00edm MACO MULTI-TREND a MACO MULTI-MATIC. S\u00fa\u010das\u0165ou balenia s\u00fa aj mont\u00e1\u017ene skrutky so samoreznou hl\u00e1vkou do plastu. Technick\u00e9 \u00fadaje: pravo-\u013eav\u00fd diel nosnos\u0165 p\u00e1ntu 120 kg 7 mm nosn\u00e9 \u010dapy farba strieborn\u00e1 ur\u010den\u00e9 pre [&hellip;]\n","protected":false},"featured_media":8080,"comment_status":"open","ping_status":"closed","template":"","meta":[],"product_cat":[68,211,92],"product_tag":[],"_links":{"self":[{"href":"https:\/\/www.brikol.sk\/en\/wp-json\/wp\/v2\/product\/894"}],"collection":[{"href":"https:\/\/www.brikol.sk\/en\/wp-json\/wp\/v2\/product"}],"about":[{"href":"https:\/\/www.brikol.sk\/en\/wp-json\/wp\/v2\/types\/product"}],"replies":[{"embeddable":true,"href":"https:\/\/www.brikol.sk\/en\/wp-json\/wp\/v2\/comments?post=894"}],"wp:featuredmedia":[{"embeddable":true,"href":"https:\/\/www.brikol.sk\/en\/wp-json\/wp\/v2\/media\/8080"}],"wp:attachment":[{"href":"https:\/\/www.brikol.sk\/en\/wp-json\/wp\/v2\/media?parent=894"}],"wp:term":[{"taxonomy":"product_cat","embeddable":true,"href":"https:\/\/www.brikol.sk\/en\/wp-json\/wp\/v2\/product_cat?post=894"},{"taxonomy":"product_tag","embeddable":true,"href":"https:\/\/www.brikol.sk\/en\/wp-json\/wp\/v2\/product_tag?post=894"}],"curies":[{"name":"wp","href":"https:\/\/api.w.org\/{rel}","templated":true}]}}