{"id":925,"date":"2019-03-27T13:48:41","date_gmt":"2019-03-27T12:48:41","guid":{"rendered":"https:\/\/www.brikol.sk\/?post_type=product&#038;p=925"},"modified":"2026-04-21T16:19:43","modified_gmt":"2026-04-21T14:19:43","slug":"fixacny-kolik-cuplik-silonu-3-mm","status":"publish","type":"product","link":"https:\/\/www.brikol.sk\/en\/produkt\/fixacny-kolik-cuplik-silonu-3-mm\/","title":{"rendered":"Fixa\u010dn\u00fd kol\u00edk (cupl\u00edk) sil\u00f3nu 3 mm \/ ks"},"content":{"rendered":"<p><strong>Fixa\u010dn\u00fd kol\u00edk sil\u00f3nu<\/strong> pre horizont\u00e1lne \u017eal\u00fazie sl\u00fa\u017ei na zafixovanie sil\u00f3nu do dierky, ktor\u00e1 sa v\u0155ta do profilu plastov\u00e9ho alebo dreven\u00e9ho okna.<\/p>\n<p><strong>Priemer fixa\u010dn\u00e9ho kol\u00edku je 3,0 mm<\/strong>.<\/p>\n<p>Po\u0161kodil sa V\u00e1m tieto fixa\u010dn\u00e9 kol\u00edky sil\u00f3nu k \u017eal\u00faziam? Potrebujete ich vymenit? U n\u00e1s n\u00e1jdete fixa\u010dn\u00fd kol\u00edk sil\u00f3nu v r\u00f4znych farebn\u00fdch prevedeniach. Jednoducho si z nich sta\u010d\u00ed vybra\u0165 a zvoli\u0165 vami po\u017eadovan\u00fd po\u010det kusov.<\/p>\n<p>Ak sa pust\u00edte do v\u00fdmeny, tak <strong>nezabudnite povoli\u0165 <span style=\"text-decoration: underline;\"><a href=\"https:\/\/www.brikol.sk\/produkt\/silon-zilka-zaluzie-2\/\">vodiaci silon<\/a><\/span><\/strong> pod hornou <a href=\"https:\/\/www.brikol.sk\/produkt\/bocne-krytky-isoline-nahradne-diely-na-zaluzie\/\"><span style=\"text-decoration: underline;\">krytkou<\/span><\/a> a pritom overte aj jeho kvalitu, aby ste pr\u00edpadn\u00fa v\u00fdmenu vykonali naraz.<\/p>\n<p>U n\u00e1s n\u00e1jdete fixa\u010dn\u00e9 kol\u00edky vo farbe ktor\u00e1 v\u00e1m bude ladi\u0165 k Va\u0161emu farebn\u00e9mu prevedeniu r\u00e1mu okna :<\/p>\n<ul>\n<li>Biela<\/li>\n<li>Siv\u00e1<\/li>\n<li>Antracit<\/li>\n<li>Svetlohned\u00e1 ( zlat\u00fd dub)<\/li>\n<li>Tmavohned\u00e1<\/li>\n<li>Priesvitn\u00e1<\/li>\n<\/ul>\n<p>Pokia\u013e V\u00e1m nevyhovuje farebn\u00e9 prevedenie kol\u00edkov, ako dobr\u00e1 alternat\u00edva je vybra\u0165 si <a href=\"https:\/\/www.brikol.sk\/produkt\/fixacny-kolik-cuplik-silonu-3-mm\/?preview_id=925&amp;preview_nonce=dbcc5d802f&amp;_thumbnail_id=6941&amp;preview=true\"><strong>priesvitn\u00fd fixa\u010dn\u00fd kol\u00edk<\/strong><\/a> ktor\u00fd je svoj\u00edm preveden\u00edm univerz\u00e1lny a nebude ma\u0165 ru\u0161iv\u00fd dojem pri akejko\u013evek farbe r\u00e1mu okna.<\/p>\n<p>Fixa\u010dn\u00fd kol\u00edk (cupl\u00edk) sil\u00f3nu sa vklad\u00e1 do dierky na vodiacej li\u0161te.\u00a0 Pokia\u013e sa jedn\u00e1 o nov\u00e9 okno a dierka tam e\u0161te nie je, je potrebn\u00e9 ju do zasklievacej li\u0161ty vyv\u0155ta\u0165. Pri danom type fixa\u010dn\u00e9ho kol\u00edku pou\u017e\u00edvame vrt\u00e1k o priemere 3 mm.<\/p>\n<p>Ak sa v dierke nach\u00e1dza zvy\u0161ok sil\u00f3nu, pok\u00fasime sa ho vybra\u0165. Za\u010dneme t\u00fdm \u017ee si najprv povol\u00edme vodiaci sil\u00f3n a to tak, \u017ee na vrchnom nosn\u00edku \u017eal\u00fazie zlo\u017e\u00edme <strong><a href=\"https:\/\/www.brikol.sk\/produkt\/bocne-krytky-isoline-nahradne-diely-na-zaluzie\/\">bo\u010dn\u00e9 krytky<\/a><\/strong> (v\u00e4\u010d\u0161inou s\u00fa len nacvaknut\u00e9 alebo len nasunut\u00e9). Na <strong><a href=\"https:\/\/www.brikol.sk\/produkt\/zakladna-cast-isoline-nahradne-diely-na-zaluzie\/\">z\u00e1kladnej \u010dasti<\/a><\/strong> kotr\u00e1 sa pod nimi nach\u00e1dza povol\u00edme <strong><a href=\"https:\/\/www.brikol.sk\/produkt\/silon-zilka-zaluzie\/\">vodiaci sil\u00f3n<\/a><\/strong>. Pri\u010dom over\u00edme jeho kvalitu, aby sa pr\u00edpadn\u00e1 v\u00fdmena mohla vykona\u0165 naraz. Dalej sa fixa\u010dn\u00fd kol\u00edk navle\u010die na vodiaci sil\u00f3n (lanko), za kol\u00edkom na konci urob\u00edme uzl\u00edk, ktor\u00fd poriadne zatiahneme. Ten vlo\u017e\u00edme do pripravenej dierky v zaslievacej li\u0161te okna a potom ho zafixujeme kol\u00edkom. Nakoniec napneme vodiaci sil\u00f3n na hornom profile z\u00e1kladnej \u010dasti.<\/p>\n<p>&nbsp;<\/p>\n<p>&nbsp;<\/p>\n","protected":false},"excerpt":{"rendered":"<p>Fixa\u010dn\u00fd kol\u00edk sil\u00f3nu pre horizont\u00e1lne \u017eal\u00fazie. Kol\u00edk sl\u00fa\u017ei na zafixovanie sil\u00f3nu do dierky, ktor\u00e1 sa v\u0155ta do profilu plastov\u00e9ho alebo dreven\u00e9ho okna. <strong>Priemer kol\u00edku je 3,0 mm.<\/strong><\/p>\n","protected":false},"featured_media":22980,"comment_status":"open","ping_status":"closed","template":"","meta":[],"product_cat":[65,87,85,84,86,88,96],"product_tag":[],"_links":{"self":[{"href":"https:\/\/www.brikol.sk\/en\/wp-json\/wp\/v2\/product\/925"}],"collection":[{"href":"https:\/\/www.brikol.sk\/en\/wp-json\/wp\/v2\/product"}],"about":[{"href":"https:\/\/www.brikol.sk\/en\/wp-json\/wp\/v2\/types\/product"}],"replies":[{"embeddable":true,"href":"https:\/\/www.brikol.sk\/en\/wp-json\/wp\/v2\/comments?post=925"}],"wp:featuredmedia":[{"embeddable":true,"href":"https:\/\/www.brikol.sk\/en\/wp-json\/wp\/v2\/media\/22980"}],"wp:attachment":[{"href":"https:\/\/www.brikol.sk\/en\/wp-json\/wp\/v2\/media?parent=925"}],"wp:term":[{"taxonomy":"product_cat","embeddable":true,"href":"https:\/\/www.brikol.sk\/en\/wp-json\/wp\/v2\/product_cat?post=925"},{"taxonomy":"product_tag","embeddable":true,"href":"https:\/\/www.brikol.sk\/en\/wp-json\/wp\/v2\/product_tag?post=925"}],"curies":[{"name":"wp","href":"https:\/\/api.w.org\/{rel}","templated":true}]}}