{"id":10026,"date":"2024-01-23T13:14:24","date_gmt":"2024-01-23T12:14:24","guid":{"rendered":"https:\/\/www.brikol.sk\/?post_type=product&#038;p=10026"},"modified":"2024-08-16T11:29:30","modified_gmt":"2024-08-16T09:29:30","slug":"podlozka-pod-hst-portal","status":"publish","type":"product","link":"https:\/\/www.brikol.sk\/fr\/produkt\/podlozka-pod-hst-portal\/","title":{"rendered":"Podlo\u017eka pod HST port\u00e1l"},"content":{"rendered":"<p><strong>Podlo\u017eka pod HST port\u00e1l<\/strong><\/p>\n<p>Vyrovn\u00e1vacie, nosn\u00e9 a zasklievacie podlo\u017eky pod zdvi\u017eno-posuvn\u00e9 syst\u00e9my alebo in\u00e9 hrub\u0161ie kon\u0161trukcie.<\/p>\n<p>Plastov\u00e9 mont\u00e1\u017ene podlo\u017eky s\u00fa odoln\u00e9 proti vlhkosti, pou\u017e\u00edvaj\u00fa sa pri mont\u00e1\u017ei \/ podlo\u017een\u00ed spodnej \u010dasti posuvn\u00fdch balk\u00f3nov\u00fdch dver\u00ed ( HST port\u00e1l)<\/p>\n<p><strong>Parametre:<\/strong><\/p>\n<p><strong>1.<\/strong> 48mm x 235mm x\u00a0 2mm<\/p>\n<p><strong>2<\/strong>. 48mm x 235mm x\u00a0 3mm<\/p>\n<p><strong>3<\/strong>. 48mm x 235mm x\u00a0 4mm<\/p>\n<p><strong>4.<\/strong> 48mm x 235mm x\u00a0 5mm<\/p>\n<p><strong>5.<\/strong> 48mm x 235mm x 10mm<\/p>\n<p><span style=\"font-size: 75%;\">Tovar je na externom sklade jeho expedovanie je do 2 &#8211; 3 pracovn\u00fdch dn\u00ed<\/span><\/p>\n","protected":false},"excerpt":{"rendered":"<p>Vyrovn\u00e1vacie, nosn\u00e9 a zasklievacie podlo\u017eky pod zdvi\u017eno-posuvn\u00e9 syst\u00e9my alebo in\u00e9 hrub\u0161ie kon\u0161trukcie.<\/p>\n<p>Plastov\u00e9 mont\u00e1\u017ene podlo\u017eky s\u00fa odoln\u00e9 proti vlhkosti, pou\u017e\u00edvaj\u00fa sa pri mont\u00e1\u017ei \/ podlo\u017een\u00ed spodnej \u010dasti posuvn\u00fdch balk\u00f3nov\u00fdch dver\u00ed ( HST port\u00e1l)<\/p>\n","protected":false},"featured_media":10036,"comment_status":"open","ping_status":"closed","template":"","meta":[],"product_cat":[81],"product_tag":[],"_links":{"self":[{"href":"https:\/\/www.brikol.sk\/fr\/wp-json\/wp\/v2\/product\/10026"}],"collection":[{"href":"https:\/\/www.brikol.sk\/fr\/wp-json\/wp\/v2\/product"}],"about":[{"href":"https:\/\/www.brikol.sk\/fr\/wp-json\/wp\/v2\/types\/product"}],"replies":[{"embeddable":true,"href":"https:\/\/www.brikol.sk\/fr\/wp-json\/wp\/v2\/comments?post=10026"}],"wp:featuredmedia":[{"embeddable":true,"href":"https:\/\/www.brikol.sk\/fr\/wp-json\/wp\/v2\/media\/10036"}],"wp:attachment":[{"href":"https:\/\/www.brikol.sk\/fr\/wp-json\/wp\/v2\/media?parent=10026"}],"wp:term":[{"taxonomy":"product_cat","embeddable":true,"href":"https:\/\/www.brikol.sk\/fr\/wp-json\/wp\/v2\/product_cat?post=10026"},{"taxonomy":"product_tag","embeddable":true,"href":"https:\/\/www.brikol.sk\/fr\/wp-json\/wp\/v2\/product_tag?post=10026"}],"curies":[{"name":"wp","href":"https:\/\/api.w.org\/{rel}","templated":true}]}}