{"id":10113,"date":"2024-02-07T09:37:11","date_gmt":"2024-02-07T08:37:11","guid":{"rendered":"https:\/\/www.brikol.sk\/?post_type=product&#038;p=10113"},"modified":"2026-03-03T13:05:47","modified_gmt":"2026-03-03T12:05:47","slug":"ramienko-samozatvaraca-s-aretaciou-geze-k-ts-2000-4000","status":"publish","type":"product","link":"https:\/\/www.brikol.sk\/fr\/produkt\/ramienko-samozatvaraca-s-aretaciou-geze-k-ts-2000-4000\/","title":{"rendered":"Ramienko samozatv\u00e1ra\u010da s aret\u00e1ciou GEZE k TS 2000\/4000 \/ ks"},"content":{"rendered":"<p><strong>Ramienko samozatv\u00e1ra\u010da GEZE s aret\u00e1ciou\u00a0<\/strong><\/p>\n<p>Ramienko je ur\u010den\u00e9 pre <a href=\"https:\/\/www.brikol.sk\/produkt\/teleso-samozatvaraca-gz-ts-2000-v-ks\/?preview_id=10099&amp;preview_nonce=6c59137b41&amp;_thumbnail_id=10106&amp;preview=true\">teselo samozatv\u00e1ra\u010da GEZE TS 2000 a TS 4000.<\/a><\/p>\n<p>Teleso samozatv\u00e1ra\u010da GEZE (zatv\u00e1ra\u010d, brano) je mechanick\u00e9 zariadenie, ktor\u00e9 sl\u00fa\u017ei na automatick\u00e9 zatvorenie dver\u00ed. Brana sa pou\u017e\u00edvaj\u00fa najm\u00e4 tam, kde je \u017eiad\u00face aby dvere zostali zatvoren\u00e9. Alebo na tak\u00fdch miestach ako s\u00fa vchody do bytoviek, vchody do predajn\u00ed a d\u00f4le\u017eit\u00e9 vchody z h\u013eadiska bezpe\u010dnosti. Ramienko s aret\u00e1ciou zaru\u010duje ich zatvorenie.<\/p>\n<p>Ke\u010f niekto vstupuje cez dvere na ktor\u00fdch je namontovan\u00e9 ramienko samozatv\u00e1ra\u010da s aret\u00e1ciou, potom svojou silou \u00ab\u00a0nabije\u00a0\u00bb zatv\u00e1ra\u010d tak, aby vl\u00e1dal dvere postupne zatvori\u0165. Zatvorenie samozatv\u00e1ra\u010da je kontrolovan\u00e9 hydraolikou, ktor\u00e1 sa d\u00e1 nastavova\u0165 cez nastavovacie skrutky na zatv\u00e1ra\u010di \/ telese (reguluje sa r\u00fdchlos\u0165 toku kvapaliny = reguluje sa r\u00fdchlos\u0165 zatv\u00e1rania dver\u00ed).<\/p>\n<p>Dvern\u00fd samozatv\u00e1ra\u010d GEZE \u2013 TS 2000 V m\u00e1 mo\u017enos\u0165 nastavenia r\u00fdchlosti zatv\u00e1rania dver\u00ed a hydraulick\u00e9ho koncov\u00e9ho dorazu pri zatv\u00e1ran\u00ed (ramienko). Taktie\u017e nastavenie polohy trval\u00e9ho otvorenia \u2013 70\u00b0 &#8211; 150\u00b0 s aret\u00e1ciou.<\/p>\n<p><strong>Pou\u017eitie:<\/strong><\/p>\n<p>Na \u0165a\u017e\u0161ie interi\u00e9rov\u00e9\/exteri\u00e9rov\u00e9 dvere z materi\u00e1lu &#8211; drevo\/sklo (nie pri protipo\u017eiarnych a dymotesn\u00fdch dver\u00e1ch; oce\u013e\/hlin\u00edk\/plast )<br \/>\nNa prav\u00e9 aj \u013eav\u00e9 dvere.<\/p>\n<p>Mo\u017enos\u0165 nastavenia polohy trval\u00e9ho otvorenia dver\u00ed.<\/p>\n<p>Deaktiv\u00e1cia aret\u00e1cie potiahnut\u00edm dver\u00ed.<\/p>\n<p>Vyp\u00ednanie resp.zap\u00ednanie funkcie aret\u00e1cie len pri zatvoren\u00fdch dver\u00e1ch!<\/p>\n<p>Na dvere sa nemus\u00ed montova\u0165 dodato\u010dn\u00e9 dverov\u00e9 stava\u010de kr\u00eddla dver\u00ed.<\/p>\n<p>Dostupn\u00e9 vo farebn\u00fdch prevedeniach :<\/p>\n<ul>\n<li>biela<\/li>\n<li>hned\u00e1<\/li>\n<li>strieborn\u00e1<\/li>\n<\/ul>\n<p>&nbsp;<\/p>\n<p>&nbsp;<\/p>\n<p>&nbsp;<\/p>\n<p>&nbsp;<\/p>\n<p>&nbsp;<\/p>\n","protected":false},"excerpt":{"rendered":"<p>Ramienko samozatv\u00e1ra\u010da s aret\u00e1ciou ur\u010den\u00e9 pre <a href=\"https:\/\/www.brikol.sk\/produkt\/teleso-samozatvaraca-gz-ts-2000-v-ks\/?preview_id=10099&amp;preview_nonce=6c59137b41&amp;_thumbnail_id=10106&amp;preview=true#samozatvarac-gz\">samozatv\u00e1ra\u010de GEZE TS 2000 a TS 4000.<\/a><\/p>\n<p>Ramienko po nastaven\u00ed polohy dr\u017e\u00ed samozatv\u00e1ra\u010d v polohe a nie je potrebn\u00e9 montova\u0165 dodato\u010dn\u00e9 dverov\u00e9 stava\u010de kr\u00eddla dver\u00ed.<\/p>\n<p>Mo\u017enos\u0165 nastavenia polohy trval\u00e9ho otvorenia dver\u00ed. Deaktiv\u00e1cia aret\u00e1cie potiahnut\u00edm dver\u00ed.<\/p>\n<p>&nbsp;<\/p>\n","protected":false},"featured_media":10117,"comment_status":"open","ping_status":"closed","template":"","meta":[],"product_cat":[68,72],"product_tag":[],"_links":{"self":[{"href":"https:\/\/www.brikol.sk\/fr\/wp-json\/wp\/v2\/product\/10113"}],"collection":[{"href":"https:\/\/www.brikol.sk\/fr\/wp-json\/wp\/v2\/product"}],"about":[{"href":"https:\/\/www.brikol.sk\/fr\/wp-json\/wp\/v2\/types\/product"}],"replies":[{"embeddable":true,"href":"https:\/\/www.brikol.sk\/fr\/wp-json\/wp\/v2\/comments?post=10113"}],"wp:featuredmedia":[{"embeddable":true,"href":"https:\/\/www.brikol.sk\/fr\/wp-json\/wp\/v2\/media\/10117"}],"wp:attachment":[{"href":"https:\/\/www.brikol.sk\/fr\/wp-json\/wp\/v2\/media?parent=10113"}],"wp:term":[{"taxonomy":"product_cat","embeddable":true,"href":"https:\/\/www.brikol.sk\/fr\/wp-json\/wp\/v2\/product_cat?post=10113"},{"taxonomy":"product_tag","embeddable":true,"href":"https:\/\/www.brikol.sk\/fr\/wp-json\/wp\/v2\/product_tag?post=10113"}],"curies":[{"name":"wp","href":"https:\/\/api.w.org\/{rel}","templated":true}]}}