{"id":10138,"date":"2024-02-12T13:15:48","date_gmt":"2024-02-12T12:15:48","guid":{"rendered":"https:\/\/www.brikol.sk\/?post_type=product&#038;p=10138"},"modified":"2026-01-08T08:36:31","modified_gmt":"2026-01-08T07:36:31","slug":"gu-spodne-lozisko-pant-pre-plastove-okna-ks","status":"publish","type":"product","link":"https:\/\/www.brikol.sk\/fr\/produkt\/gu-spodne-lozisko-pant-pre-plastove-okna-ks\/","title":{"rendered":"GU spodn\u00e9 lo\u017eisko (p\u00e1nt) pre plastov\u00e9 okn\u00e1 \/ks"},"content":{"rendered":"<h3>GU spodn\u00e9 lo\u017eisko (p\u00e1nt) pre plastov\u00e9 okn\u00e1 komplet<\/h3>\n<p>spodn\u00e9 lo\u017eisko \/ z\u00e1ves \/ p\u00e1nt pre otv\u00e1rav\u00e9 a otv\u00e1ravo-sklopn\u00e9 okn\u00e1 a balk\u00f3nov\u00e9 dvere okut\u00e9 s kovan\u00edm GU.<\/p>\n<p>S\u00fa\u010das\u0165ou balenia s\u00fa aj mont\u00e1\u017ene skrutky so samoreznou hl\u00e1vkou do plastu.<\/p>\n<h4><strong>Technick\u00e9 \u00fadaje:<\/strong><\/h4>\n<ul>\n<li>nosnos\u0165 \u010dapu 120 kg<\/li>\n<li>hr\u00fabka nosn\u00e9ho \u010dapu 6 mm<\/li>\n<li>d\u013a\u017eka nosn\u00e9ho \u010dapu 23 mm<\/li>\n<li>pravo-\u013eav\u00e9<\/li>\n<li>farba strieborn\u00e1<\/li>\n<li>ur\u010den\u00e9 pre v\u0161etky plastov\u00e9 okn\u00e1 a balk\u00f3nov\u00e9 dvere<\/li>\n<\/ul>\n","protected":false},"excerpt":{"rendered":"<h3>GU spodn\u00e9 lo\u017eisko (p\u00e1nt) pre plastov\u00e9 okn\u00e1 komplet<\/h3>\n<p>spodn\u00e9 lo\u017eisko \/ z\u00e1ves \/ p\u00e1nt pre otv\u00e1rav\u00e9 a otv\u00e1ravo-sklopn\u00e9 okn\u00e1 a balk\u00f3nov\u00e9 dvere okut\u00e9 s kovan\u00edm GU.<\/p>\n<p>S\u00fa\u010das\u0165ou balenia s\u00fa aj mont\u00e1\u017ene skrutky so samoreznou hl\u00e1vkou do plastu.<\/p>\n<p>&nbsp;<\/p>\n","protected":false},"featured_media":10139,"comment_status":"open","ping_status":"closed","template":"","meta":[],"product_cat":[68,211,91],"product_tag":[],"_links":{"self":[{"href":"https:\/\/www.brikol.sk\/fr\/wp-json\/wp\/v2\/product\/10138"}],"collection":[{"href":"https:\/\/www.brikol.sk\/fr\/wp-json\/wp\/v2\/product"}],"about":[{"href":"https:\/\/www.brikol.sk\/fr\/wp-json\/wp\/v2\/types\/product"}],"replies":[{"embeddable":true,"href":"https:\/\/www.brikol.sk\/fr\/wp-json\/wp\/v2\/comments?post=10138"}],"wp:featuredmedia":[{"embeddable":true,"href":"https:\/\/www.brikol.sk\/fr\/wp-json\/wp\/v2\/media\/10139"}],"wp:attachment":[{"href":"https:\/\/www.brikol.sk\/fr\/wp-json\/wp\/v2\/media?parent=10138"}],"wp:term":[{"taxonomy":"product_cat","embeddable":true,"href":"https:\/\/www.brikol.sk\/fr\/wp-json\/wp\/v2\/product_cat?post=10138"},{"taxonomy":"product_tag","embeddable":true,"href":"https:\/\/www.brikol.sk\/fr\/wp-json\/wp\/v2\/product_tag?post=10138"}],"curies":[{"name":"wp","href":"https:\/\/api.w.org\/{rel}","templated":true}]}}