{"id":10146,"date":"2024-02-14T13:16:04","date_gmt":"2024-02-14T12:16:04","guid":{"rendered":"https:\/\/www.brikol.sk\/?post_type=product&#038;p=10146"},"modified":"2026-01-08T08:20:23","modified_gmt":"2026-01-08T07:20:23","slug":"zaslepka-po-okennej-klucke","status":"publish","type":"product","link":"https:\/\/www.brikol.sk\/fr\/produkt\/zaslepka-po-okennej-klucke\/","title":{"rendered":"Z\u00e1slepka po okennej k\u013eu\u010dke \/ kus"},"content":{"rendered":"<p>Z\u00e1slepka po okennej k\u013eu\u010dke<\/p>\n<p>Sl\u00fa\u017ei na prekrytie otvoru na k\u013eu\u010dku na plastovom alebo drevenom okne, pokia\u013e k\u013eu\u010dku na danom okne nechcete pou\u017e\u00edva\u0165.<\/p>\n<p>Farba : BIELA<\/p>\n","protected":false},"excerpt":{"rendered":"<p>Z\u00e1slepka po okennej k\u013eu\u010dke<\/p>\n<p>Sl\u00fa\u017ei na prekrytie otvoru na k\u013eu\u010dku na plastovom alebo drevenom okne, pokia\u013e k\u013eu\u010dku na danom okne nechcete pou\u017e\u00edva\u0165.<\/p>\n","protected":false},"featured_media":10148,"comment_status":"open","ping_status":"closed","template":"","meta":[],"product_cat":[82,213],"product_tag":[],"_links":{"self":[{"href":"https:\/\/www.brikol.sk\/fr\/wp-json\/wp\/v2\/product\/10146"}],"collection":[{"href":"https:\/\/www.brikol.sk\/fr\/wp-json\/wp\/v2\/product"}],"about":[{"href":"https:\/\/www.brikol.sk\/fr\/wp-json\/wp\/v2\/types\/product"}],"replies":[{"embeddable":true,"href":"https:\/\/www.brikol.sk\/fr\/wp-json\/wp\/v2\/comments?post=10146"}],"wp:featuredmedia":[{"embeddable":true,"href":"https:\/\/www.brikol.sk\/fr\/wp-json\/wp\/v2\/media\/10148"}],"wp:attachment":[{"href":"https:\/\/www.brikol.sk\/fr\/wp-json\/wp\/v2\/media?parent=10146"}],"wp:term":[{"taxonomy":"product_cat","embeddable":true,"href":"https:\/\/www.brikol.sk\/fr\/wp-json\/wp\/v2\/product_cat?post=10146"},{"taxonomy":"product_tag","embeddable":true,"href":"https:\/\/www.brikol.sk\/fr\/wp-json\/wp\/v2\/product_tag?post=10146"}],"curies":[{"name":"wp","href":"https:\/\/api.w.org\/{rel}","templated":true}]}}