{"id":1448,"date":"2019-11-08T17:12:07","date_gmt":"2019-11-08T16:12:07","guid":{"rendered":"https:\/\/www.brikol.sk\/?post_type=product&#038;p=1448"},"modified":"2026-04-09T10:00:10","modified_gmt":"2026-04-09T08:00:10","slug":"distancna-podlozka","status":"publish","type":"product","link":"https:\/\/www.brikol.sk\/fr\/produkt\/distancna-podlozka\/","title":{"rendered":"Distan\u010dn\u00e1 podlo\u017eka pod \u017eal\u00fazie MTECH  \/ p\u00e1r"},"content":{"rendered":"<p>Biela distan\u010dn\u00e1 podlo\u017eka pod \u017eal\u00fazie MTECH, ISOTRA. Podlo\u017eka <strong>umo\u017e\u0148uje<\/strong> ot\u00e1\u010da\u0165 lamely \u017eal\u00fazie a <strong>zabezpe\u010duje<\/strong> ich funk\u010dnos\u0165 na okn\u00e1ch s \u00fazkou zasklievacou li\u0161tou.<\/p>\n","protected":false},"excerpt":{"rendered":"<p>Biela distan\u010dn\u00e1 podlo\u017eka pod \u017eal\u00fazie MTECH, ISOTRA. Podlo\u017eka umo\u017e\u0148uje ot\u00e1\u010da\u0165 lamely \u017eal\u00fazie a zabezpe\u010duje ich funk\u010dnos\u0165 na okn\u00e1ch s \u00fazkou zasklievacou li\u0161tou.<\/p>\n","protected":false},"featured_media":6847,"comment_status":"open","ping_status":"closed","template":"","meta":[],"product_cat":[65],"product_tag":[],"_links":{"self":[{"href":"https:\/\/www.brikol.sk\/fr\/wp-json\/wp\/v2\/product\/1448"}],"collection":[{"href":"https:\/\/www.brikol.sk\/fr\/wp-json\/wp\/v2\/product"}],"about":[{"href":"https:\/\/www.brikol.sk\/fr\/wp-json\/wp\/v2\/types\/product"}],"replies":[{"embeddable":true,"href":"https:\/\/www.brikol.sk\/fr\/wp-json\/wp\/v2\/comments?post=1448"}],"wp:featuredmedia":[{"embeddable":true,"href":"https:\/\/www.brikol.sk\/fr\/wp-json\/wp\/v2\/media\/6847"}],"wp:attachment":[{"href":"https:\/\/www.brikol.sk\/fr\/wp-json\/wp\/v2\/media?parent=1448"}],"wp:term":[{"taxonomy":"product_cat","embeddable":true,"href":"https:\/\/www.brikol.sk\/fr\/wp-json\/wp\/v2\/product_cat?post=1448"},{"taxonomy":"product_tag","embeddable":true,"href":"https:\/\/www.brikol.sk\/fr\/wp-json\/wp\/v2\/product_tag?post=1448"}],"curies":[{"name":"wp","href":"https:\/\/api.w.org\/{rel}","templated":true}]}}