{"id":1452,"date":"2019-11-08T17:16:08","date_gmt":"2019-11-08T16:16:08","guid":{"rendered":"https:\/\/www.brikol.sk\/?post_type=product&#038;p=1452"},"modified":"2026-01-24T17:48:31","modified_gmt":"2026-01-24T16:48:31","slug":"dilatacna-podlozka-pod-zaluzie-k-system-biela-par","status":"publish","type":"product","link":"https:\/\/www.brikol.sk\/fr\/produkt\/dilatacna-podlozka-pod-zaluzie-k-system-biela-par\/","title":{"rendered":"Distan\u010dn\u00e1 podlo\u017eka pod \u017eal\u00fazie K-SYSTEM biela \/ p\u00e1r"},"content":{"rendered":"<p>Biela distan\u010dn\u00e1 podlo\u017eka pre \u017eal\u00fazie K-SYSTEM a WO und WO. Podlo\u017eka sl\u00fa\u017ei pre okn\u00e1 s \u00fazkou zasklievacou li\u0161tou aby bolo mo\u017en\u00e9 ot\u00e1\u010da\u0165 lamely \u017eal\u00fazie a aby sa zabezpe\u010dila ich funk\u010dnos\u0165.<\/p>\n","protected":false},"excerpt":{"rendered":"<p>Biela distan\u010dn\u00e1 podlo\u017eka pre \u017eal\u00fazie K-SYSTEM a WO und WO. Podlo\u017eka sl\u00fa\u017ei pre okn\u00e1 s \u00fazkou zasklievacou li\u0161tou aby bolo mo\u017en\u00e9 ot\u00e1\u010da\u0165 lamely \u017eal\u00fazie a aby sa zabezpe\u010dila ich funk\u010dnos\u0165.<\/p>\n","protected":false},"featured_media":6850,"comment_status":"open","ping_status":"closed","template":"","meta":[],"product_cat":[65,86],"product_tag":[],"_links":{"self":[{"href":"https:\/\/www.brikol.sk\/fr\/wp-json\/wp\/v2\/product\/1452"}],"collection":[{"href":"https:\/\/www.brikol.sk\/fr\/wp-json\/wp\/v2\/product"}],"about":[{"href":"https:\/\/www.brikol.sk\/fr\/wp-json\/wp\/v2\/types\/product"}],"replies":[{"embeddable":true,"href":"https:\/\/www.brikol.sk\/fr\/wp-json\/wp\/v2\/comments?post=1452"}],"wp:featuredmedia":[{"embeddable":true,"href":"https:\/\/www.brikol.sk\/fr\/wp-json\/wp\/v2\/media\/6850"}],"wp:attachment":[{"href":"https:\/\/www.brikol.sk\/fr\/wp-json\/wp\/v2\/media?parent=1452"}],"wp:term":[{"taxonomy":"product_cat","embeddable":true,"href":"https:\/\/www.brikol.sk\/fr\/wp-json\/wp\/v2\/product_cat?post=1452"},{"taxonomy":"product_tag","embeddable":true,"href":"https:\/\/www.brikol.sk\/fr\/wp-json\/wp\/v2\/product_tag?post=1452"}],"curies":[{"name":"wp","href":"https:\/\/api.w.org\/{rel}","templated":true}]}}