{"id":1833,"date":"2020-03-23T17:16:05","date_gmt":"2020-03-23T16:16:05","guid":{"rendered":"https:\/\/www.brikol.sk\/?post_type=product&#038;p=1833"},"modified":"2026-01-08T11:33:37","modified_gmt":"2026-01-08T10:33:37","slug":"montazna-klucka-gu-s-nastavovacimi-klucmi","status":"publish","type":"product","link":"https:\/\/www.brikol.sk\/fr\/produkt\/montazna-klucka-gu-s-nastavovacimi-klucmi\/","title":{"rendered":"Mont\u00e1\u017ena k\u013eu\u010dka GU s nastavovac\u00edmi k\u013eu\u010dmi \/ ks"},"content":{"rendered":"<p>Mont\u00e1\u017ena k\u013eu\u010dka GU sa pou\u017e\u00edva predov\u0161etk\u00fdm pri mont\u00e1\u017ei okien, kde nie s\u00fa osaden\u00e9 na kr\u00eddlach k\u013eu\u010dky. Je to r\u00fdchly pomocn\u00edk preto\u017ee k\u013eu\u010dkou uvo\u013en\u00edte a vytiahnete vrchn\u00fd zais\u0165ovac\u00ed kol\u00edk zo z\u00e1vesu. Mont\u00e1\u017ena k\u013eu\u010dka sa pou\u017e\u00edva aj na stavb\u00e1ch kde prebiehaj\u00fa \u010fal\u0161ie stavebn\u00e9 pr\u00e1ce aby sa k\u013eu\u010dky okna nepo\u0161kodili alebo neu\u0161pinili. K\u013eu\u010dku je mo\u017en\u00e9 pou\u017ei\u0165 aj na in\u00e9 kovania ako je GU. S\u00fa\u010das\u0165ou mont\u00e1\u017enej k\u013eu\u010dky je aj mal\u00e1 ra\u010dni\u010dka s n\u00e1str\u010dkov\u00fdmi k\u013e\u00fa\u010dmi torx T15 a imbus 4 mm<\/p>\n","protected":false},"excerpt":{"rendered":"<p>Mont\u00e1\u017ena k\u013eu\u010dka GU sa pou\u017e\u00edva predov\u0161etk\u00fdm pri mont\u00e1\u017ei okien, kde nie s\u00fa osaden\u00e9 na kr\u00eddlach k\u013eu\u010dky. Je to r\u00fdchly pomocn\u00edk preto\u017ee k\u013eu\u010dkou uvo\u013en\u00edte a vytiahnete vrchn\u00fd zais\u0165ovac\u00ed kol\u00edk zo z\u00e1vesu. Mont\u00e1\u017ena k\u013eu\u010dka sa pou\u017e\u00edva aj na stavb\u00e1ch kde prebiehaj\u00fa \u010fal\u0161ie stavebn\u00e9 pr\u00e1ce aby sa k\u013eu\u010dky okna nepo\u0161kodili alebo neu\u0161pinili. K\u013eu\u010dku je mo\u017en\u00e9 pou\u017ei\u0165 aj na in\u00e9 kovania ako je GU. S\u00fa\u010das\u0165ou mont\u00e1\u017enej k\u013eu\u010dky je aj mal\u00e1 ra\u010dni\u010dka s n\u00e1str\u010dkov\u00fdmi k\u013e\u00fa\u010dmi torx T15 a imbus 4 mm<\/p>\n","protected":false},"featured_media":7252,"comment_status":"open","ping_status":"closed","template":"","meta":[],"product_cat":[68,216],"product_tag":[],"_links":{"self":[{"href":"https:\/\/www.brikol.sk\/fr\/wp-json\/wp\/v2\/product\/1833"}],"collection":[{"href":"https:\/\/www.brikol.sk\/fr\/wp-json\/wp\/v2\/product"}],"about":[{"href":"https:\/\/www.brikol.sk\/fr\/wp-json\/wp\/v2\/types\/product"}],"replies":[{"embeddable":true,"href":"https:\/\/www.brikol.sk\/fr\/wp-json\/wp\/v2\/comments?post=1833"}],"wp:featuredmedia":[{"embeddable":true,"href":"https:\/\/www.brikol.sk\/fr\/wp-json\/wp\/v2\/media\/7252"}],"wp:attachment":[{"href":"https:\/\/www.brikol.sk\/fr\/wp-json\/wp\/v2\/media?parent=1833"}],"wp:term":[{"taxonomy":"product_cat","embeddable":true,"href":"https:\/\/www.brikol.sk\/fr\/wp-json\/wp\/v2\/product_cat?post=1833"},{"taxonomy":"product_tag","embeddable":true,"href":"https:\/\/www.brikol.sk\/fr\/wp-json\/wp\/v2\/product_tag?post=1833"}],"curies":[{"name":"wp","href":"https:\/\/api.w.org\/{rel}","templated":true}]}}