{"id":1875,"date":"2020-04-02T11:19:02","date_gmt":"2020-04-02T09:19:02","guid":{"rendered":"https:\/\/www.brikol.sk\/?post_type=product&#038;p=1875"},"modified":"2025-10-17T07:12:51","modified_gmt":"2025-10-17T05:12:51","slug":"zakladna-cast-isotra","status":"publish","type":"product","link":"https:\/\/www.brikol.sk\/fr\/produkt\/zakladna-cast-isotra\/","title":{"rendered":"Z\u00e1kladn\u00e1 \u010das\u0165 isotra 1 \/ p\u00e1r"},"content":{"rendered":"<p><strong>Z\u00e1kladn\u00e1 \u010das\u0165 isotra<\/strong><\/p>\n<p>Z\u00e1kladn\u00e1 \u010das\u0165 ur\u010den\u00e1 pre \u017eal\u00fazie od v\u00fdrobcu ISOTRA.<\/p>\n<p>Vvr\u00e1tane vedenia retiazky spolu s kolieskom na guli\u010dkov\u00fa retiazku. Ovl\u00e1dac\u00ed hriade\u013e m\u00e1 tvar zrezan\u00e9ho kruhu.<\/p>\n","protected":false},"excerpt":{"rendered":"<p>Z\u00e1kladn\u00e1 \u010das\u0165 ur\u010den\u00e1 pre \u017eal\u00fazie od v\u00fdrobcu ISOTRA, z\u00e1kladn\u00e1 \u010das\u0165 je vr\u00e1tane vedenia retiazky spolu s kolieskom na guli\u010dkov\u00fa retiazku. Ovl\u00e1dac\u00ed hriade\u013e m\u00e1 tvar zrezan\u00e9ho kruhu.<\/p>\n","protected":false},"featured_media":7231,"comment_status":"open","ping_status":"closed","template":"","meta":[],"product_cat":[65,84],"product_tag":[],"_links":{"self":[{"href":"https:\/\/www.brikol.sk\/fr\/wp-json\/wp\/v2\/product\/1875"}],"collection":[{"href":"https:\/\/www.brikol.sk\/fr\/wp-json\/wp\/v2\/product"}],"about":[{"href":"https:\/\/www.brikol.sk\/fr\/wp-json\/wp\/v2\/types\/product"}],"replies":[{"embeddable":true,"href":"https:\/\/www.brikol.sk\/fr\/wp-json\/wp\/v2\/comments?post=1875"}],"wp:featuredmedia":[{"embeddable":true,"href":"https:\/\/www.brikol.sk\/fr\/wp-json\/wp\/v2\/media\/7231"}],"wp:attachment":[{"href":"https:\/\/www.brikol.sk\/fr\/wp-json\/wp\/v2\/media?parent=1875"}],"wp:term":[{"taxonomy":"product_cat","embeddable":true,"href":"https:\/\/www.brikol.sk\/fr\/wp-json\/wp\/v2\/product_cat?post=1875"},{"taxonomy":"product_tag","embeddable":true,"href":"https:\/\/www.brikol.sk\/fr\/wp-json\/wp\/v2\/product_tag?post=1875"}],"curies":[{"name":"wp","href":"https:\/\/api.w.org\/{rel}","templated":true}]}}