{"id":18888,"date":"2024-05-23T09:52:15","date_gmt":"2024-05-23T07:52:15","guid":{"rendered":"https:\/\/www.brikol.sk\/?post_type=product&#038;p=18888"},"modified":"2026-03-18T17:37:59","modified_gmt":"2026-03-18T16:37:59","slug":"siegenia-spodne-lozisko","status":"publish","type":"product","link":"https:\/\/www.brikol.sk\/fr\/produkt\/siegenia-spodne-lozisko\/","title":{"rendered":"Siegenia spodn\u00e9 lo\u017eisko (p\u00e1nt) pre plastov\u00e9 okn\u00e1 \/ks"},"content":{"rendered":"<h3>Siegenia spodn\u00e9 lo\u017eisko (p\u00e1nt) pre plastov\u00e9 okn\u00e1 komplet<\/h3>\n<p>Siegenia spodn\u00e9 lo\u017eisko (z\u00e1ves \/ p\u00e1nt) pre otv\u00e1rav\u00e9 a otv\u00e1ravo-sklopn\u00e9 okn\u00e1 a balk\u00f3nov\u00e9 dvere. S\u00fa\u010das\u0165ou balenia s\u00fa aj mont\u00e1\u017ene skrutky so samoreznou hl\u00e1vkou do plastu.<\/p>\n<h4><strong>Technick\u00e9 \u00fadaje:<\/strong><\/h4>\n<ul>\n<li>d\u013a\u017eka 70 mm<\/li>\n<li>zadn\u00e9 kol\u00edky 16\/36 mm<\/li>\n<li>rozte\u010d medzi zadn\u00fdmi kol\u00edkmi 46 mm<\/li>\n<li>pravo-lav\u00e9<\/li>\n<li>farba strieborn\u00e1<\/li>\n<li>ur\u010den\u00e9 pre v\u0161etky plastov\u00e9 okn\u00e1 a balk\u00f3nov\u00e9 dvere<\/li>\n<\/ul>\n","protected":false},"excerpt":{"rendered":"<p>Siegenia spodn\u00e9 lo\u017eisko (z\u00e1ves \/ p\u00e1nt) pre otv\u00e1rav\u00e9 a otv\u00e1ravo-sklopn\u00e9 okn\u00e1 a balk\u00f3nov\u00e9 dvere<\/p>\n","protected":false},"featured_media":18892,"comment_status":"open","ping_status":"closed","template":"","meta":[],"product_cat":[68,211,90],"product_tag":[],"_links":{"self":[{"href":"https:\/\/www.brikol.sk\/fr\/wp-json\/wp\/v2\/product\/18888"}],"collection":[{"href":"https:\/\/www.brikol.sk\/fr\/wp-json\/wp\/v2\/product"}],"about":[{"href":"https:\/\/www.brikol.sk\/fr\/wp-json\/wp\/v2\/types\/product"}],"replies":[{"embeddable":true,"href":"https:\/\/www.brikol.sk\/fr\/wp-json\/wp\/v2\/comments?post=18888"}],"wp:featuredmedia":[{"embeddable":true,"href":"https:\/\/www.brikol.sk\/fr\/wp-json\/wp\/v2\/media\/18892"}],"wp:attachment":[{"href":"https:\/\/www.brikol.sk\/fr\/wp-json\/wp\/v2\/media?parent=18888"}],"wp:term":[{"taxonomy":"product_cat","embeddable":true,"href":"https:\/\/www.brikol.sk\/fr\/wp-json\/wp\/v2\/product_cat?post=18888"},{"taxonomy":"product_tag","embeddable":true,"href":"https:\/\/www.brikol.sk\/fr\/wp-json\/wp\/v2\/product_tag?post=18888"}],"curies":[{"name":"wp","href":"https:\/\/api.w.org\/{rel}","templated":true}]}}