{"id":18907,"date":"2024-05-24T08:09:18","date_gmt":"2024-05-24T06:09:18","guid":{"rendered":"https:\/\/www.brikol.sk\/?post_type=product&#038;p=18907"},"modified":"2026-04-22T11:20:08","modified_gmt":"2026-04-22T09:20:08","slug":"winkhaus-auto-pilot-spodne-lozisko","status":"publish","type":"product","link":"https:\/\/www.brikol.sk\/fr\/produkt\/winkhaus-auto-pilot-spodne-lozisko\/","title":{"rendered":"Winkhaus AUTO PILOT spodn\u00e9 lo\u017eisko (p\u00e1nt) \/ks"},"content":{"rendered":"<h3>Winkhaus AUTO PILOT spodn\u00e9 lo\u017eisko (p\u00e1nt) pre plastov\u00e9 okn\u00e1 komplet<\/h3>\n<p>Winkhaus AUTO PILOT spodn\u00e9 lo\u017eisko (z\u00e1ves \/ p\u00e1nt) pre otv\u00e1rav\u00e9 a otv\u00e1ravo-sklopn\u00e9 okn\u00e1 a balk\u00f3nov\u00e9 dvere. S\u00fa\u010das\u0165ou balenia s\u00fa aj mont\u00e1\u017ene skrutky so samoreznou hl\u00e1vkou do plastu.<\/p>\n<h4><strong>Technick\u00e9 \u00fadaje:<\/strong><\/h4>\n<ul>\n<li>d\u013a\u017eka 90 mm<\/li>\n<li>zadn\u00e9 kol\u00edky 20 mm<\/li>\n<li>rozte\u010d medzi zadn\u00fdmi kol\u00edkmi 48 mm<\/li>\n<li>pravo-lav\u00e9<\/li>\n<li>farba strieborn\u00e1<\/li>\n<\/ul>\n","protected":false},"excerpt":{"rendered":"<p>Winkhaus AUTO PILOT spodn\u00e9 lo\u017eisko (z\u00e1ves \/ p\u00e1nt) pre otv\u00e1rav\u00e9 a otv\u00e1ravo-sklopn\u00e9 okn\u00e1 a balk\u00f3nov\u00e9 dvere<\/p>\n","protected":false},"featured_media":18909,"comment_status":"open","ping_status":"closed","template":"","meta":[],"product_cat":[68,211,101],"product_tag":[],"_links":{"self":[{"href":"https:\/\/www.brikol.sk\/fr\/wp-json\/wp\/v2\/product\/18907"}],"collection":[{"href":"https:\/\/www.brikol.sk\/fr\/wp-json\/wp\/v2\/product"}],"about":[{"href":"https:\/\/www.brikol.sk\/fr\/wp-json\/wp\/v2\/types\/product"}],"replies":[{"embeddable":true,"href":"https:\/\/www.brikol.sk\/fr\/wp-json\/wp\/v2\/comments?post=18907"}],"wp:featuredmedia":[{"embeddable":true,"href":"https:\/\/www.brikol.sk\/fr\/wp-json\/wp\/v2\/media\/18909"}],"wp:attachment":[{"href":"https:\/\/www.brikol.sk\/fr\/wp-json\/wp\/v2\/media?parent=18907"}],"wp:term":[{"taxonomy":"product_cat","embeddable":true,"href":"https:\/\/www.brikol.sk\/fr\/wp-json\/wp\/v2\/product_cat?post=18907"},{"taxonomy":"product_tag","embeddable":true,"href":"https:\/\/www.brikol.sk\/fr\/wp-json\/wp\/v2\/product_tag?post=18907"}],"curies":[{"name":"wp","href":"https:\/\/api.w.org\/{rel}","templated":true}]}}