{"id":19089,"date":"2024-06-25T09:59:04","date_gmt":"2024-06-25T07:59:04","guid":{"rendered":"https:\/\/www.brikol.sk\/?post_type=product&#038;p=19089"},"modified":"2026-03-20T12:29:48","modified_gmt":"2026-03-20T11:29:48","slug":"roh-pre-okenne-siete","status":"publish","type":"product","link":"https:\/\/www.brikol.sk\/fr\/produkt\/roh-pre-okenne-siete\/","title":{"rendered":"Roh pre okenn\u00e9 siete"},"content":{"rendered":"<p><strong>Roh pre okenn\u00e9 siete <\/strong><\/p>\n<p>Rohovn\u00edk sl\u00fa\u017ei na spojenie r\u00e1mu siete proti hmyzu.<\/p>\n<p>V bielom, svetlohnedom alebo tmavohnedom farebnom preveden\u00ed<\/p>\n","protected":false},"excerpt":{"rendered":"<p>Roh pre okenn\u00e9 siete sl\u00fa\u017ei na spojenie r\u00e1mu siete proti hmyzu .<\/p>\n","protected":false},"featured_media":19100,"comment_status":"open","ping_status":"closed","template":"","meta":[],"product_cat":[83,100],"product_tag":[],"_links":{"self":[{"href":"https:\/\/www.brikol.sk\/fr\/wp-json\/wp\/v2\/product\/19089"}],"collection":[{"href":"https:\/\/www.brikol.sk\/fr\/wp-json\/wp\/v2\/product"}],"about":[{"href":"https:\/\/www.brikol.sk\/fr\/wp-json\/wp\/v2\/types\/product"}],"replies":[{"embeddable":true,"href":"https:\/\/www.brikol.sk\/fr\/wp-json\/wp\/v2\/comments?post=19089"}],"wp:featuredmedia":[{"embeddable":true,"href":"https:\/\/www.brikol.sk\/fr\/wp-json\/wp\/v2\/media\/19100"}],"wp:attachment":[{"href":"https:\/\/www.brikol.sk\/fr\/wp-json\/wp\/v2\/media?parent=19089"}],"wp:term":[{"taxonomy":"product_cat","embeddable":true,"href":"https:\/\/www.brikol.sk\/fr\/wp-json\/wp\/v2\/product_cat?post=19089"},{"taxonomy":"product_tag","embeddable":true,"href":"https:\/\/www.brikol.sk\/fr\/wp-json\/wp\/v2\/product_tag?post=19089"}],"curies":[{"name":"wp","href":"https:\/\/api.w.org\/{rel}","templated":true}]}}