{"id":19345,"date":"2024-07-12T09:36:18","date_gmt":"2024-07-12T07:36:18","guid":{"rendered":"https:\/\/www.brikol.sk\/?post_type=product&#038;p=19345"},"modified":"2026-01-08T11:28:54","modified_gmt":"2026-01-08T10:28:54","slug":"prisavkovy-zdvihak-bohle","status":"publish","type":"product","link":"https:\/\/www.brikol.sk\/fr\/produkt\/prisavkovy-zdvihak-bohle\/","title":{"rendered":"Pr\u00edsavkov\u00fd zdvih\u00e1k BOHLE \/ ks"},"content":{"rendered":"<p><strong>Pr\u00edsavkov\u00fd zdvih\u00e1k BOHLE<\/strong><\/p>\n<p>4010122099338 2-hlavov\u00fd zdvih\u00e1k Varibor, model BO 602.1G<\/p>\n<ul>\n<li>proti\u0161mykov\u00e1 plocha na uchopenie<\/li>\n<li>rovnobe\u017en\u00fd smer pren\u00e1\u0161ania<\/li>\n<li>nosnos\u0165 s vojit\u00fdm bezpe\u010dnostn\u00fdm faktorom<\/li>\n<li>vhodn\u00fd na v\u0161etky materi\u00e1ly a predmety s plynotesn\u00fdm povrchom<\/li>\n<\/ul>\n<p>BOHLE pr\u00edsavkov\u00fd zdvih\u00e1k Trgf. 50kg hlava-d. 120mm 2 hlavy KU. VERIBO<\/p>\n<p>\u010d\u00edslo v\u00fdrobku. : 602.1G<\/p>\n<p>EAN 4010122099338<\/p>\n<p>2-hlavov\u00e9 plastov\u00e9 telo s pozd\u013a\u017enou rukov\u00e4\u0165ou &#8211; vytvorenie v\u00e1kua preklopen\u00edm prep\u00ednacej p\u00e1ky. Vhodn\u00fd na v\u0161etky mater\u00e1ly s hladk\u00fdm a plynotesn\u00fdm povrchom &#8211; sklo, plastov\u00e9 dosky, plech, lakovan\u00e9 drevo, mramor, dla\u017edice at\u010f.<\/p>\n<p>Gumov\u00e9 disky sa daj\u00fa vymeni\u0165. Smar podpory &#8211; paraleln\u00fd<\/p>\n<p><span style=\"font-size: 75%;\">Tovar je na externom sklade jeho expedovanie je do 2 &#8211; 3 pracovn\u00fdch dn\u00ed<\/span><\/p>\n<p>&nbsp;<\/p>\n<p>&nbsp;<\/p>\n<p>&nbsp;<\/p>\n","protected":false},"excerpt":{"rendered":"<p><strong>Pr\u00edsavkov\u00fd zdvih\u00e1k BOHLE<\/strong><\/p>\n<p>2-hlavov\u00e9 plastov\u00e9 telo s pozd\u013a\u017enou rukov\u00e4\u0165ou &#8211; vytvorenie v\u00e1kua preklopen\u00edm prep\u00ednacej p\u00e1ky. Vhodn\u00fd na v\u0161etky mater\u00e1ly s hladk\u00fdm a plynotesn\u00fdm povrchom &#8211; sklo, plastov\u00e9 dosky, plech, lakovan\u00e9 drevo, mramor, dla\u017edice at\u010f.<\/p>\n<ul>\n<li>proti\u0161mykov\u00e1 plocha na uchopenie<\/li>\n<li>rovnobe\u017en\u00fd smer pren\u00e1\u0161ania<\/li>\n<li>nosnos\u0165 s vojit\u00fdm bezpe\u010dnostn\u00fdm faktorom<\/li>\n<li>vhodn\u00fd na v\u0161etky materi\u00e1ly a predmety s plynotesn\u00fdm povrchom<\/li>\n<\/ul>\n","protected":false},"featured_media":19347,"comment_status":"open","ping_status":"closed","template":"","meta":[],"product_cat":[68,212,81],"product_tag":[],"_links":{"self":[{"href":"https:\/\/www.brikol.sk\/fr\/wp-json\/wp\/v2\/product\/19345"}],"collection":[{"href":"https:\/\/www.brikol.sk\/fr\/wp-json\/wp\/v2\/product"}],"about":[{"href":"https:\/\/www.brikol.sk\/fr\/wp-json\/wp\/v2\/types\/product"}],"replies":[{"embeddable":true,"href":"https:\/\/www.brikol.sk\/fr\/wp-json\/wp\/v2\/comments?post=19345"}],"wp:featuredmedia":[{"embeddable":true,"href":"https:\/\/www.brikol.sk\/fr\/wp-json\/wp\/v2\/media\/19347"}],"wp:attachment":[{"href":"https:\/\/www.brikol.sk\/fr\/wp-json\/wp\/v2\/media?parent=19345"}],"wp:term":[{"taxonomy":"product_cat","embeddable":true,"href":"https:\/\/www.brikol.sk\/fr\/wp-json\/wp\/v2\/product_cat?post=19345"},{"taxonomy":"product_tag","embeddable":true,"href":"https:\/\/www.brikol.sk\/fr\/wp-json\/wp\/v2\/product_tag?post=19345"}],"curies":[{"name":"wp","href":"https:\/\/api.w.org\/{rel}","templated":true}]}}