{"id":19530,"date":"2024-08-02T07:29:23","date_gmt":"2024-08-02T05:29:23","guid":{"rendered":"https:\/\/www.brikol.sk\/?post_type=product&#038;p=19530"},"modified":"2025-11-05T10:08:18","modified_gmt":"2025-11-05T09:08:18","slug":"aa295-natufix","status":"publish","type":"product","link":"https:\/\/www.brikol.sk\/fr\/produkt\/aa295-natufix\/","title":{"rendered":"AA295 NATUFIX"},"content":{"rendered":"<p><strong>AA295 NATUFIX<\/strong><\/p>\n<p>\u010cistiaci pr\u00edpravok na pr\u00edrodnej b\u00e1ze, \u0161etrn\u00fd k \u017eivotn\u00e9mu prostrediu.<\/p>\n<p>Pri pou\u017eit\u00ed dbajte na celkov\u00fa hygienu pr\u00e1ce. \u010eal\u0161ie inform\u00e1cie n\u00e1jdete na etikete alebo v bezpe\u010dnostnom liste.<\/p>\n<p>V\u00fdhody produktu:<\/p>\n<div id=\"product-details-benefits-content\" class=\"product-details__content is-active my-4 f-body-large\" role=\"region\" aria-labelledby=\"product-details-benefits-toggle\">\n<ul>\n<li>Pr\u00edrodn\u00e1 b\u00e1za<\/li>\n<li>Profesion\u00e1lne rie\u0161enie pre stavebn\u00edctvo<\/li>\n<li>R\u00fdchlo rozp\u00fa\u0161\u0165a nevytvrdnut\u00fd tmel, farbu, lepidlo a polyuret\u00e1nov\u00fa penu, taktie\u017e olej, decht a mastnotu<\/li>\n<li>Nahr\u00e1dza rozp\u00fa\u0161\u0165adl\u00e1, ako s\u00fa riedidlo, terpent\u00edn a pod.<\/li>\n<\/ul>\n<\/div>\n<p>&nbsp;<\/p>\n<p><span style=\"text-decoration: underline;\"><strong>Na stiahnutie <\/strong><\/span><\/p>\n<p><a href=\"https:\/\/www.brikol.sk\/wp-content\/uploads\/2024\/08\/MSDS_A-I-AA295_v4-SK-SK.pdf\">MSDS_A-I-AA295_(v4-SK-SK)<\/a><\/p>\n<p><a href=\"https:\/\/www.brikol.sk\/wp-content\/uploads\/2024\/08\/Technicky-list-AA295.pdf\">Technick\u00fd list AA295<\/a><\/p>\n<p>&nbsp;<\/p>\n<p><span style=\"font-size: 75%;\">Tovar je na externom sklade jeho expedovanie je do 2 &#8211; 3 pracovn\u00fdch dn\u00ed<\/span><\/p>\n","protected":false},"excerpt":{"rendered":"<p>\u010cistiaci pr\u00edpravok na pr\u00edrodnej b\u00e1ze, \u0161etrn\u00fd k \u017eivotn\u00e9mu prostrediu.<\/p>\n<p>Pri pou\u017eit\u00ed dbajte na celkov\u00fa hygienu pr\u00e1ce. \u010eal\u0161ie inform\u00e1cie n\u00e1jdete na etikete alebo v bezpe\u010dnostnom liste.<\/p>\n<p>V\u00fdhody produktu:<\/p>\n<div id=\"product-details-benefits-content\" class=\"product-details__content is-active my-4 f-body-large\" role=\"region\" aria-labelledby=\"product-details-benefits-toggle\">\n<ul>\n<li>Pr\u00edrodn\u00e1 b\u00e1za<\/li>\n<li>Profesion\u00e1lne rie\u0161enie pre stavebn\u00edctvo<\/li>\n<li>R\u00fdchlo rozp\u00fa\u0161\u0165a nevytvrdnut\u00fd tmel, farbu, lepidlo a polyuret\u00e1nov\u00fa penu, taktie\u017e olej, decht a mastnotu<\/li>\n<li>Nahr\u00e1dza rozp\u00fa\u0161\u0165adl\u00e1, ako s\u00fa riedidlo, terpent\u00edn a pod.<\/li>\n<\/ul>\n<\/div>\n<p>&nbsp;<\/p>\n","protected":false},"featured_media":19542,"comment_status":"open","ping_status":"closed","template":"","meta":[],"product_cat":[81],"product_tag":[],"_links":{"self":[{"href":"https:\/\/www.brikol.sk\/fr\/wp-json\/wp\/v2\/product\/19530"}],"collection":[{"href":"https:\/\/www.brikol.sk\/fr\/wp-json\/wp\/v2\/product"}],"about":[{"href":"https:\/\/www.brikol.sk\/fr\/wp-json\/wp\/v2\/types\/product"}],"replies":[{"embeddable":true,"href":"https:\/\/www.brikol.sk\/fr\/wp-json\/wp\/v2\/comments?post=19530"}],"wp:featuredmedia":[{"embeddable":true,"href":"https:\/\/www.brikol.sk\/fr\/wp-json\/wp\/v2\/media\/19542"}],"wp:attachment":[{"href":"https:\/\/www.brikol.sk\/fr\/wp-json\/wp\/v2\/media?parent=19530"}],"wp:term":[{"taxonomy":"product_cat","embeddable":true,"href":"https:\/\/www.brikol.sk\/fr\/wp-json\/wp\/v2\/product_cat?post=19530"},{"taxonomy":"product_tag","embeddable":true,"href":"https:\/\/www.brikol.sk\/fr\/wp-json\/wp\/v2\/product_tag?post=19530"}],"curies":[{"name":"wp","href":"https:\/\/api.w.org\/{rel}","templated":true}]}}