{"id":2114,"date":"2020-05-13T10:01:06","date_gmt":"2020-05-13T08:01:06","guid":{"rendered":"https:\/\/www.brikol.sk\/?post_type=product&#038;p=2114"},"modified":"2026-03-10T10:15:58","modified_gmt":"2026-03-10T09:15:58","slug":"klucka-klucka-wala-92-mm","status":"publish","type":"product","link":"https:\/\/www.brikol.sk\/fr\/produkt\/klucka-klucka-wala-92-mm\/","title":{"rendered":"K\u013eu\u010dka &#8211; k\u013eu\u010dka WALA LM 92 mm"},"content":{"rendered":"<p><strong>K\u013eu\u010dka &#8211; k\u013eu\u010dka WALA LM 92 mm<\/strong><\/p>\n<p>Spevnen\u00e1 k\u013eu\u010dka od v\u00fdrobcu WALA pre plastov\u00e9, hlin\u00edkov\u00e9 a dvereven\u00e9 dvere. V gal\u00e9rii n\u00e1jdete obr\u00e1zok s k\u00f3tovan\u00edm, pod\u013ea ktor\u00e9ho si treba skontrolova\u0165 rozmery k\u013eu\u010dky<\/p>\n","protected":false},"excerpt":{"rendered":"<p>K\u013eu\u010dka &#8211; k\u013eu\u010dka WALA LM 92 mm Spevnen\u00e1 k\u013eu\u010dka od v\u00fdrobcu WALA pre plastov\u00e9, hlin\u00edkov\u00e9 a dvereven\u00e9 dvere. V gal\u00e9rii n\u00e1jdete obr\u00e1zok s k\u00f3tovan\u00edm, pod\u013ea ktor\u00e9ho si treba skontrolova\u0165 rozmery k\u013eu\u010dky<\/p>\n","protected":false},"featured_media":2115,"comment_status":"open","ping_status":"closed","template":"","meta":[],"product_cat":[82,214],"product_tag":[],"_links":{"self":[{"href":"https:\/\/www.brikol.sk\/fr\/wp-json\/wp\/v2\/product\/2114"}],"collection":[{"href":"https:\/\/www.brikol.sk\/fr\/wp-json\/wp\/v2\/product"}],"about":[{"href":"https:\/\/www.brikol.sk\/fr\/wp-json\/wp\/v2\/types\/product"}],"replies":[{"embeddable":true,"href":"https:\/\/www.brikol.sk\/fr\/wp-json\/wp\/v2\/comments?post=2114"}],"wp:featuredmedia":[{"embeddable":true,"href":"https:\/\/www.brikol.sk\/fr\/wp-json\/wp\/v2\/media\/2115"}],"wp:attachment":[{"href":"https:\/\/www.brikol.sk\/fr\/wp-json\/wp\/v2\/media?parent=2114"}],"wp:term":[{"taxonomy":"product_cat","embeddable":true,"href":"https:\/\/www.brikol.sk\/fr\/wp-json\/wp\/v2\/product_cat?post=2114"},{"taxonomy":"product_tag","embeddable":true,"href":"https:\/\/www.brikol.sk\/fr\/wp-json\/wp\/v2\/product_tag?post=2114"}],"curies":[{"name":"wp","href":"https:\/\/api.w.org\/{rel}","templated":true}]}}