{"id":21733,"date":"2025-05-13T13:28:33","date_gmt":"2025-05-13T11:28:33","guid":{"rendered":"https:\/\/www.brikol.sk\/?post_type=product&#038;p=21733"},"modified":"2026-04-19T12:50:12","modified_gmt":"2026-04-19T10:50:12","slug":"silikon-s-hubkou-2","status":"publish","type":"product","link":"https:\/\/www.brikol.sk\/fr\/produkt\/silikon-s-hubkou-2\/","title":{"rendered":"Silik\u00f3nov\u00fd olej s hubkou \/ ks"},"content":{"rendered":"<div id=\"silikon-s-hubkou\">\n<h1 data-sourcepos=\"7:1-7:72\"><span style=\"font-size: 80%;\"><strong>Silik\u00f3n s hubkou: V\u00e1\u0161 efekt\u00edvny pomocn\u00edk pre \u00fadr\u017ebu okenn\u00fdch tesnen\u00ed<\/strong><\/span><\/h1>\n<p data-sourcepos=\"9:1-9:297\">H\u013ead\u00e1te jednoduch\u00fd a \u00fa\u010dinn\u00fd sp\u00f4sob, ako sa postara\u0165 o gumov\u00e9 tesnenia na okn\u00e1ch a pred\u013a\u017ei\u0165 ich \u017eivotnos\u0165? Rie\u0161en\u00edm je Silik\u00f3n s hubkou \u2013 praktick\u00fd pr\u00edpravok, ktor\u00fd sp\u00e1ja kvalitn\u00fd silik\u00f3nov\u00fd olej a \u0161ikovn\u00fd aplik\u00e1tor. Zabezpe\u010dte okn\u00e1m lep\u0161iu izol\u00e1ciu a bezprobl\u00e9mov\u00fa funk\u010dnos\u0165 po\u010das cel\u00e9ho roka.<\/p>\n<p data-sourcepos=\"11:1-11:310\">Tento Silik\u00f3n s hubkou sme vyvinuli na \u00fa\u010dinn\u00e9 o\u0161etrenie gumov\u00fdch a plastov\u00fdch tesnen\u00ed. Pom\u00e1ha chr\u00e1ni\u0165 materi\u00e1l pred starnut\u00edm, popraskan\u00edm a vplyvmi po\u010dasia. Medzi popredn\u00e9 produkty v tejto kateg\u00f3rii patr\u00ed napr\u00edklad aj Carlson O\u0161et\u0159en\u00ed Pry\u017eov\u00fdch D\u00edl\u016f, ktor\u00fd vyu\u017e\u00edva podobn\u00fd princ\u00edp aplik\u00e1cie a ochrany.<\/p>\n<h2 data-sourcepos=\"13:1-13:54\"><span style=\"font-size: 80%;\"><strong>Hlavn\u00e9 v\u00fdhody, ktor\u00e9 v\u00e1m Silik\u00f3n s hubkou prin\u00e1\u0161a:<\/strong><\/span><\/h2>\n<ul data-sourcepos=\"15:1-19:0\">\n<li data-sourcepos=\"15:1-15:175\">Jednoduch\u00e9 a \u010dist\u00e9 nan\u00e1\u0161anie: V\u010faka integrovanej hubke nanesiete silik\u00f3nov\u00fd olej priamo na tesnenie r\u00fdchlo, rovnomerne a bez zne\u010distenia r\u00fak. Je to maxim\u00e1lne jednoduch\u00e9.<\/li>\n<li data-sourcepos=\"16:1-16:189\">\u00da\u010dinn\u00e1 ochrana proti prim\u0155zaniu: Aplik\u00e1ciou pr\u00edpravku vytvor\u00edte na tesnen\u00ed ochrann\u00fa vrstvu, ktor\u00e1 \u00fa\u010dinne br\u00e1ni primrznutiu k r\u00e1mu okna po\u010das mrazov. Toto ocen\u00edte najm\u00e4 pred zimou.<\/li>\n<li data-sourcepos=\"17:1-17:247\">Obnovenie pru\u017enosti a pred\u013a\u017eenie \u017eivotnosti: Silik\u00f3nov\u00fd olej udr\u017eiava gumov\u00e9 tesnenia pru\u017en\u00e9 a elastick\u00e9. Chr\u00e1ni ich pred vysychan\u00edm a krehnut\u00edm, \u010d\u00edm v\u00fdrazne predl\u017euje ich \u017eivotnos\u0165. Tesnenia m\u00f4\u017eete o\u0161etri\u0165 aj po zime na ich regener\u00e1ciu.<\/li>\n<li data-sourcepos=\"18:1-19:0\">Ide\u00e1lna s\u00fa\u010das\u0165 \u00fadr\u017eby: Silik\u00f3n s hubkou \u013eahko zarad\u00edte do pravidelnej Starostlivosti o okenn\u00e9 tesnenia. Najlep\u0161\u00ed \u010das na jeho aplik\u00e1ciu je napr\u00edklad pri um\u00fdvan\u00ed okien.<\/li>\n<\/ul>\n<p data-sourcepos=\"20:1-20:157\">Pravideln\u00e1 \u00fadr\u017eba s Silik\u00f3nom s hubkou pom\u00e1ha zachova\u0165 tesniace vlastnosti okien, zlep\u0161uje izol\u00e1ciu a prispieva k celkov\u00e9mu komfortu vo va\u0161om domove.<\/p>\n<p data-sourcepos=\"22:1-22:99\">Investujte do Silik\u00f3nu s hubkou a doprajte svojim okenn\u00fdm tesneniam t\u00fa najlep\u0161iu starostlivos\u0165!<\/p>\n<h2 data-sourcepos=\"24:1-24:22\"><span style=\"font-size: 80%;\"><strong>N\u00e1vod na pou\u017eitie:<\/strong><\/span><\/h2>\n<ol data-sourcepos=\"26:1-31:0\">\n<li data-sourcepos=\"26:1-26:82\">Pred pou\u017eit\u00edm pr\u00edpravku o\u010distite gumov\u00e9 tesnenie od hrubej ne\u010distoty a prachu.<\/li>\n<li data-sourcepos=\"27:1-27:36\">Pred pou\u017eit\u00edm pretrepte balenie.<\/li>\n<li data-sourcepos=\"28:1-28:66\">Rovnomerne naneste pr\u00edpravok na cel\u00fd povrch gumov\u00e9ho tesnenia.<\/li>\n<li data-sourcepos=\"29:1-29:93\">Nechajte pr\u00edpravok chv\u00ed\u013eu vsiaknu\u0165. Prebyto\u010dn\u00fd pr\u00edpravok m\u00f4\u017eete utrie\u0165 \u010distou handri\u010dkou.<\/li>\n<li data-sourcepos=\"30:1-31:0\">Aplik\u00e1ciu opakujte pravidelne, najm\u00e4 pred zimn\u00fdm obdob\u00edm a pod\u013ea potreby.<\/li>\n<\/ol>\n<p data-sourcepos=\"40:1-40:155\">\n<\/div>\n","protected":false},"excerpt":{"rendered":"<p data-sourcepos=\"5:1-5:60\"><strong>Silik\u00f3n s hubkou: \u00da\u010dinn\u00e1 starostlivos\u0165 o gumov\u00e9 tesnenia<\/strong><\/p>\n<p data-sourcepos=\"7:1-7:354\"><strong>Silik\u00f3n s hubkou<\/strong> je ide\u00e1lny pr\u00edpravok na \u00fadr\u017ebu gumov\u00fdch tesnen\u00ed na okn\u00e1ch a dver\u00e1ch. Tento silik\u00f3nov\u00fd olej s praktick\u00fdm aplik\u00e1torom chr\u00e1ni tesnenia pred prim\u0155zan\u00edm, udr\u017euje ich pru\u017en\u00e9 a v\u00fdrazne predl\u017euje ich \u017eivotnos\u0165. Zlep\u0161ite tesniace vlastnosti a izol\u00e1ciu jednoduchou aplik\u00e1ciou. Pou\u017e\u00edvajte pravidelne pre optim\u00e1lnu ochranu, najm\u00e4 <strong>pred zimou<\/strong>.<\/p>\n<p data-sourcepos=\"5:1-5:364\">\n","protected":false},"featured_media":21735,"comment_status":"closed","ping_status":"closed","template":"","meta":[],"product_cat":[73,74,212],"product_tag":[],"_links":{"self":[{"href":"https:\/\/www.brikol.sk\/fr\/wp-json\/wp\/v2\/product\/21733"}],"collection":[{"href":"https:\/\/www.brikol.sk\/fr\/wp-json\/wp\/v2\/product"}],"about":[{"href":"https:\/\/www.brikol.sk\/fr\/wp-json\/wp\/v2\/types\/product"}],"replies":[{"embeddable":true,"href":"https:\/\/www.brikol.sk\/fr\/wp-json\/wp\/v2\/comments?post=21733"}],"wp:featuredmedia":[{"embeddable":true,"href":"https:\/\/www.brikol.sk\/fr\/wp-json\/wp\/v2\/media\/21735"}],"wp:attachment":[{"href":"https:\/\/www.brikol.sk\/fr\/wp-json\/wp\/v2\/media?parent=21733"}],"wp:term":[{"taxonomy":"product_cat","embeddable":true,"href":"https:\/\/www.brikol.sk\/fr\/wp-json\/wp\/v2\/product_cat?post=21733"},{"taxonomy":"product_tag","embeddable":true,"href":"https:\/\/www.brikol.sk\/fr\/wp-json\/wp\/v2\/product_tag?post=21733"}],"curies":[{"name":"wp","href":"https:\/\/api.w.org\/{rel}","templated":true}]}}