{"id":22197,"date":"2025-06-26T14:21:59","date_gmt":"2025-06-26T12:21:59","guid":{"rendered":"https:\/\/www.brikol.sk\/?post_type=product&#038;p=22197"},"modified":"2026-01-08T08:28:38","modified_gmt":"2026-01-08T07:28:38","slug":"krytky-pantov-roto-nx-pre-plastove-okna-sada-kopia","status":"publish","type":"product","link":"https:\/\/www.brikol.sk\/fr\/produkt\/krytky-pantov-roto-nx-pre-plastove-okna-sada-kopia\/","title":{"rendered":"Krytky p\u00e1ntov ROTO NX pre plastov\u00e9 okn\u00e1 \/ sada"},"content":{"rendered":"<h1><span style=\"font-size: 85%;\"><b>Krytky p\u00e1ntov ROTO NX: Funk\u010dnos\u0165 a dizajn pre modern\u00e9 okn\u00e1<\/b><\/span><\/h1>\n<p>H\u013ead\u00e1te rie\u0161enie, ktor\u00e9 vizu\u00e1lne dotvor\u00ed va\u0161e plastov\u00e9 okn\u00e1 vybaven\u00e9 inovat\u00edvnym kovan\u00edm ROTO NX a z\u00e1rove\u0148 ochr\u00e1ni ich mechanick\u00e9 komponenty? Na\u0161e krytky p\u00e1ntov ROTO NX predstavuj\u00fa optim\u00e1lne rie\u0161enie. Sp\u00e1jaj\u00fa \u0161pi\u010dkov\u00fa estetiku s pred\u013a\u017eenou \u017eivotnos\u0165ou okenn\u00e9ho kovania, \u010d\u00edm zabezpe\u010duj\u00fa plynul\u00fa integr\u00e1ciu do celkov\u00e9ho dizajnu okna. Okrem toho pon\u00fakame \u0161irok\u00fd sortiment t\u00fdchto krytiek v \u0161tandardn\u00fdch farebn\u00fdch prevedeniach, \u010do v\u00e1m umo\u017e\u0148uje dosiahnu\u0165 harmonick\u00fd vzh\u013ead okna.<\/p>\n<h2><span style=\"font-size: 80%;\"><b>K\u013e\u00fa\u010dov\u00e9 v\u00fdhody krytiek p\u00e1ntov ROTO NX:<\/b><\/span><\/h2>\n<ul>\n<li><b>\u0160pecifick\u00e1 kompatibilita s ROTO NX:<\/b> Krytky sme navrhli a vyrobili s prec\u00edznou toleranciou pre bezprobl\u00e9mov\u00fa in\u0161tal\u00e1ciu na p\u00e1nty syst\u00e9mu ROTO NX. V\u010faka tomu zabezpe\u010duje dokonal\u00e9 l\u00edcovanie a spo\u013eahliv\u00fa funk\u010dnos\u0165.<\/li>\n<li><b>Minimalistick\u00fd estetick\u00fd vzh\u013ead:<\/b> V\u010faka ich dizajnu krytky elegantne prekr\u00fdvaj\u00fa vidite\u013en\u00e9 \u010dasti p\u00e1ntov, \u010d\u00edm dod\u00e1vaj\u00fa okn\u00e1m \u010dist\u00fa a modern\u00fa l\u00edniu. Prispievaj\u00fa k celkov\u00e9mu minimalistick\u00e9mu v\u00fdrazu okna a interi\u00e9ru. Navy\u0161e, vybra\u0165 si m\u00f4\u017eete z\u00a0 farieb: biela, bronzov\u00e1, tmavohned\u00e1, siv\u00e1, titan\u00a0 ktor\u00e9 harmonizuj\u00fa s be\u017ene pou\u017e\u00edvan\u00fdmi profilmi.<\/li>\n<li><b>Jednoduch\u00e1 a r\u00fdchla in\u0161tal\u00e1cia:<\/b> Mont\u00e1\u017e krytiek prebieha bez potreby \u0161pecializovan\u00e9ho n\u00e1radia. U\u017e\u00edvate\u013e ju zvl\u00e1dne intuit\u00edvne a r\u00fdchlo, \u010d\u00edm \u0161etr\u00ed \u010das aj pr\u00edpadn\u00e9 n\u00e1klady na profesion\u00e1lnu mont\u00e1\u017e.<\/li>\n<li><b>Zv\u00fd\u0161en\u00e1 ochrana a \u017eivotnos\u0165 kovania:<\/b> Krytky \u00fa\u010dinne chr\u00e1nia p\u00e1nty pred usadzovan\u00edm prachu, ne\u010dist\u00f4t a pred negat\u00edvnymi vplyvmi po\u010dasia. T\u00e1to ochrana v\u00fdrazne predl\u017euje \u017eivotnos\u0165 kovania a zabezpe\u010duje jeho dlhodob\u00fa, bezchybn\u00fa funkciu.<\/li>\n<li><b>Vysokokvalitn\u00fd materi\u00e1l s odolnos\u0165ou:<\/b> V\u00fdroba prebieha z kvalitn\u00fdch polym\u00e9rnych materi\u00e1lov, ktor\u00e9 vykazuj\u00fa vysok\u00fa odolnos\u0165 vo\u010di UV \u017eiareniu a poveternostn\u00fdm vplyvom. T\u00fdm p\u00e1dom si krytky dlhodobo udr\u017eia svoju farbu a \u0161truktur\u00e1lnu integritu aj pri intenz\u00edvnom vystaven\u00ed exteri\u00e9rov\u00fdm podmienkam.<\/li>\n<\/ul>\n<h2><span style=\"font-size: 80%;\"><b>Pre\u010do nakupova\u0165 u n\u00e1s?<\/b><\/span><\/h2>\n<p>V na\u0161om e-shope n\u00e1jdete komplexn\u00fd sortiment krytiek ROTO NX. \u00a0Z\u00e1kazn\u00edkom zabezpe\u010dujeme expresn\u00e9 doru\u010denie objednan\u00fdch krytiek a tie\u017e v pr\u00edpade ak\u00fdchko\u013evek ot\u00e1zok poskytujeme profesion\u00e1lne poradenstvo pri v\u00fdbere spr\u00e1vnych komponentov pre va\u0161e okn\u00e1.<\/p>\n<p><b>Presn\u00e9 rozmery krytiek p\u00e1ntov ROTO NX (Technick\u00e9 \u0161pecifik\u00e1cie):<\/b><\/p>\n<ul>\n<li>D\u013a\u017eka vrchnej krytky r\u00e1mov\u00e9ho lo\u017eiska: 90 mm, rozte\u010d 41 mm<\/li>\n<li>D\u013a\u017eka vrchnej krytky kr\u00eddlov\u00e9ho uholn\u00edku: 60 mm<\/li>\n<li>V\u00fd\u0161ka spodnej krytky r\u00e1mov\u00e9ho dielu: 88 mm<\/li>\n<li>Ve\u013ekos\u0165 malej spodnej krytky r\u00e1mov\u00e9ho dielu: 23mm<\/li>\n<li>D\u013a\u017eka spodnej krytky kr\u00eddlov\u00e9ho dielu: 88 mm<\/li>\n<\/ul>\n<p>Objednajte si <b>krytky p\u00e1ntov ROTO NX<\/b> e\u0161te dnes a dodajte svojim okn\u00e1m dokonal\u00fd vzh\u013ead a zv\u00fd\u0161en\u00fa ochranu!<\/p>\n","protected":false},"excerpt":{"rendered":"<p>Origin\u00e1lne krytky p\u00e1ntov ROTO NX pre plastov\u00e9 okn\u00e1 zais\u0165uj\u00fa dokonal\u00e9 zakrytie a ochranu p\u00e1ntov syst\u00e9mu ROTO NX.<\/p>\n<p>Dodajte svojim okn\u00e1m \u010dist\u00fd a modern\u00fd vzh\u013ead s prec\u00edznym dizajnom a jednoduchou mont\u00e1\u017eou.<\/p>\n<p>Dostupn\u00e9 vo farebn\u00fdch variantoch: Biela, tmavohned\u00e1, bronz, siv\u00e1, titan<\/p>\n<p>&nbsp;<\/p>\n","protected":false},"featured_media":22854,"comment_status":"closed","ping_status":"closed","template":"","meta":[],"product_cat":[93,212],"product_tag":[],"_links":{"self":[{"href":"https:\/\/www.brikol.sk\/fr\/wp-json\/wp\/v2\/product\/22197"}],"collection":[{"href":"https:\/\/www.brikol.sk\/fr\/wp-json\/wp\/v2\/product"}],"about":[{"href":"https:\/\/www.brikol.sk\/fr\/wp-json\/wp\/v2\/types\/product"}],"replies":[{"embeddable":true,"href":"https:\/\/www.brikol.sk\/fr\/wp-json\/wp\/v2\/comments?post=22197"}],"wp:featuredmedia":[{"embeddable":true,"href":"https:\/\/www.brikol.sk\/fr\/wp-json\/wp\/v2\/media\/22854"}],"wp:attachment":[{"href":"https:\/\/www.brikol.sk\/fr\/wp-json\/wp\/v2\/media?parent=22197"}],"wp:term":[{"taxonomy":"product_cat","embeddable":true,"href":"https:\/\/www.brikol.sk\/fr\/wp-json\/wp\/v2\/product_cat?post=22197"},{"taxonomy":"product_tag","embeddable":true,"href":"https:\/\/www.brikol.sk\/fr\/wp-json\/wp\/v2\/product_tag?post=22197"}],"curies":[{"name":"wp","href":"https:\/\/api.w.org\/{rel}","templated":true}]}}