{"id":2232,"date":"2020-06-01T09:06:19","date_gmt":"2020-06-01T07:06:19","guid":{"rendered":"https:\/\/www.brikol.sk\/?post_type=product&#038;p=2232"},"modified":"2026-03-06T09:23:25","modified_gmt":"2026-03-06T08:23:25","slug":"krytky-panov-winkhaus-active-pilot","status":"publish","type":"product","link":"https:\/\/www.brikol.sk\/fr\/produkt\/krytky-panov-winkhaus-active-pilot\/","title":{"rendered":"Krytky p\u00e1ntov Winkhaus ACTIVE PILOT pre plastov\u00e9 okn\u00e1 \/ sada"},"content":{"rendered":"<p>Sada krytiek na plastov\u00e9 okn\u00e1 s kovan\u00edm Winkhaus active pilot<\/p>\n<p>Vrchn\u00e1 krytka r\u00e1mov\u00e9ho lo\u017eiska &#8211; 91 mm, rozte\u010d 58 mm (K.SL.KS)<br \/>\nVrchn\u00e1 krytka kr\u00eddlov\u00e9ho uholn\u00edku &#8211; 56 mm (K.SK.WS)<br \/>\nSpodn\u00e1 krytka r\u00e1mov\u00e9ho dielu mal\u00e1 &#8211; 15 mm (ESV.WS)<br \/>\nSpodn\u00e1 krytka kr\u00eddlov\u00e9ho dielu -87 mm (K.FL.K)<\/p>\n","protected":false},"excerpt":{"rendered":"<p>Sada krytiek na plastov\u00e9 okn\u00e1 s kovan\u00edm Winkhaus active pilot<\/p>\n","protected":false},"featured_media":24026,"comment_status":"open","ping_status":"closed","template":"","meta":[],"product_cat":[68,211,101,212],"product_tag":[],"_links":{"self":[{"href":"https:\/\/www.brikol.sk\/fr\/wp-json\/wp\/v2\/product\/2232"}],"collection":[{"href":"https:\/\/www.brikol.sk\/fr\/wp-json\/wp\/v2\/product"}],"about":[{"href":"https:\/\/www.brikol.sk\/fr\/wp-json\/wp\/v2\/types\/product"}],"replies":[{"embeddable":true,"href":"https:\/\/www.brikol.sk\/fr\/wp-json\/wp\/v2\/comments?post=2232"}],"wp:featuredmedia":[{"embeddable":true,"href":"https:\/\/www.brikol.sk\/fr\/wp-json\/wp\/v2\/media\/24026"}],"wp:attachment":[{"href":"https:\/\/www.brikol.sk\/fr\/wp-json\/wp\/v2\/media?parent=2232"}],"wp:term":[{"taxonomy":"product_cat","embeddable":true,"href":"https:\/\/www.brikol.sk\/fr\/wp-json\/wp\/v2\/product_cat?post=2232"},{"taxonomy":"product_tag","embeddable":true,"href":"https:\/\/www.brikol.sk\/fr\/wp-json\/wp\/v2\/product_tag?post=2232"}],"curies":[{"name":"wp","href":"https:\/\/api.w.org\/{rel}","templated":true}]}}