{"id":255,"date":"2018-01-17T17:46:36","date_gmt":"2018-01-17T16:46:36","guid":{"rendered":"http:\/\/www.brikol.sk\/produkt\/spojka-gulickovej-snury-biela-ks\/"},"modified":"2026-04-22T22:44:18","modified_gmt":"2026-04-22T20:44:18","slug":"spojka-gulickovej-snury-2","status":"publish","type":"product","link":"https:\/\/www.brikol.sk\/fr\/produkt\/spojka-gulickovej-snury-2\/","title":{"rendered":"Spojka guli\u010dkovej \u0161n\u00fary (retiazky) \/ ks"},"content":{"rendered":"<p>Univerz\u00e1lna spojka ur\u010den\u00e1 pre horizont\u00e1lne \u017eal\u00fazie ovl\u00e1dan\u00e9 <span style=\"text-decoration: underline;\"><strong>retiazkou s priemerom 3,2 mm. <\/strong><\/span><\/p>\n<p>Konce <span style=\"text-decoration: underline;\"><span style=\"color: #000000; text-decoration: underline;\"><a style=\"color: #000000; text-decoration: underline;\" href=\"https:\/\/www.brikol.sk\/produkt\/gulickova-snura-retiazka-na-zaluzie-nahradne-diely-na-zaluzie\/\">guli\u010dkovej retiazky <\/a><\/span><\/span>sa jednoducho vlo\u017eia proti sebe do dr\u00e1\u017eok spojky a uzatvoria sa. Spojka sa zacvakne a ve\u013emi pevne dr\u017e\u00ed konce guli\u010dkovej retiazky.<\/p>\n<p>&nbsp;<\/p>\n<div class=\"tab tab-1\">\n<div class=\"text\">\n<p>&nbsp;<\/p>\n<\/div>\n<\/div>\n","protected":false},"excerpt":{"rendered":"<p>Univerz\u00e1lna spojka ur\u010den\u00e1 pre horizont\u00e1lne \u017eal\u00fazie ovl\u00e1dan\u00e9 <span style=\"text-decoration: underline;\"><strong>retiazkou s priemerom 3,2 mm.<\/strong><\/span><\/p>\n","protected":false},"featured_media":6359,"comment_status":"open","ping_status":"closed","template":"","meta":[],"product_cat":[65,87,85,84,86,88,96],"product_tag":[],"_links":{"self":[{"href":"https:\/\/www.brikol.sk\/fr\/wp-json\/wp\/v2\/product\/255"}],"collection":[{"href":"https:\/\/www.brikol.sk\/fr\/wp-json\/wp\/v2\/product"}],"about":[{"href":"https:\/\/www.brikol.sk\/fr\/wp-json\/wp\/v2\/types\/product"}],"replies":[{"embeddable":true,"href":"https:\/\/www.brikol.sk\/fr\/wp-json\/wp\/v2\/comments?post=255"}],"wp:featuredmedia":[{"embeddable":true,"href":"https:\/\/www.brikol.sk\/fr\/wp-json\/wp\/v2\/media\/6359"}],"wp:attachment":[{"href":"https:\/\/www.brikol.sk\/fr\/wp-json\/wp\/v2\/media?parent=255"}],"wp:term":[{"taxonomy":"product_cat","embeddable":true,"href":"https:\/\/www.brikol.sk\/fr\/wp-json\/wp\/v2\/product_cat?post=255"},{"taxonomy":"product_tag","embeddable":true,"href":"https:\/\/www.brikol.sk\/fr\/wp-json\/wp\/v2\/product_tag?post=255"}],"curies":[{"name":"wp","href":"https:\/\/api.w.org\/{rel}","templated":true}]}}