{"id":260,"date":"2018-01-17T17:46:36","date_gmt":"2018-01-17T16:46:36","guid":{"rendered":"http:\/\/www.brikol.sk\/produkt\/textilna-navijacia-paska-biela-bm\/"},"modified":"2026-04-25T12:09:47","modified_gmt":"2026-04-25T10:09:47","slug":"textilna-navijacia-paska-stuzka","status":"publish","type":"product","link":"https:\/\/www.brikol.sk\/fr\/produkt\/textilna-navijacia-paska-stuzka\/","title":{"rendered":"Textiln\u00e1 nav\u00edjacia p\u00e1ska (stu\u017eka) 5 mm\/ m"},"content":{"rendered":"<p>Textiln\u00e1 nav\u00edjacia p\u00e1ska (stu\u017eka) je ur\u010den\u00e1 pre v\u0161etky typy horizont\u00e1lnych \u017eal\u00fazi\u00ed. \u0160\u00edrka p\u00e1sky je 5 mm. Textiln\u00e1 p\u00e1ska funguje pri vy\u0165ahovan\u00ed horizont\u00e1lnej \u017eal\u00fazie.<\/p>\n<p>\u010cast\u00fdm pou\u017e\u00edvan\u00edm a dlh\u0161\u00edm vekom \u017eal\u00fazie sa textiln\u00e1 stu\u017eka m\u00f4\u017ee za\u010da\u0165 p\u00e1ra\u0165 alebo rovno roztrhn\u00fa\u0165. Pokia\u013e sa tak stane prestane plni\u0165 svoju funkciu a vy nebudete vedie\u0165 \u017eal\u00faziu vytiahnu\u0165 hore. V tom pr\u00edpade je potrebn\u00e9 textiln\u00fa p\u00e1sku na \u017eal\u00fazii vymeni\u0165.<\/p>\n<p>V na\u0161ej ponuke n\u00e1jdete najpou\u017e\u00edvanej\u0161ie farebn\u00e9 prevedenia textilnej nav\u00edjacej p\u00e1sky:<\/p>\n<ul>\n<li>Biela<\/li>\n<li>Svetlohned\u00e1<\/li>\n<li>Tmavohned\u00e1<\/li>\n<li>\u0160ed\u00e1<\/li>\n<\/ul>\n<p>Pri v\u00fdmene stu\u017eky potrebujeme:<\/p>\n<ul>\n<li>textiln\u00fa nav\u00edjaciu p\u00e1sku<\/li>\n<li><a href=\"https:\/\/www.brikol.sk\/produkt\/koncovka-textilnej-pasky-isoline\/\">koncovku textilnej p\u00e1sky<\/a><\/li>\n<li>\u0161raubov\u00e1k<\/li>\n<li>no\u017e\u00edk<\/li>\n<\/ul>\n<h2><span style=\"text-decoration: underline; font-size: 105%;\"><strong>Postup v\u00fdmeny:<\/strong><\/span><\/h2>\n<ol>\n<li>Namerajte si d\u013a\u017eku textilnej p\u00e1sky. Meriame od hornej hrany okna po spodn\u00fa. V\u017edy je lep\u0161ie vymeni\u0165 obe stu\u017eky v \u017eal\u00fazii naraz.<\/li>\n<li>\u017dal\u00faziu ru\u010dne vytiahneme na vrch. Odstr\u00e1nime bo\u010dn\u00e9 krytky na hornom nosn\u00edku. Odskrutkujeme \u0161rauby a \u017eal\u00faziu zlo\u017e\u00edme dole z r\u00e1mu okna. Pre odnesenie \u017eal\u00fazie od okna je potrebn\u00e9 e\u0161te vybra\u0165 <strong><a href=\"https:\/\/www.brikol.sk\/produkt\/fixacny-kolik-silonu\/\">fixa\u010dn\u00e9 kol\u00edky<\/a><\/strong> a <strong><a href=\"https:\/\/www.brikol.sk\/produkt\/silon-zilka-zaluzie\/\">vodiaci sil\u00f3n<\/a><\/strong> zo zasklievacej li\u0161ty.<\/li>\n<li>Z vrchn\u00e9ho profilu vyberieme z\u00e1kladn\u00fa \u010das\u0165 s veden\u00edm retiazky a uvo\u013en\u00edme vodiaci sil\u00f3n.<\/li>\n<li>Vysunieme ty\u010d z horn\u00e9ho profilu.<\/li>\n<li>Vycvakneme koncovku textilnej p\u00e1sky a vyberieme pozostatok starej textilnej stu\u017eky<\/li>\n<li>Povytiahneme kladku nav\u00edjania a vyberieme zvy\u0161n\u00fa \u010das\u0165 p\u00e1sky<\/li>\n<li>Nov\u00fa p\u00e1sku pretiahneme p\u00f4vodn\u00fdm otvorom v nav\u00edjacej klietke a zaist\u00edme ju pooto\u010den\u00edm nav\u00edjacej kladky<\/li>\n<li>Pre spr\u00e1vne fungovanie \u017eal\u00fazie sa musia v\u0161etky kladky na \u017eal\u00fazii nastavi\u0165 rovnak\u00fdm smerom<\/li>\n<li>N\u00e1sledne kladku zatla\u010d\u00edme<\/li>\n<li>P\u00e1sku prevle\u010dieme v\u0161etk\u00fdmi lamelami, pritom db\u00e1me na to aby rebr\u00ed\u010dek \u017eal\u00fazie bol na vn\u00fatornej strane lamiel. Pri navliekan\u00ed by sa stu\u017eka nemala nikde preto\u010di\u0165.<\/li>\n<li>Koniec p\u00e1sky zaist\u00edme koncovkou textilnej p\u00e1sky<\/li>\n<li>Do \u017eal\u00fazie vlo\u017e\u00edme ty\u010d v hornom profile, na ktor\u00fa nastokneme vedenie retiazky umiestnen\u00e9 v z\u00e1kladnej \u010dasti a zaist\u00edme sil\u00f3n vedenia.<\/li>\n<li>\u017dal\u00faziu znova zalo\u017e\u00edme na okno a nasad\u00edme bo\u010dn\u00e9 krytky. Pokia\u013e ste \u017eal\u00faziu skladali \u00faplne v tom pr\u00edpade ju priskrutkujte na okno, vodiaci sil\u00f3n s kol\u00edkmi vlo\u017ete do dierok na zasklievacej li\u0161te a vodiaci sil\u00f3n na\u0161ponujte v z\u00e1kladnej \u010dasti. Nakoniec zalo\u017ete bo\u010dn\u00e9 krytky.<\/li>\n<li>Po namontovan\u00ed vysk\u00fa\u0161ame \u010di sa \u017eal\u00fazia spr\u00e1vne nav\u00edja. Popr\u00edpade uvo\u013en\u00edme zais\u0165ovac\u00ed kol\u00edk v koncovke textilnej p\u00e1sky a d\u013a\u017eku textilnej p\u00e1sky uprav\u00edme<\/li>\n<\/ol>\n<p>&nbsp;<\/p>\n<p>Tovar zasielame balen\u00fd na cel\u00e9 metre. V pr\u00edpade v\u00e4\u010d\u0161ej objedn\u00e1vky nad 100 m p\u00e1sku rozde\u013eujeme kv\u00f4li lep\u0161ej manipul\u00e1cii.<br \/>\nNapr. pri objedn\u00e1vke 5 kusov v\u00e1m bude poslan\u00fdch 5 metrov vcelku<\/p>\n","protected":false},"excerpt":{"rendered":"<p>Textiln\u00e1 nav\u00edjacia p\u00e1ska (stu\u017eka), ur\u010den\u00e1 pre v\u0161etky typy horizont\u00e1lnych \u017eal\u00fazi\u00ed. Textiln\u00e1 p\u00e1ska sl\u00fa\u017ei na vy\u0165ahovanie horizont\u00e1lnej \u017eal\u00fazie. \u0160\u00edrka p\u00e1sky je 5 mm<\/p>\n","protected":false},"featured_media":594,"comment_status":"closed","ping_status":"closed","template":"","meta":[],"product_cat":[65,87,85,84,86,88],"product_tag":[],"_links":{"self":[{"href":"https:\/\/www.brikol.sk\/fr\/wp-json\/wp\/v2\/product\/260"}],"collection":[{"href":"https:\/\/www.brikol.sk\/fr\/wp-json\/wp\/v2\/product"}],"about":[{"href":"https:\/\/www.brikol.sk\/fr\/wp-json\/wp\/v2\/types\/product"}],"replies":[{"embeddable":true,"href":"https:\/\/www.brikol.sk\/fr\/wp-json\/wp\/v2\/comments?post=260"}],"wp:featuredmedia":[{"embeddable":true,"href":"https:\/\/www.brikol.sk\/fr\/wp-json\/wp\/v2\/media\/594"}],"wp:attachment":[{"href":"https:\/\/www.brikol.sk\/fr\/wp-json\/wp\/v2\/media?parent=260"}],"wp:term":[{"taxonomy":"product_cat","embeddable":true,"href":"https:\/\/www.brikol.sk\/fr\/wp-json\/wp\/v2\/product_cat?post=260"},{"taxonomy":"product_tag","embeddable":true,"href":"https:\/\/www.brikol.sk\/fr\/wp-json\/wp\/v2\/product_tag?post=260"}],"curies":[{"name":"wp","href":"https:\/\/api.w.org\/{rel}","templated":true}]}}