{"id":261,"date":"2018-01-17T17:46:36","date_gmt":"2018-01-17T16:46:36","guid":{"rendered":"http:\/\/www.brikol.sk\/produkt\/silon-08-mm-bm\/"},"modified":"2026-04-22T22:44:19","modified_gmt":"2026-04-22T20:44:19","slug":"vodiaci-silon-zilka-do-zaluzie","status":"publish","type":"product","link":"https:\/\/www.brikol.sk\/fr\/produkt\/vodiaci-silon-zilka-do-zaluzie\/","title":{"rendered":"Vodiaci sil\u00f3n (\u017eilka) do horizont\u00e1lnej \u017eal\u00fazie \u2013 UV odoln\u00fd\/ m"},"content":{"rendered":"<h2 data-start=\"422\" data-end=\"483\">Vodiaci sil\u00f3n (\u017eilka) do horizont\u00e1lnej \u017eal\u00fazie \u2013 UV odoln\u00fd<\/h2>\n<p data-start=\"485\" data-end=\"742\">Vodiaci sil\u00f3n (\u017eilka) do \u017eal\u00fazie sl\u00fa\u017ei na <strong data-start=\"527\" data-end=\"566\">bo\u010dn\u00e9 vedenie horizont\u00e1lnej \u017eal\u00fazie<\/strong>, aby pri manipul\u00e1cii dr\u017eala stabilne a neodst\u00e1vala od okna.<br data-start=\"626\" data-end=\"629\" \/>Zni\u017euje vychy\u013eovanie lamiel pri prievane a zabezpe\u010duje, \u017ee \u017eal\u00fazia zost\u00e1va v spr\u00e1vnej polohe po celej v\u00fd\u0161ke okna.<\/p>\n<p data-start=\"485\" data-end=\"742\">Sil\u00f3n je <strong data-start=\"753\" data-end=\"778\">zosilnen\u00fd a UV odoln\u00fd<\/strong>, v\u010faka \u010domu je vhodn\u00fd aj do okien s intenz\u00edvnym slne\u010dn\u00fdm \u017eiaren\u00edm a dlhodob\u00fdm vystaven\u00edm slnku<\/p>\n<h3 data-start=\"638\" data-end=\"656\"><strong><span style=\"font-size: 80%;\">Tip z praxe<\/span><\/strong><\/h3>\n<p data-start=\"658\" data-end=\"847\">Ak je vodiaci sil\u00f3n po\u0161koden\u00fd len na jednej strane, odpor\u00fa\u010dame vymeni\u0165 sil\u00f3n na oboch stran\u00e1ch \u017eal\u00fazie.<br data-start=\"761\" data-end=\"764\" \/>Zabezpe\u010d\u00edte tak rovnomern\u00e9 napnutie a pred\u00eddete r\u00fdchlemu opotrebeniu druhej strany.<\/p>\n<p data-start=\"744\" data-end=\"874\">.<\/p>\n<h2 data-start=\"881\" data-end=\"919\">\ud83d\udccf Predaj na metre \u2013 ako objedn\u00e1va\u0165<\/h2>\n<p data-start=\"920\" data-end=\"997\">Produkt sa pred\u00e1va <strong data-start=\"939\" data-end=\"956\">na cel\u00e9 metre<\/strong>.<br data-start=\"957\" data-end=\"960\" \/><strong data-start=\"960\" data-end=\"997\">1 kus = 1 meter vodiaceho sil\u00f3nu.<\/strong><\/p>\n<p data-start=\"999\" data-end=\"1096\">Pri objedn\u00e1vke viacer\u00fdch kusov zasielame sil\u00f3n <strong data-start=\"1046\" data-end=\"1063\">v jednom kuse<\/strong>, pokia\u013e to umo\u017e\u0148uje manipul\u00e1cia:<\/p>\n<ul data-start=\"1097\" data-end=\"1265\">\n<li data-start=\"1097\" data-end=\"1168\">\n<p data-start=\"1099\" data-end=\"1168\">napr. pri objedn\u00e1vke <strong data-start=\"1120\" data-end=\"1128\">5 ks<\/strong> v\u00e1m bude doru\u010den\u00fdch <strong data-start=\"1149\" data-end=\"1168\">5 metrov vcelku<\/strong><\/p>\n<\/li>\n<li data-start=\"1169\" data-end=\"1265\">\n<p data-start=\"1171\" data-end=\"1265\">pri objedn\u00e1vkach <strong data-start=\"1188\" data-end=\"1201\">nad 100 m<\/strong> m\u00f4\u017ee by\u0165 sil\u00f3n rozdelen\u00fd na viac \u010dast\u00ed kv\u00f4li lep\u0161ej manipul\u00e1cii<\/p>\n<\/li>\n<\/ul>\n<p data-start=\"1267\" data-end=\"1309\"><span style=\"font-size: 110%;\">\ud83d\udc49 Odpor\u00fa\u010dame objedna\u0165 s miernou rezervou.<\/span><\/p>\n<h2 data-start=\"1316\" data-end=\"1350\">\u2699\ufe0f Ako si vybra\u0165 spr\u00e1vnu hr\u00fabku<\/h2>\n<p data-start=\"1351\" data-end=\"1444\">Pred objednan\u00edm odpor\u00fa\u010dame premera\u0165 p\u00f4vodn\u00fd vodiaci sil\u00f3n, aby bola v\u00fdmena bez probl\u00e9mov.<\/p>\n<p data-start=\"1446\" data-end=\"1464\">Dostupn\u00e9 varianty:<\/p>\n<ul data-start=\"1465\" data-end=\"1598\">\n<li data-start=\"1465\" data-end=\"1519\">\n<p data-start=\"1467\" data-end=\"1519\"><strong data-start=\"1467\" data-end=\"1477\">0,8 mm<\/strong> \u2013 vhodn\u00fd pre be\u017en\u00e9 horizont\u00e1lne \u017eal\u00fazie<\/p>\n<\/li>\n<li data-start=\"1520\" data-end=\"1598\">\n<p data-start=\"1522\" data-end=\"1598\"><strong data-start=\"1522\" data-end=\"1532\">1,2 mm<\/strong> \u2013 pevnej\u0161\u00ed vodiaci sil\u00f3n pre v\u00e4\u010d\u0161ie alebo viac nam\u00e1han\u00e9 \u017eal\u00fazie<\/p>\n<\/li>\n<\/ul>\n<h2 data-start=\"1605\" data-end=\"1642\">\ud83d\udd27 D\u00f4le\u017eit\u00e9 odpor\u00fa\u010danie pri v\u00fdmene<\/h2>\n<p data-start=\"1643\" data-end=\"1836\">Pri v\u00fdmene vodiaceho sil\u00f3nu odpor\u00fa\u010dame <strong data-start=\"1682\" data-end=\"1732\">skontrolova\u0165 aj<span style=\"text-decoration: underline;\"> <a href=\"https:\/\/www.brikol.sk\/produkt\/fixacny-kolik-silonu\/\">fixa\u010dn\u00e9 kol\u00edky<\/a><\/span> (\u00fachyty sil\u00f3nu)<\/strong>.<br data-start=\"1733\" data-end=\"1736\" \/>Ak s\u00fa prasknut\u00e9 alebo uvo\u013enen\u00e9, nov\u00fd sil\u00f3n nebude spr\u00e1vne napnut\u00fd a \u017eal\u00fazia sa m\u00f4\u017ee op\u00e4\u0165 vychy\u013eova\u0165.<\/p>\n<p data-start=\"1838\" data-end=\"1902\"><span style=\"font-size: 110%;\">\ud83d\udc49 V pr\u00edpade potreby odpor\u00fa\u010dame kol\u00edky vymeni\u0165 spolu so sil\u00f3nom.<\/span><\/p>\n<p>&nbsp;<\/p>\n<p>&nbsp;<\/p>\n","protected":false},"excerpt":{"rendered":"<p>Zosilnen\u00fd vodiaci sil\u00f3n (\u017eilka) do horizont\u00e1lnej \u017eal\u00fazie, odoln\u00fd vo\u010di UV \u017eiareniu.<\/p>\n<p>\ud83d\udccf Predaj na metre \u2013 1 ks = 1 meter. Be\u017en\u00e1 \u017eal\u00fazia spotrebuje pribli\u017ene 4\u20136 m.<\/p>\n<p>Vyberte hr\u00fabku 0,8 mm alebo 1,2 mm pod\u013ea typu \u017eal\u00fazie.<\/p>\n","protected":false},"featured_media":10141,"comment_status":"closed","ping_status":"closed","template":"","meta":[],"product_cat":[240,65,87,85,84,86,88,96],"product_tag":[],"_links":{"self":[{"href":"https:\/\/www.brikol.sk\/fr\/wp-json\/wp\/v2\/product\/261"}],"collection":[{"href":"https:\/\/www.brikol.sk\/fr\/wp-json\/wp\/v2\/product"}],"about":[{"href":"https:\/\/www.brikol.sk\/fr\/wp-json\/wp\/v2\/types\/product"}],"replies":[{"embeddable":true,"href":"https:\/\/www.brikol.sk\/fr\/wp-json\/wp\/v2\/comments?post=261"}],"wp:featuredmedia":[{"embeddable":true,"href":"https:\/\/www.brikol.sk\/fr\/wp-json\/wp\/v2\/media\/10141"}],"wp:attachment":[{"href":"https:\/\/www.brikol.sk\/fr\/wp-json\/wp\/v2\/media?parent=261"}],"wp:term":[{"taxonomy":"product_cat","embeddable":true,"href":"https:\/\/www.brikol.sk\/fr\/wp-json\/wp\/v2\/product_cat?post=261"},{"taxonomy":"product_tag","embeddable":true,"href":"https:\/\/www.brikol.sk\/fr\/wp-json\/wp\/v2\/product_tag?post=261"}],"curies":[{"name":"wp","href":"https:\/\/api.w.org\/{rel}","templated":true}]}}