{"id":264,"date":"2018-01-17T17:46:36","date_gmt":"2018-01-17T16:46:36","guid":{"rendered":"http:\/\/www.brikol.sk\/produkt\/bocna-krytka-isoline-biela-par\/"},"modified":"2026-04-26T17:09:20","modified_gmt":"2026-04-26T15:09:20","slug":"bocna-krytka-isoline-nahradne-diely-na-zaluzie","status":"publish","type":"product","link":"https:\/\/www.brikol.sk\/fr\/produkt\/bocna-krytka-isoline-nahradne-diely-na-zaluzie\/","title":{"rendered":"Bo\u010dn\u00e1 krytka Isoline \/ p\u00e1r"},"content":{"rendered":"<p><strong>Bo\u010dn\u00e1 krytka Isoline<\/strong><\/p>\n<p>Krytka horizont\u00e1lnej \u017eal\u00fazie, ktor\u00e1 sa pou\u017e\u00edva na vrchnom nosn\u00edku \u017eal\u00fazie. Zjednocuje nosn\u00edk a zakr\u00fdva <strong><a href=\"https:\/\/www.brikol.sk\/produkt\/zakladna-cast-isoline-nahradne-diely-na-zaluzie\/\">z\u00e1kladn\u00fa \u010das\u0165<\/a> <\/strong>v ktorej je uchyten\u00fd sil\u00f3n a z\u00e1rove\u0148 cel\u00e1 \u017eal\u00fazia o r\u00e1m okna.<\/p>\n<p>Naj\u010dastej\u0161ie sa krytka zni\u010d\u00ed pri um\u00fdvan\u00ed okna kde sa na nej zlom\u00ed no\u0161tek, ktor\u00fd ju dr\u017e\u00ed o spodok horn\u00e9ho profilu. Krytka sa vie jednoducho po\u0161kodi\u0165 aj pri skladan\u00ed \u017eal\u00fazi\u00ed alebo vplyvom \u010dasu. Nepotrebujete v\u0161ak vymeni\u0165 cel\u00fa \u017eal\u00faziu len preto aby bola va\u0161a krytka znova nov\u00e1 a pekn\u00e1. Jednoducho si sta\u010d\u00ed navoli\u0165 potrebn\u00fd po\u010det p\u00e1rov a star\u00fa krytku viete jednoducho nahradi\u0165 za nov\u00fa. Krytky maj\u00fa jednoduch\u00fa in\u0161tal\u00e1ciu. Sta\u010d\u00ed ich len naklikn\u00fa\u0165 na vrchn\u00fd nosn\u00edk \u017eal\u00fazie. Nebudete k tomu potrebova\u0165 \u017eiadne n\u00e1radie.<\/p>\n<p>Bo\u010dn\u00e9 krytky pred\u00e1vame v p\u00e1re. M\u00f4\u017eete si vybra\u0165 farbu krytky ktor\u00e1 bude pasova\u0165 k farbe nosn\u00edka \u017eal\u00fazie.<\/p>\n<p><strong>Farebn\u00e9 prevedenie :<\/strong><\/p>\n<ul>\n<li>Biela<\/li>\n<li>Tmavohned\u00e1<\/li>\n<li>Svetlohned\u00e1<\/li>\n<\/ul>\n<p>Bo\u010dn\u00e1 krytka Isoline horizont\u00e1lnej \u017eal\u00fazie ur\u010den\u00e9 pre \u017eal\u00fazie od v\u00fdrobcu: Lamelland, Kasko, Parapety BB, Miba sk<\/p>\n<p>Rozmery krytky: \u0161\u00edrka 33 mm, v\u00fd\u0161ka 46 mm, no\u0161tek 24 mm<\/p>\n","protected":false},"excerpt":{"rendered":"<p>Bo\u010dn\u00e9 krytky horizont\u00e1lnej \u017eal\u00fazie ur\u010den\u00e9 pre \u017eal\u00fazie od v\u00fdrobcu Lamelland, Kasko, Parapety BB, Miba sk<br \/>\n\u0160\u00edrka 34 mm, v\u00fd\u0161ka 47 mm, no\u0161tek 25 mm<\/p>\n","protected":false},"featured_media":8198,"comment_status":"closed","ping_status":"closed","template":"","meta":[],"product_cat":[65,85],"product_tag":[],"_links":{"self":[{"href":"https:\/\/www.brikol.sk\/fr\/wp-json\/wp\/v2\/product\/264"}],"collection":[{"href":"https:\/\/www.brikol.sk\/fr\/wp-json\/wp\/v2\/product"}],"about":[{"href":"https:\/\/www.brikol.sk\/fr\/wp-json\/wp\/v2\/types\/product"}],"replies":[{"embeddable":true,"href":"https:\/\/www.brikol.sk\/fr\/wp-json\/wp\/v2\/comments?post=264"}],"wp:featuredmedia":[{"embeddable":true,"href":"https:\/\/www.brikol.sk\/fr\/wp-json\/wp\/v2\/media\/8198"}],"wp:attachment":[{"href":"https:\/\/www.brikol.sk\/fr\/wp-json\/wp\/v2\/media?parent=264"}],"wp:term":[{"taxonomy":"product_cat","embeddable":true,"href":"https:\/\/www.brikol.sk\/fr\/wp-json\/wp\/v2\/product_cat?post=264"},{"taxonomy":"product_tag","embeddable":true,"href":"https:\/\/www.brikol.sk\/fr\/wp-json\/wp\/v2\/product_tag?post=264"}],"curies":[{"name":"wp","href":"https:\/\/api.w.org\/{rel}","templated":true}]}}