{"id":2759,"date":"2020-11-06T09:26:32","date_gmt":"2020-11-06T08:26:32","guid":{"rendered":"https:\/\/www.brikol.sk\/?post_type=product&#038;p=2759"},"modified":"2026-01-08T08:45:30","modified_gmt":"2026-01-08T07:45:30","slug":"balkonova-zaklopka-zapadka-maco-nova-ks","status":"publish","type":"product","link":"https:\/\/www.brikol.sk\/fr\/produkt\/balkonova-zaklopka-zapadka-maco-nova-ks\/","title":{"rendered":"Balk\u00f3nov\u00e1 z\u00e1klopka (z\u00e1padka) MACO nov\u00e1 \/ ks"},"content":{"rendered":"<p>Balk\u00f3nov\u00e1 z\u00e1klopka (z\u00e1padka) MACO alebo balk\u00f3nov\u00e1 protiprievanov\u00e1 poistka sa upev\u0148uje do kr\u00eddla balk\u00f3nov\u00fdch dver\u00ed.<\/p>\n<p>Vhodn\u00e1 do plastov\u00fdch a dreven\u00fdch dver\u00ed okut\u00fdch kovan\u00edm MACO MULTI-TREND a MACO MULTI MATIC. Z\u00e1klopku m\u00f4\u017eete nastavi\u0165<a href=\"https:\/\/www.brikol.sk\/produkt\/imbusovy-kluc-4-mm\/\"><strong> imbusov\u00fdm k\u013e\u00fa\u010dom<\/strong><\/a> ve\u013ekos\u0165 4 mm.<\/p>\n<p>Z\u00e1padka ur\u010den\u00e1 pre nov\u00fd typ kovania MACO MULTI MATIC, ale po odp\u00edlen\u00ed spodn\u00e9ho plastov\u00e9ho no\u0161teka ju m\u00f4\u017eete pou\u017ei\u0165 aj pre star\u0161ie kovanie.<\/p>\n","protected":false},"excerpt":{"rendered":"<p>Balk\u00f3nov\u00e1 z\u00e1klopka (z\u00e1padka) MACO alebo balk\u00f3nov\u00e1 protiprievanov\u00e1 poistka sa upev\u0148uje do kr\u00eddla balk\u00f3nov\u00fdch dver\u00ed. Je vhodn\u00e1 do plastov\u00fdch a dreven\u00fdch dver\u00ed okut\u00fdch kovan\u00edm MACO MULTI-TREND a MACO MULTI MATIC. Z\u00e1klopku je mo\u017en\u00e9 nastavi\u0165 imbusov\u00fdm k\u013e\u00fa\u010dom ve\u013ekos\u0165 4 mm<br \/>\n60 x 10 x 8 mm (V x \u0160 x H)<\/p>\n","protected":false},"featured_media":6188,"comment_status":"closed","ping_status":"closed","template":"","meta":[],"product_cat":[68,211,92],"product_tag":[],"_links":{"self":[{"href":"https:\/\/www.brikol.sk\/fr\/wp-json\/wp\/v2\/product\/2759"}],"collection":[{"href":"https:\/\/www.brikol.sk\/fr\/wp-json\/wp\/v2\/product"}],"about":[{"href":"https:\/\/www.brikol.sk\/fr\/wp-json\/wp\/v2\/types\/product"}],"replies":[{"embeddable":true,"href":"https:\/\/www.brikol.sk\/fr\/wp-json\/wp\/v2\/comments?post=2759"}],"wp:featuredmedia":[{"embeddable":true,"href":"https:\/\/www.brikol.sk\/fr\/wp-json\/wp\/v2\/media\/6188"}],"wp:attachment":[{"href":"https:\/\/www.brikol.sk\/fr\/wp-json\/wp\/v2\/media?parent=2759"}],"wp:term":[{"taxonomy":"product_cat","embeddable":true,"href":"https:\/\/www.brikol.sk\/fr\/wp-json\/wp\/v2\/product_cat?post=2759"},{"taxonomy":"product_tag","embeddable":true,"href":"https:\/\/www.brikol.sk\/fr\/wp-json\/wp\/v2\/product_tag?post=2759"}],"curies":[{"name":"wp","href":"https:\/\/api.w.org\/{rel}","templated":true}]}}