{"id":276,"date":"2018-01-17T17:46:41","date_gmt":"2018-01-17T16:46:41","guid":{"rendered":"http:\/\/www.brikol.sk\/produkt\/krytky-pantov-roto-biele-sada\/"},"modified":"2026-04-08T22:20:58","modified_gmt":"2026-04-08T20:20:58","slug":"krytky-pantov-roto","status":"publish","type":"product","link":"https:\/\/www.brikol.sk\/fr\/produkt\/krytky-pantov-roto\/","title":{"rendered":"Krytky p\u00e1ntov ROTO NT pre plastov\u00e9 okn\u00e1 \/ sada"},"content":{"rendered":"<p data-sourcepos=\"3:1-3:88\"><span style=\"font-size: 115%;\"><strong>Krytky p\u00e1ntov ROTO NT pre plastov\u00e9 okn\u00e1: Dokonal\u00e1 estetika a funk\u010dnos\u0165 pre va\u0161e okn\u00e1<\/strong><\/span><\/p>\n<p data-sourcepos=\"5:1-5:450\">H\u013ead\u00e1te ide\u00e1lne rie\u0161enie pre vylep\u0161enie vzh\u013eadu a funk\u010dnosti va\u0161ich plastov\u00fdch okien s kovan\u00edm ROTO NT? U n\u00e1s n\u00e1jdete presne to, \u010do potrebujete! Krytky p\u00e1ntov ROTO NT nielen\u017ee skr\u00e1\u0161lia va\u0161e okn\u00e1, ale im aj zabezpe\u010dia dlh\u0161iu \u017eivotnos\u0165. V na\u0161om e-shope pon\u00fakame \u0161irok\u00fd v\u00fdber krytiek p\u00e1ntov ROTO NT v r\u00f4znych farb\u00e1ch a prevedeniach, tak\u017ee si m\u00f4\u017eete vybra\u0165 tie, ktor\u00e9 dokonale doplnia vzh\u013ead va\u0161ich okien a splnia va\u0161e po\u017eiadavky na funk\u010dnos\u0165 a estetiku.<\/p>\n<h2 data-sourcepos=\"7:1-7:42\"><span style=\"font-size: 75%;\"><strong>Pre\u010do si vybra\u0165 krytky p\u00e1ntov ROTO NT?<\/strong><\/span><\/h2>\n<ul data-sourcepos=\"9:1-18:0\">\n<li data-sourcepos=\"9:1-9:167\"><strong>Prec\u00edzne prevedenie:<\/strong> S\u00fa navrhnut\u00e9 \u0161peci\u00e1lne pre plastov\u00e9 okn\u00e1 s kovan\u00edm ROTO NT. V\u010faka tomu ich \u013eahko osad\u00edte a bud\u00fa spo\u013eahlivo fungova\u0165.<\/li>\n<li data-sourcepos=\"10:1-10:178\"><strong>Estetick\u00fd vzh\u013ead:<\/strong> Krytky p\u00e1ntov elegantne zakryj\u00fa nevzh\u013eadn\u00e9 p\u00e1nty a dodaj\u00fa va\u0161im okn\u00e1m \u010dist\u00fd a modern\u00fd vzh\u013ead. Vyberiete si z troch farieb: biela, bronzov\u00e1 a tmavohned\u00e1.<\/li>\n<li data-sourcepos=\"11:1-11:179\"><strong>Jednoduch\u00e1 mont\u00e1\u017e:<\/strong> Krytky namontujete jednoducho a r\u00fdchlo, bez potreby \u0161peci\u00e1lneho n\u00e1radia. Mont\u00e1\u017e zvl\u00e1dnete sami, u\u0161etr\u00edte tak \u010das aj peniaze za odborn\u00edka.<\/li>\n<li data-sourcepos=\"12:1-12:175\"><strong>Spo\u013eahliv\u00e1 ochrana:<\/strong> Krytky p\u00e1ntov ochr\u00e1nia p\u00e1nty pred prachom, ne\u010distotami a poveternostn\u00fdmi vplyvmi. Pred\u013a\u017eite tak ich \u017eivotnos\u0165 a zabezpe\u010d\u00edte ich dlhodob\u00fa funk\u010dnos\u0165.<\/li>\n<li data-sourcepos=\"13:1-13:196\"><strong>Vysok\u00e1 kvalita materi\u00e1lu:<\/strong> Vyroben\u00e9 s\u00fa z kvalitn\u00fdch materi\u00e1lov, ktor\u00e9 odol\u00e1vaj\u00fa UV \u017eiareniu a poveternostn\u00fdm vplyvom. V\u010faka tomu si dlho zachovaj\u00fa svoj vzh\u013ead a farbu.<\/li>\n<li data-sourcepos=\"14:1-14:235\"><strong>Bohat\u00fd v\u00fdber:<\/strong> V na\u0161om e-shope n\u00e1jdete \u0161irok\u00fa \u0161k\u00e1lu krytiek\u00a0 v r\u00f4znych farb\u00e1ch a prevedeniach. Vyberiete si u n\u00e1s krytky, ktor\u00e9 dokonale doplnia vzh\u013ead va\u0161ich okien a splnia va\u0161e po\u017eiadavky na funk\u010dnos\u0165 a estetiku.<\/li>\n<li data-sourcepos=\"15:1-15:125\"><strong>V\u00fdhodn\u00e9 ceny:<\/strong> Pon\u00fakame krytky p\u00e1ntov za konkurencieschopn\u00e9 ceny. U n\u00e1s n\u00e1jdete najlep\u0161\u00ed pomer ceny a kvality.<\/li>\n<li data-sourcepos=\"16:1-16:93\"><strong>Expresn\u00e9 doru\u010denie:<\/strong> Objednan\u00e9 krytky v\u00e1m doru\u010d\u00edme r\u00fdchlo a spo\u013eahlivo.<\/li>\n<li data-sourcepos=\"17:1-18:0\"><strong>Profesion\u00e1lne poradenstvo:<\/strong> V pr\u00edpade ak\u00fdchko\u013evek ot\u00e1zok v\u00e1m radi porad\u00edme a pom\u00f4\u017eeme s v\u00fdberom spr\u00e1vnych krytiek pre va\u0161e okn\u00e1.<\/li>\n<\/ul>\n<p data-sourcepos=\"19:1-19:35\"><strong>Rozmery krytiek p\u00e1ntov :<\/strong><\/p>\n<ul data-sourcepos=\"21:1-26:0\">\n<li data-sourcepos=\"21:1-21:66\"><strong>D\u013a\u017eka vrchnej krytky<\/strong> r\u00e1mov\u00e9ho lo\u017eiska: 90 mm, rozte\u010d 41 mm<\/li>\n<li data-sourcepos=\"22:1-22:55\"><strong>\u0160\u00edrka vrchnej krytky<\/strong> kr\u00eddlov\u00e9ho uholn\u00edku: 40 mm<\/li>\n<li data-sourcepos=\"23:1-23:50\"><strong>V\u00fd\u0161ka spodnej krytky<\/strong> r\u00e1mov\u00e9ho dielu: 68 mm<\/li>\n<li data-sourcepos=\"24:1-24:58\"><strong>Ve\u013ekos\u0165 malej spodnej krytky<\/strong> r\u00e1mov\u00e9ho dielu: 25 mm<\/li>\n<li data-sourcepos=\"25:1-26:0\"><strong>H\u013abka spodnej krytky<\/strong> kr\u00eddlov\u00e9ho dielu: 88 mm<\/li>\n<\/ul>\n<p data-sourcepos=\"27:1-27:89\"><strong>Objednajte si krytky p\u00e1ntov ROTO NT e\u0161te dnes a dodajte svojim okn\u00e1m dokonal\u00fd vzh\u013ead!<\/strong><\/p>\n<p data-sourcepos=\"29:1-29:193\">V na\u0161om e-shope n\u00e1jdete nielen krytky p\u00e1ntov ROTO NT, ale aj \u010fal\u0161ie pr\u00edslu\u0161enstvo pre va\u0161e okn\u00e1, ako napr\u00edklad k\u013eu\u010dky, sie\u0165ky proti hmyzu, \u017eal\u00fazie a rolety. V\u0161etko pre va\u0161e pohodlie a bezpe\u010die.<\/p>\n","protected":false},"excerpt":{"rendered":"<p>Sada krytiek p\u00e1ntov je ur\u010den\u00e1 pre kovanie ROTO NT na plastov\u00e9 okn\u00e1. Krytky p\u00e1ntov ROTO s\u00fa vyroben\u00e9 z plastu s dlhou dobou \u017eivostnosti. S\u00fa ur\u010den\u00e9 pre plastov\u00e9 okn\u00e1, mont\u00e1\u017e krytiek p\u00e1ntov je jednoduch\u00e1, len ich nasuniete na z\u00e1vesy.<\/p>\n","protected":false},"featured_media":8077,"comment_status":"closed","ping_status":"closed","template":"","meta":[],"product_cat":[68,211,93,212],"product_tag":[],"_links":{"self":[{"href":"https:\/\/www.brikol.sk\/fr\/wp-json\/wp\/v2\/product\/276"}],"collection":[{"href":"https:\/\/www.brikol.sk\/fr\/wp-json\/wp\/v2\/product"}],"about":[{"href":"https:\/\/www.brikol.sk\/fr\/wp-json\/wp\/v2\/types\/product"}],"replies":[{"embeddable":true,"href":"https:\/\/www.brikol.sk\/fr\/wp-json\/wp\/v2\/comments?post=276"}],"wp:featuredmedia":[{"embeddable":true,"href":"https:\/\/www.brikol.sk\/fr\/wp-json\/wp\/v2\/media\/8077"}],"wp:attachment":[{"href":"https:\/\/www.brikol.sk\/fr\/wp-json\/wp\/v2\/media?parent=276"}],"wp:term":[{"taxonomy":"product_cat","embeddable":true,"href":"https:\/\/www.brikol.sk\/fr\/wp-json\/wp\/v2\/product_cat?post=276"},{"taxonomy":"product_tag","embeddable":true,"href":"https:\/\/www.brikol.sk\/fr\/wp-json\/wp\/v2\/product_tag?post=276"}],"curies":[{"name":"wp","href":"https:\/\/api.w.org\/{rel}","templated":true}]}}