{"id":282,"date":"2018-01-17T17:46:41","date_gmt":"2018-01-17T16:46:41","guid":{"rendered":"http:\/\/www.brikol.sk\/produkt\/imbusovy-kluc-4-mm-ks\/"},"modified":"2026-02-09T20:52:14","modified_gmt":"2026-02-09T19:52:14","slug":"imbusovy-kluc-4-mm","status":"publish","type":"product","link":"https:\/\/www.brikol.sk\/fr\/produkt\/imbusovy-kluc-4-mm\/","title":{"rendered":"Imbusov\u00fd k\u013e\u00fa\u010d 4 mm \/ ks"},"content":{"rendered":"<p>Imbusov\u00fd k\u013e\u00fa\u010d 4 mm sl\u00fa\u017ei na nastavenie (\u0161telovanie) v\u0161etk\u00fdch typov kovania. Pou\u017e\u00edva sa predov\u0161etk\u00fdm na nastavenie v\u00fd\u0161ky okna a sklopenia okna na vrchnej no\u017enici. V pr\u00edlohe n\u00e1jdete obr\u00e1zok s popisom ako nastavi\u0165 kovanie MACO.<br \/>\nD\u013a\u017eka &#8211; 75 mm, \u0161\u00edrka &#8211; 75 mm, d\u013a\u017eka 2 &#8211; 20 mm<\/p>\n","protected":false},"excerpt":{"rendered":"<p>Imbusov\u00fd k\u013e\u00fa\u010d 4 mm sl\u00fa\u017ei na nastavenie (\u0161telovanie) v\u0161etk\u00fdch typov kovania. Pou\u017e\u00edva sa predov\u0161etk\u00fdm na nastavenie v\u00fd\u0161ky okna a sklopenia okna na vrchnej no\u017enici. V pr\u00edlohe n\u00e1jdete obr\u00e1zok s popisom ako nastavi\u0165 kovanie MACO.<br \/>\nD\u013a\u017eka &#8211; 75 mm, \u0161\u00edrka &#8211; 75 mm, d\u013a\u017eka 2 &#8211; 20 mm<\/p>\n","protected":false},"featured_media":7234,"comment_status":"closed","ping_status":"closed","template":"","meta":[],"product_cat":[68,216],"product_tag":[],"_links":{"self":[{"href":"https:\/\/www.brikol.sk\/fr\/wp-json\/wp\/v2\/product\/282"}],"collection":[{"href":"https:\/\/www.brikol.sk\/fr\/wp-json\/wp\/v2\/product"}],"about":[{"href":"https:\/\/www.brikol.sk\/fr\/wp-json\/wp\/v2\/types\/product"}],"replies":[{"embeddable":true,"href":"https:\/\/www.brikol.sk\/fr\/wp-json\/wp\/v2\/comments?post=282"}],"wp:featuredmedia":[{"embeddable":true,"href":"https:\/\/www.brikol.sk\/fr\/wp-json\/wp\/v2\/media\/7234"}],"wp:attachment":[{"href":"https:\/\/www.brikol.sk\/fr\/wp-json\/wp\/v2\/media?parent=282"}],"wp:term":[{"taxonomy":"product_cat","embeddable":true,"href":"https:\/\/www.brikol.sk\/fr\/wp-json\/wp\/v2\/product_cat?post=282"},{"taxonomy":"product_tag","embeddable":true,"href":"https:\/\/www.brikol.sk\/fr\/wp-json\/wp\/v2\/product_tag?post=282"}],"curies":[{"name":"wp","href":"https:\/\/api.w.org\/{rel}","templated":true}]}}