{"id":283,"date":"2018-01-17T17:46:41","date_gmt":"2018-01-17T16:46:41","guid":{"rendered":"http:\/\/www.brikol.sk\/produkt\/torxovy-kluc-t12-ks\/"},"modified":"2026-02-09T20:52:14","modified_gmt":"2026-02-09T19:52:14","slug":"torxovy-kluc-t15","status":"publish","type":"product","link":"https:\/\/www.brikol.sk\/fr\/produkt\/torxovy-kluc-t15\/","title":{"rendered":"Torxov\u00fd k\u013e\u00fa\u010d T15 \/ ks"},"content":{"rendered":"<p>Torxov\u00fd k\u013e\u00fa\u010d T15 sl\u00fa\u017ei na nastavenie hr\u00edbikov\u00fdch pr\u00edtlakov kovania MACO MULTI MATIC PREMIUM. Tie\u017e ho mo\u017eete pou\u017ei\u0165 na nastavenie pr\u00edtlaku kr\u00eddla na spodnom z\u00e1vese. Tento k\u013e\u00fa\u010d tie\u017e sl\u00fa\u017ei na zvesenie kr\u00eddla na vrchnej no\u017enici pokia\u013e nie je mo\u017en\u00e9 okno zvesi\u0165 \u0161tandardn\u00fdm sp\u00f4sobom a to vytla\u010den\u00edm zais\u0165ovacieho kol\u00edku z vrchn\u00e9ho z\u00e1vesu. Torxov\u00fd k\u013e\u00fa\u010d sa pou\u017e\u00edva aj na nastavenie kovania GU<br \/>\nD\u013a\u017eka &#8211; 75 mm, \u0161\u00edrka &#8211; 75 mm, d\u013a\u017eka 2 &#8211; 20 mm<\/p>\n","protected":false},"excerpt":{"rendered":"<p>Torxov\u00fd k\u013e\u00fa\u010d T15 sl\u00fa\u017ei na nastavenie hr\u00edbikov\u00fdch pr\u00edtlakov kovania MACO MULTI MATIC PREMIUM, tie\u017e je ho mo\u017en\u00e9 pou\u017ei\u0165 na nastavenie pr\u00edtlaku kr\u00eddla na spodnom z\u00e1vese. Tento k\u013e\u00fa\u010d tie\u017e sl\u00fa\u017ei na zvesenie kr\u00eddla na vrchnej no\u017enici pokia\u013e nie je mo\u017en\u00e9 okno zvesi\u0165 \u0161tandardn\u00fdm sp\u00f4sobom a to vytla\u010den\u00edm zais\u0165ovacieho kol\u00edku z vrchn\u00e9ho z\u00e1vesu. Torxov\u00fd k\u013e\u00fa\u010d sa pou\u017e\u00edva aj na nastavenie kovania GU<br \/>\nD\u013a\u017eka &#8211; 75 mm, \u0161\u00edrka &#8211; 75 mm, d\u013a\u017eka 2 &#8211; 20 mm<\/p>\n","protected":false},"featured_media":7258,"comment_status":"closed","ping_status":"closed","template":"","meta":[],"product_cat":[68,216],"product_tag":[],"_links":{"self":[{"href":"https:\/\/www.brikol.sk\/fr\/wp-json\/wp\/v2\/product\/283"}],"collection":[{"href":"https:\/\/www.brikol.sk\/fr\/wp-json\/wp\/v2\/product"}],"about":[{"href":"https:\/\/www.brikol.sk\/fr\/wp-json\/wp\/v2\/types\/product"}],"replies":[{"embeddable":true,"href":"https:\/\/www.brikol.sk\/fr\/wp-json\/wp\/v2\/comments?post=283"}],"wp:featuredmedia":[{"embeddable":true,"href":"https:\/\/www.brikol.sk\/fr\/wp-json\/wp\/v2\/media\/7258"}],"wp:attachment":[{"href":"https:\/\/www.brikol.sk\/fr\/wp-json\/wp\/v2\/media?parent=283"}],"wp:term":[{"taxonomy":"product_cat","embeddable":true,"href":"https:\/\/www.brikol.sk\/fr\/wp-json\/wp\/v2\/product_cat?post=283"},{"taxonomy":"product_tag","embeddable":true,"href":"https:\/\/www.brikol.sk\/fr\/wp-json\/wp\/v2\/product_tag?post=283"}],"curies":[{"name":"wp","href":"https:\/\/api.w.org\/{rel}","templated":true}]}}