{"id":284,"date":"2018-01-17T17:46:41","date_gmt":"2018-01-17T16:46:41","guid":{"rendered":"http:\/\/www.brikol.sk\/produkt\/kluc-na-uzavery-vlacek-ks\/"},"modified":"2026-02-26T16:52:26","modified_gmt":"2026-02-26T15:52:26","slug":"kluc-na-uzavery","status":"publish","type":"product","link":"https:\/\/www.brikol.sk\/fr\/produkt\/kluc-na-uzavery\/","title":{"rendered":"k\u013e\u00fa\u010d na uz\u00e1very val\u010dek MACO \/ ks"},"content":{"rendered":"<p>MACO k\u013e\u00fa\u010d na uz\u00e1very kovania MACO MULTI TREND, sl\u00fa\u017ei na nastavenie pr\u00edtla\u010dn\u00fdch vla\u010dekov na kovan\u00ed.<\/p>\n","protected":false},"excerpt":{"rendered":"<p>MACO k\u013e\u00fa\u010d na uz\u00e1very kovania MACO MULTI TREND, sl\u00fa\u017ei na nastavenie pr\u00edtla\u010dn\u00fdch vla\u010dekov na kovan\u00ed.<\/p>\n","protected":false},"featured_media":7236,"comment_status":"closed","ping_status":"closed","template":"","meta":[],"product_cat":[68,216],"product_tag":[],"_links":{"self":[{"href":"https:\/\/www.brikol.sk\/fr\/wp-json\/wp\/v2\/product\/284"}],"collection":[{"href":"https:\/\/www.brikol.sk\/fr\/wp-json\/wp\/v2\/product"}],"about":[{"href":"https:\/\/www.brikol.sk\/fr\/wp-json\/wp\/v2\/types\/product"}],"replies":[{"embeddable":true,"href":"https:\/\/www.brikol.sk\/fr\/wp-json\/wp\/v2\/comments?post=284"}],"wp:featuredmedia":[{"embeddable":true,"href":"https:\/\/www.brikol.sk\/fr\/wp-json\/wp\/v2\/media\/7236"}],"wp:attachment":[{"href":"https:\/\/www.brikol.sk\/fr\/wp-json\/wp\/v2\/media?parent=284"}],"wp:term":[{"taxonomy":"product_cat","embeddable":true,"href":"https:\/\/www.brikol.sk\/fr\/wp-json\/wp\/v2\/product_cat?post=284"},{"taxonomy":"product_tag","embeddable":true,"href":"https:\/\/www.brikol.sk\/fr\/wp-json\/wp\/v2\/product_tag?post=284"}],"curies":[{"name":"wp","href":"https:\/\/api.w.org\/{rel}","templated":true}]}}