{"id":2913,"date":"2020-12-14T15:05:51","date_gmt":"2020-12-14T14:05:51","guid":{"rendered":"https:\/\/www.brikol.sk\/?post_type=product&#038;p=2913"},"modified":"2026-03-30T13:03:20","modified_gmt":"2026-03-30T11:03:20","slug":"silikonovy-sprej-grandx-na-kovanie-a-tesnenie-400-ml-ks","status":"publish","type":"product","link":"https:\/\/www.brikol.sk\/fr\/produkt\/silikonovy-sprej-grandx-na-kovanie-a-tesnenie-400-ml-ks\/","title":{"rendered":"Silik\u00f3nov\u00fd sprej grandX na kovanie a tesnenie 400 ml \/ ks"},"content":{"rendered":"<div id=\"silikonovy-sprej\">\n<p>Silik\u00f3nov\u00fd sprej- bezfarebn\u00fd mazac\u00ed prostriedok na kovanie, tesnenie, p\u00e1nty (z\u00e1vesy) okien a dver\u00ed, bicykel, ly\u017eiarske viazanie, z\u00e1mky, k\u013abov\u00e9 z\u00e1vesy, k\u013abov\u00e9 vedenia.<\/p>\n<p>Antiadhez\u00edvny prostriedok bez olejov a mazadla, na ochranu, vyhladenie a o\u0161etrenie umel\u00fdch hm\u00f4t, gumy a kovov aj v potravin\u00e1rskej oblasti, jednoducho v\u0161ade tam, kde je ne\u017eiad\u00face pou\u017ei\u0165 olej, tuky a in\u00e9 mastn\u00e9 mazadl\u00e1. V\u00fdborn\u00fd antiadhez\u00edvny prostriedok pri form\u00e1ch a tlakovom odlievan\u00ed. Pou\u017e\u00edva sa ako mazadlo na posuvn\u00e9 strechy, posuvn\u00e9 rolety, klzn\u00e9 ko\u013eaje, na nav\u00edja\u010de ochrann\u00fdch p\u00e1sov a mnoh\u00e9 \u010fal\u0161ie. V oblasti spracovania dreva a papieru zabr\u00e1ni nalepeniu zvy\u0161kov lepidla na lis a vedenia. Pri opracovan\u00ed rezn\u00fdch okrajov, hr\u00e1n a n\u00e1strojov sa dosiahne \u010dist\u00e9 rezanie. V oblastiach dopravnej techniky sa zabr\u00e1ni pri\u013enutiu tovaru na dopravn\u00e9 p\u00e1sy, aplikuje sa do \u017e\u013eabov aj na klzn\u00e9 plochy. V automobilovom priemysle na ochranu v\u0161etk\u00fdch gumov\u00fdch tesnen\u00ed pred skrehnut\u00edm a starnut\u00edm. Silik\u00f3nov\u00fd sprej chr\u00e1ni, izoluje a o\u0161etruje s dobrou k\u013azavos\u0165ou umel\u00e9 hmoty, gumu a kovy.<\/p>\n<p>&#8211; ide\u00e1lny aj ako ochrann\u00fd prostriedok na gumu a umel\u00e9 hmoty<br \/>\n&#8211; chr\u00e1ni gumen\u00e9 \u010dasti pred zamrznut\u00edm a nalepen\u00edm (dvere automobilov v zime)<br \/>\n&#8211; zabra\u0148uje skrehnutiu gumen\u00fdch \u010dast\u00ed<br \/>\n&#8211; mnohostrann\u00e9 pou\u017eitie aj v dom\u00e1cnosti<br \/>\n&#8211; odstra\u0148uje v\u0155zganie a p\u00edskanie<br \/>\n&#8211; na umel\u00fdch hmot\u00e1ch vytv\u00e1ra leskn\u00faci sa povrch<\/p>\n<p><a href=\"https:\/\/www.brikol.sk\/wp-content\/uploads\/2020\/04\/KIM-TEC-Silikonovy-olej-sprej-KBU-2015-SK.pdf\">KIM-TEC-Silikonovy-olej-sprej-KBU-2015-SK<\/a><\/p>\n<\/div>\n","protected":false},"excerpt":{"rendered":"<p>Silik\u00f3nov\u00fd sprej &#8211; bezfarebn\u00fd mazac\u00ed prostriedok na kovanie, tesnenie, p\u00e1nty (z\u00e1vesy) okien a dver\u00ed, bicykel, ly\u017eiarske viazanie, z\u00e1mky, k\u013abov\u00e9 z\u00e1vesy, k\u013abov\u00e9 vedenia&#8230;<strong><span style=\"color: #0000ff;\"><a style=\"color: #0000ff;\" href=\"#silikonovy-sprej\">Viac v popise<\/a><\/span><\/strong><\/p>\n<p>&nbsp;<\/p>\n","protected":false},"featured_media":8544,"comment_status":"open","ping_status":"closed","template":"","meta":[],"product_cat":[73,68,82],"product_tag":[],"_links":{"self":[{"href":"https:\/\/www.brikol.sk\/fr\/wp-json\/wp\/v2\/product\/2913"}],"collection":[{"href":"https:\/\/www.brikol.sk\/fr\/wp-json\/wp\/v2\/product"}],"about":[{"href":"https:\/\/www.brikol.sk\/fr\/wp-json\/wp\/v2\/types\/product"}],"replies":[{"embeddable":true,"href":"https:\/\/www.brikol.sk\/fr\/wp-json\/wp\/v2\/comments?post=2913"}],"wp:featuredmedia":[{"embeddable":true,"href":"https:\/\/www.brikol.sk\/fr\/wp-json\/wp\/v2\/media\/8544"}],"wp:attachment":[{"href":"https:\/\/www.brikol.sk\/fr\/wp-json\/wp\/v2\/media?parent=2913"}],"wp:term":[{"taxonomy":"product_cat","embeddable":true,"href":"https:\/\/www.brikol.sk\/fr\/wp-json\/wp\/v2\/product_cat?post=2913"},{"taxonomy":"product_tag","embeddable":true,"href":"https:\/\/www.brikol.sk\/fr\/wp-json\/wp\/v2\/product_tag?post=2913"}],"curies":[{"name":"wp","href":"https:\/\/api.w.org\/{rel}","templated":true}]}}