{"id":295,"date":"2018-01-17T17:46:47","date_gmt":"2018-01-17T16:46:47","guid":{"rendered":"http:\/\/www.brikol.sk\/produkt\/klucka-na-plastove-okno-uzamykacia-biela\/"},"modified":"2026-01-08T08:17:53","modified_gmt":"2026-01-08T07:17:53","slug":"bezpecnostna-klucka-na-okno-doplnky-ku-oknam","status":"publish","type":"product","link":"https:\/\/www.brikol.sk\/fr\/produkt\/bezpecnostna-klucka-na-okno-doplnky-ku-oknam\/","title":{"rendered":"Bezpe\u010dnostn\u00e1 uzamykate\u013en\u00e1 k\u013eu\u010dka na okno \/ ks"},"content":{"rendered":"<div id=\"uzamykatelna-klucka\">\n<p>Uzamykate\u013en\u00e1 k\u013eu\u010dka je vhodn\u00fdm rie\u0161en\u00edm ku mal\u00fdm de\u0165om a pri starostlivosti o star\u0161\u00edch \u013eud\u00ed. <strong>Pred\u00ed\u010fte nebezpe\u010dn\u00fdm \u00farazom a zv\u00fd\u0161te bezpe\u010dnos\u0165 vo svojej dom\u00e1cnosti <\/strong>prostredn\u00edctvom <strong>bezpe\u010dnostnej k\u013eu\u010dky na okn\u00e1 so z\u00e1mkom. <\/strong>Okno viete uzamkn\u00fa\u0165 v zatvorenej alebo sklopenej polohe a va\u0161e die\u0165a nevypadne cez okno.<\/p>\n<p><strong>Sl\u00fa\u017ei ako najbezpe\u010dnej\u0161ia detsk\u00e1 poistka.<\/strong> Vyu\u017eijete ich tie\u017e ako poistku proti nechcen\u00e9mu otvoreniu okna alebo balk\u00f3nov\u00fdch dver\u00ed na chodb\u00e1ch, tie\u017e napr\u00edklad v\u00a0\u0161kol\u00e1ch, \u0161k\u00f4lkach, klinik\u00e1ch, domovoch d\u00f4chodcov.<\/p>\n<p>Od teraz sa nemus\u00edte b\u00e1\u0165, \u017ee die\u0165a vo va\u0161ej nepr\u00edtomnosti otvor\u00ed okn\u00e1 alebo balk\u00f3nov\u00e9 dvere a d\u00f4jde k\u00a0\u0161karedej nehode. <strong>Po zavret\u00ed okna sta\u010d\u00ed stla\u010di\u0165 poistku a\u00a0okno bude bezpe\u010dne uzatvoren\u00e9.<\/strong> Na op\u00e4tovn\u00e9 otvorenie mus\u00edte pou\u017ei\u0165 k\u013e\u00fa\u010d.<\/p>\n<p>K\u013eu\u010dka je univerz\u00e1lne pre r\u00f4zne profily, rozmer \u0161tvorhranu je 35\/7 mm.<\/p>\n<p><span style=\"color: #ff0000;\"><strong>N\u00e1vod na v\u00fdmenu k\u013eu\u010dky<\/strong><\/span><\/p>\n<p><a href=\"https:\/\/www.brikol.sk\/wp-content\/uploads\/2023\/03\/Vymena-okennej-klucky.pdf\">V\u00fdmena okennej k\u013eu\u010dky<\/a><\/p>\n<\/div>\n","protected":false},"excerpt":{"rendered":"<p>Uzamykate\u013en\u00e1 k\u013eu\u010dka je vhodn\u00fdm rie\u0161en\u00edm ku mal\u00fdm de\u0165om a pri starostlivosti o star\u0161\u00edch \u013eud\u00ed. <strong>Pred\u00ed\u010fte nebezpe\u010dn\u00fdm \u00farazom a zv\u00fd\u0161te bezpe\u010dnos\u0165 vo svojej dom\u00e1cnosti <\/strong>prostredn\u00edc&#8230; <a href=\"#uzamykatelna-klucka\"><span style=\"text-decoration: underline;\"><strong><span style=\"color: #0000ff; text-decoration: underline;\">Viac v popise<\/span> <\/strong><\/span><\/a><\/p>\n<p>&nbsp;<\/p>\n","protected":false},"featured_media":452,"comment_status":"closed","ping_status":"closed","template":"","meta":[],"product_cat":[95,82,213],"product_tag":[],"_links":{"self":[{"href":"https:\/\/www.brikol.sk\/fr\/wp-json\/wp\/v2\/product\/295"}],"collection":[{"href":"https:\/\/www.brikol.sk\/fr\/wp-json\/wp\/v2\/product"}],"about":[{"href":"https:\/\/www.brikol.sk\/fr\/wp-json\/wp\/v2\/types\/product"}],"replies":[{"embeddable":true,"href":"https:\/\/www.brikol.sk\/fr\/wp-json\/wp\/v2\/comments?post=295"}],"wp:featuredmedia":[{"embeddable":true,"href":"https:\/\/www.brikol.sk\/fr\/wp-json\/wp\/v2\/media\/452"}],"wp:attachment":[{"href":"https:\/\/www.brikol.sk\/fr\/wp-json\/wp\/v2\/media?parent=295"}],"wp:term":[{"taxonomy":"product_cat","embeddable":true,"href":"https:\/\/www.brikol.sk\/fr\/wp-json\/wp\/v2\/product_cat?post=295"},{"taxonomy":"product_tag","embeddable":true,"href":"https:\/\/www.brikol.sk\/fr\/wp-json\/wp\/v2\/product_tag?post=295"}],"curies":[{"name":"wp","href":"https:\/\/api.w.org\/{rel}","templated":true}]}}