{"id":3209,"date":"2021-02-19T10:25:06","date_gmt":"2021-02-19T09:25:06","guid":{"rendered":"https:\/\/www.brikol.sk\/?post_type=product&#038;p=3209"},"modified":"2026-04-21T16:19:43","modified_gmt":"2026-04-21T14:19:43","slug":"rebricek-na-zaluzie","status":"publish","type":"product","link":"https:\/\/www.brikol.sk\/fr\/produkt\/rebricek-na-zaluzie\/","title":{"rendered":"Rebr\u00ed\u010dek pre \u017eal\u00faziu \/ m"},"content":{"rendered":"<p>Rebr\u00ed\u010dek pre horizont\u00e1lne interierov\u00e9 \u017eal\u00fazie s rozmerom 18 x 28 mm (v\u00fd\u0161ka x \u0161\u00edrka)<\/p>\n<p>Rebr\u00ed\u010dek je ur\u010den\u00fd pre hr\u00fabku lamely \u017eal\u00fazie\u00a0 25 mm.<\/p>\n<p>Pou\u017e\u00edva sa pri celotieniacich horizont\u00e1lnych \u017eal\u00fazi\u00e1ch.<\/p>\n<p><strong>Mont\u00e1\u017e:\u00a0<\/strong><\/p>\n<ul>\n<li>Koniec rebr\u00ed\u010dka s ohybom prevle\u010dte v hornom profile \u017eal\u00fazie a nasa\u010fte na nav\u00edjacie koliesko<\/li>\n<li>Vlo\u017ete lamely \u017eal\u00fazie medzi jednotliv\u00e9 prie\u010dky rebr\u00ed\u010dka<\/li>\n<li>Prv\u00fa lamelu zaistite <strong><a href=\"https:\/\/www.brikol.sk\/produkt\/konzolka-lamely-25-mm-zaluzie-ks\/\">konzolkou lamely\u00a0<\/a><\/strong><\/li>\n<li>Pokia\u013e m\u00e1te v\u0161etky lamely \u017eal\u00fazie navle\u010den\u00e9 v rebr\u00ed\u010dku, pretiahnite koniec rebr\u00ed\u010dka zvonku spodnej li\u0161ty a otvorom sp\u00e4\u0165 k spodnej lamele \u017eal\u00fazie<\/li>\n<li>Rebr\u00ed\u010dek jemne utiahnite \u010d\u00edm zafixujete prv\u00fa lamelu k spodnej li\u0161te<\/li>\n<li>N\u00e1sledne zatla\u010dte fix\u00e1tor textilnej p\u00e1sky<\/li>\n<li>\u017dal\u00faziu priskrutkujte sp\u00e4\u0165 na okno a nasa\u010fte bo\u010dn\u00e9 krytky<\/li>\n<\/ul>\n<p>Tovar zasielame balen\u00fd na cel\u00e9 metre. V pr\u00edpade v\u00e4\u010d\u0161ej objedn\u00e1vky nad 100 m rebr\u00ed\u010dek rozde\u013eujeme kv\u00f4li lep\u0161ej manipul\u00e1cii.<br \/>\nNapr. pri objedn\u00e1vke 5 kusov v\u00e1m bude poslan\u00fdch 5 metrov vcelku<\/p>\n","protected":false},"excerpt":{"rendered":"<p>Rebr\u00ed\u010dek je ur\u010den\u00fd pre hr\u00fabku lamely \u017eal\u00fazie\u00a0 25 mm.<\/p>\n<p>Lamely \u017eal\u00fazie sa vkladaj\u00fa medzi jednotliv\u00e9 prie\u010dky rebr\u00ed\u010dka. Pou\u017e\u00edvaj\u00fa sa na celotieniace \u017eal\u00fazie.<\/p>\n","protected":false},"featured_media":7867,"comment_status":"open","ping_status":"closed","template":"","meta":[],"product_cat":[65,87,85,84,86,88],"product_tag":[],"_links":{"self":[{"href":"https:\/\/www.brikol.sk\/fr\/wp-json\/wp\/v2\/product\/3209"}],"collection":[{"href":"https:\/\/www.brikol.sk\/fr\/wp-json\/wp\/v2\/product"}],"about":[{"href":"https:\/\/www.brikol.sk\/fr\/wp-json\/wp\/v2\/types\/product"}],"replies":[{"embeddable":true,"href":"https:\/\/www.brikol.sk\/fr\/wp-json\/wp\/v2\/comments?post=3209"}],"wp:featuredmedia":[{"embeddable":true,"href":"https:\/\/www.brikol.sk\/fr\/wp-json\/wp\/v2\/media\/7867"}],"wp:attachment":[{"href":"https:\/\/www.brikol.sk\/fr\/wp-json\/wp\/v2\/media?parent=3209"}],"wp:term":[{"taxonomy":"product_cat","embeddable":true,"href":"https:\/\/www.brikol.sk\/fr\/wp-json\/wp\/v2\/product_cat?post=3209"},{"taxonomy":"product_tag","embeddable":true,"href":"https:\/\/www.brikol.sk\/fr\/wp-json\/wp\/v2\/product_tag?post=3209"}],"curies":[{"name":"wp","href":"https:\/\/api.w.org\/{rel}","templated":true}]}}