{"id":3238,"date":"2021-02-22T12:17:26","date_gmt":"2021-02-22T11:17:26","guid":{"rendered":"https:\/\/www.brikol.sk\/?post_type=product&#038;p=3238"},"modified":"2026-04-17T02:28:17","modified_gmt":"2026-04-17T00:28:17","slug":"nastavovaci-kluc-siegenia-imbus-4-mm-torx-t15-ks-kopia","status":"publish","type":"product","link":"https:\/\/www.brikol.sk\/fr\/produkt\/nastavovaci-kluc-siegenia-imbus-4-mm-torx-t15-ks-kopia\/","title":{"rendered":"Nastavovac\u00ed k\u013e\u00fa\u010d SIEGENIA imbus 4 mm \/torx T15 \/ ks"},"content":{"rendered":"<p>Nastavovac\u00ed k\u013e\u00fa\u010d Siegenia z dlh\u0161ej strany T15 torx z krat\u0161ej zahnutej strany imbus 4 mm. Nastavovac\u00ed k\u013e\u00fa\u010d sl\u00fa\u017ei na nastavenie (\u0161telovanie) v\u0161etk\u00fdch typov kovania. Pou\u017e\u00edva sa predov\u0161etk\u00fdm na nastavenie v\u00fd\u0161ky okna a sklopenia okna na vrchnej no\u017enici.<br \/>\nD\u013a\u017eka &#8211; 170 mm, \u0161\u00edrka &#8211; 95 mm, d\u013a\u017eka 2 &#8211; 25 mm<\/p>\n","protected":false},"excerpt":{"rendered":"<p>Nastavovac\u00ed k\u013e\u00fa\u010d Siegenia z dlh\u0161ej strany T15 torx z krat\u0161ej zahnutej strany imbus 4 mm. Nastavovac\u00ed k\u013e\u00fa\u010d sl\u00fa\u017ei na nastavenie (\u0161telovanie) v\u0161etk\u00fdch typov kovania. Pou\u017e\u00edva sa predov\u0161etk\u00fdm na nastavenie v\u00fd\u0161ky okna a sklopenia okna na vrchnej no\u017enici.<br \/>\nD\u013a\u017eka &#8211; 170 mm, \u0161\u00edrka &#8211; 95 mm, d\u013a\u017eka 2 &#8211; 25 mm<\/p>\n","protected":false},"featured_media":7257,"comment_status":"open","ping_status":"closed","template":"","meta":[],"product_cat":[68,82],"product_tag":[],"_links":{"self":[{"href":"https:\/\/www.brikol.sk\/fr\/wp-json\/wp\/v2\/product\/3238"}],"collection":[{"href":"https:\/\/www.brikol.sk\/fr\/wp-json\/wp\/v2\/product"}],"about":[{"href":"https:\/\/www.brikol.sk\/fr\/wp-json\/wp\/v2\/types\/product"}],"replies":[{"embeddable":true,"href":"https:\/\/www.brikol.sk\/fr\/wp-json\/wp\/v2\/comments?post=3238"}],"wp:featuredmedia":[{"embeddable":true,"href":"https:\/\/www.brikol.sk\/fr\/wp-json\/wp\/v2\/media\/7257"}],"wp:attachment":[{"href":"https:\/\/www.brikol.sk\/fr\/wp-json\/wp\/v2\/media?parent=3238"}],"wp:term":[{"taxonomy":"product_cat","embeddable":true,"href":"https:\/\/www.brikol.sk\/fr\/wp-json\/wp\/v2\/product_cat?post=3238"},{"taxonomy":"product_tag","embeddable":true,"href":"https:\/\/www.brikol.sk\/fr\/wp-json\/wp\/v2\/product_tag?post=3238"}],"curies":[{"name":"wp","href":"https:\/\/api.w.org\/{rel}","templated":true}]}}