{"id":3311,"date":"2021-03-05T07:26:40","date_gmt":"2021-03-05T06:26:40","guid":{"rendered":"https:\/\/www.brikol.sk\/?post_type=product&#038;p=3311"},"modified":"2026-02-09T18:31:54","modified_gmt":"2026-02-09T17:31:54","slug":"krytka-pritlacneho-pantu-siegenia","status":"publish","type":"product","link":"https:\/\/www.brikol.sk\/fr\/produkt\/krytka-pritlacneho-pantu-siegenia\/","title":{"rendered":"Krytka pr\u00edtla\u010dn\u00e9ho p\u00e1ntu SIEGENIA biela \/ ks"},"content":{"rendered":"<p>Krytka pr\u00edtla\u010dn\u00e9ho p\u00e1ntu SIEGENIA<\/p>\n","protected":false},"excerpt":{"rendered":"<p>Krytka pr\u00edtla\u010dn\u00e9ho p\u00e1ntu SIEGENIA<\/p>\n","protected":false},"featured_media":7778,"comment_status":"open","ping_status":"closed","template":"","meta":[],"product_cat":[68,211,90,212],"product_tag":[],"_links":{"self":[{"href":"https:\/\/www.brikol.sk\/fr\/wp-json\/wp\/v2\/product\/3311"}],"collection":[{"href":"https:\/\/www.brikol.sk\/fr\/wp-json\/wp\/v2\/product"}],"about":[{"href":"https:\/\/www.brikol.sk\/fr\/wp-json\/wp\/v2\/types\/product"}],"replies":[{"embeddable":true,"href":"https:\/\/www.brikol.sk\/fr\/wp-json\/wp\/v2\/comments?post=3311"}],"wp:featuredmedia":[{"embeddable":true,"href":"https:\/\/www.brikol.sk\/fr\/wp-json\/wp\/v2\/media\/7778"}],"wp:attachment":[{"href":"https:\/\/www.brikol.sk\/fr\/wp-json\/wp\/v2\/media?parent=3311"}],"wp:term":[{"taxonomy":"product_cat","embeddable":true,"href":"https:\/\/www.brikol.sk\/fr\/wp-json\/wp\/v2\/product_cat?post=3311"},{"taxonomy":"product_tag","embeddable":true,"href":"https:\/\/www.brikol.sk\/fr\/wp-json\/wp\/v2\/product_tag?post=3311"}],"curies":[{"name":"wp","href":"https:\/\/api.w.org\/{rel}","templated":true}]}}