{"id":4179,"date":"2021-08-17T14:26:49","date_gmt":"2021-08-17T12:26:49","guid":{"rendered":"https:\/\/www.brikol.sk\/?post_type=product&#038;p=4179"},"modified":"2025-07-08T09:46:41","modified_gmt":"2025-07-08T07:46:41","slug":"hruska-snury-biela","status":"publish","type":"product","link":"https:\/\/www.brikol.sk\/fr\/produkt\/hruska-snury-biela\/","title":{"rendered":"Hru\u0161ka \u0161n\u00fary (koncovka)  \/ ks"},"content":{"rendered":"<p>Hru\u0161ka (koncovka) vy\u0165ahovacej \u0161n\u00fary pre interi\u00e9rov\u00e9 \u017eal\u00fazie.<\/p>\n","protected":false},"excerpt":{"rendered":"<p>Hru\u0161ka (koncovka) vy\u0165ahovacej \u0161n\u00fary pre interi\u00e9rov\u00e9 \u017eal\u00fazie.<\/p>\n","protected":false},"featured_media":7037,"comment_status":"closed","ping_status":"closed","template":"","meta":[],"product_cat":[65,88],"product_tag":[],"_links":{"self":[{"href":"https:\/\/www.brikol.sk\/fr\/wp-json\/wp\/v2\/product\/4179"}],"collection":[{"href":"https:\/\/www.brikol.sk\/fr\/wp-json\/wp\/v2\/product"}],"about":[{"href":"https:\/\/www.brikol.sk\/fr\/wp-json\/wp\/v2\/types\/product"}],"replies":[{"embeddable":true,"href":"https:\/\/www.brikol.sk\/fr\/wp-json\/wp\/v2\/comments?post=4179"}],"wp:featuredmedia":[{"embeddable":true,"href":"https:\/\/www.brikol.sk\/fr\/wp-json\/wp\/v2\/media\/7037"}],"wp:attachment":[{"href":"https:\/\/www.brikol.sk\/fr\/wp-json\/wp\/v2\/media?parent=4179"}],"wp:term":[{"taxonomy":"product_cat","embeddable":true,"href":"https:\/\/www.brikol.sk\/fr\/wp-json\/wp\/v2\/product_cat?post=4179"},{"taxonomy":"product_tag","embeddable":true,"href":"https:\/\/www.brikol.sk\/fr\/wp-json\/wp\/v2\/product_tag?post=4179"}],"curies":[{"name":"wp","href":"https:\/\/api.w.org\/{rel}","templated":true}]}}