{"id":4181,"date":"2021-08-17T14:34:27","date_gmt":"2021-08-17T12:34:27","guid":{"rendered":"https:\/\/www.brikol.sk\/?post_type=product&#038;p=4181"},"modified":"2025-11-12T16:43:07","modified_gmt":"2025-11-12T15:43:07","slug":"hruska-snury-biela-ks","status":"publish","type":"product","link":"https:\/\/www.brikol.sk\/fr\/produkt\/hruska-snury-biela-ks\/","title":{"rendered":"Koliesko \u0161n\u00fary \/ ks"},"content":{"rendered":"<p>Koliesko vy\u0165ahovacej \u0161n\u00fary pre interi\u00e9rov\u00e9 \u017eal\u00fazie. Koliesko je vr\u00e1tane skrutky.<\/p>\n<p>Sl\u00fa\u017ei na aret\u00e1ciu \u0161n\u00fary \u017eal\u00fazie. Zachyten\u00edm \u0161n\u00fary na koliesku udr\u017e\u00edme \u017eal\u00faziu v po\u017eadovanej polohe alebo \u00faplne vytiahnut\u00e9.<\/p>\n<p>priemer 17mm<\/p>\n","protected":false},"excerpt":{"rendered":"<p>Koliesko vy\u0165ahovacej \u0161n\u00fary pre interi\u00e9rov\u00e9 \u017eal\u00fazie. Koliesko je vr\u00e1tane skrutky.<\/p>\n<p>Sl\u00fa\u017ei na aret\u00e1ciu \u0161n\u00fary \u017eal\u00fazie. Zachyten\u00edm \u0161n\u00fary na koliesku udr\u017e\u00edme \u017eal\u00faziu v po\u017eadovanej polohe alebo \u00faplne vytiahnut\u00e9.<\/p>\n","protected":false},"featured_media":6855,"comment_status":"closed","ping_status":"closed","template":"","meta":[],"product_cat":[65,88],"product_tag":[],"_links":{"self":[{"href":"https:\/\/www.brikol.sk\/fr\/wp-json\/wp\/v2\/product\/4181"}],"collection":[{"href":"https:\/\/www.brikol.sk\/fr\/wp-json\/wp\/v2\/product"}],"about":[{"href":"https:\/\/www.brikol.sk\/fr\/wp-json\/wp\/v2\/types\/product"}],"replies":[{"embeddable":true,"href":"https:\/\/www.brikol.sk\/fr\/wp-json\/wp\/v2\/comments?post=4181"}],"wp:featuredmedia":[{"embeddable":true,"href":"https:\/\/www.brikol.sk\/fr\/wp-json\/wp\/v2\/media\/6855"}],"wp:attachment":[{"href":"https:\/\/www.brikol.sk\/fr\/wp-json\/wp\/v2\/media?parent=4181"}],"wp:term":[{"taxonomy":"product_cat","embeddable":true,"href":"https:\/\/www.brikol.sk\/fr\/wp-json\/wp\/v2\/product_cat?post=4181"},{"taxonomy":"product_tag","embeddable":true,"href":"https:\/\/www.brikol.sk\/fr\/wp-json\/wp\/v2\/product_tag?post=4181"}],"curies":[{"name":"wp","href":"https:\/\/api.w.org\/{rel}","templated":true}]}}