{"id":4183,"date":"2021-08-17T14:55:22","date_gmt":"2021-08-17T12:55:22","guid":{"rendered":"https:\/\/www.brikol.sk\/?post_type=product&#038;p=4183"},"modified":"2026-04-08T11:20:06","modified_gmt":"2026-04-08T09:20:06","slug":"drziak-ovladacej-tycky","status":"publish","type":"product","link":"https:\/\/www.brikol.sk\/fr\/produkt\/drziak-ovladacej-tycky\/","title":{"rendered":"Dr\u017eiak ovl\u00e1dacej ty\u010dky \/ ks"},"content":{"rendered":"<p>Dr\u017eiak ovl\u00e1dacej ty\u010dky pre interi\u00e9rov\u00e9 \u017eal\u00fazie.<\/p>\n<p>Sl\u00fa\u017ei na uchytenie ty\u010dky ovl\u00e1dania \u017eal\u00fazie na r\u00e1me okna.<\/p>\n","protected":false},"excerpt":{"rendered":"<p>Dr\u017eiak ovl\u00e1dacej ty\u010dky sl\u00fa\u017eia na uchytenie tiahla (ty\u010dky), ktor\u00fdm sa pret\u00e1\u010da lamely \u017eal\u00fazie.<\/p>\n","protected":false},"featured_media":6860,"comment_status":"closed","ping_status":"closed","template":"","meta":[],"product_cat":[65,88],"product_tag":[],"_links":{"self":[{"href":"https:\/\/www.brikol.sk\/fr\/wp-json\/wp\/v2\/product\/4183"}],"collection":[{"href":"https:\/\/www.brikol.sk\/fr\/wp-json\/wp\/v2\/product"}],"about":[{"href":"https:\/\/www.brikol.sk\/fr\/wp-json\/wp\/v2\/types\/product"}],"replies":[{"embeddable":true,"href":"https:\/\/www.brikol.sk\/fr\/wp-json\/wp\/v2\/comments?post=4183"}],"wp:featuredmedia":[{"embeddable":true,"href":"https:\/\/www.brikol.sk\/fr\/wp-json\/wp\/v2\/media\/6860"}],"wp:attachment":[{"href":"https:\/\/www.brikol.sk\/fr\/wp-json\/wp\/v2\/media?parent=4183"}],"wp:term":[{"taxonomy":"product_cat","embeddable":true,"href":"https:\/\/www.brikol.sk\/fr\/wp-json\/wp\/v2\/product_cat?post=4183"},{"taxonomy":"product_tag","embeddable":true,"href":"https:\/\/www.brikol.sk\/fr\/wp-json\/wp\/v2\/product_tag?post=4183"}],"curies":[{"name":"wp","href":"https:\/\/api.w.org\/{rel}","templated":true}]}}