{"id":4352,"date":"2021-09-24T09:32:04","date_gmt":"2021-09-24T07:32:04","guid":{"rendered":"https:\/\/www.brikol.sk\/?post_type=product&#038;p=4352"},"modified":"2026-01-08T11:20:12","modified_gmt":"2026-01-08T10:20:12","slug":"gumova-zarazka-mala-na-klucku","status":"publish","type":"product","link":"https:\/\/www.brikol.sk\/fr\/produkt\/gumova-zarazka-mala-na-klucku\/","title":{"rendered":"Gumov\u00e1 zar\u00e1\u017eka na k\u013eu\u010dku \u010d\u00edra \/ ks"},"content":{"rendered":"<p>Gumov\u00e1 zar\u00e1\u017eka na dverov\u00fa k\u013eu\u010dku udru\u017euje steny nepo\u0161koden\u00e9. Umiest\u0148uje sa na k\u013eu\u010dku dver\u00ed a t\u00fdm zabra\u0148uje po\u0161kodeniu a stop\u00e1m na sten\u00e1ch, rovnako zabra\u0148uje po\u0161kodeniu k\u013eu\u010dky.<\/p>\n<p>Doraz netreba lepi\u0165. M\u00f4\u017ee sa pod\u013ea potreby jednoducho pres\u00fava\u0165. V\u010faka bezfarebn\u00e9mu vzh\u013eadu sa hod\u00ed do ka\u017ed\u00e9ho priestoru.<\/p>\n<p>&nbsp;<\/p>\n","protected":false},"excerpt":{"rendered":"<p>Flexibiln\u00fd, bezfarebn\u00fd doraz na k\u013eu\u010dku dver\u00ed, chr\u00e1ni pred n\u00e1razom do steny.<\/p>\n","protected":false},"featured_media":8116,"comment_status":"open","ping_status":"closed","template":"","meta":[],"product_cat":[68,72,212],"product_tag":[],"_links":{"self":[{"href":"https:\/\/www.brikol.sk\/fr\/wp-json\/wp\/v2\/product\/4352"}],"collection":[{"href":"https:\/\/www.brikol.sk\/fr\/wp-json\/wp\/v2\/product"}],"about":[{"href":"https:\/\/www.brikol.sk\/fr\/wp-json\/wp\/v2\/types\/product"}],"replies":[{"embeddable":true,"href":"https:\/\/www.brikol.sk\/fr\/wp-json\/wp\/v2\/comments?post=4352"}],"wp:featuredmedia":[{"embeddable":true,"href":"https:\/\/www.brikol.sk\/fr\/wp-json\/wp\/v2\/media\/8116"}],"wp:attachment":[{"href":"https:\/\/www.brikol.sk\/fr\/wp-json\/wp\/v2\/media?parent=4352"}],"wp:term":[{"taxonomy":"product_cat","embeddable":true,"href":"https:\/\/www.brikol.sk\/fr\/wp-json\/wp\/v2\/product_cat?post=4352"},{"taxonomy":"product_tag","embeddable":true,"href":"https:\/\/www.brikol.sk\/fr\/wp-json\/wp\/v2\/product_tag?post=4352"}],"curies":[{"name":"wp","href":"https:\/\/api.w.org\/{rel}","templated":true}]}}