{"id":4768,"date":"2021-12-14T08:53:33","date_gmt":"2021-12-14T07:53:33","guid":{"rendered":"https:\/\/www.brikol.sk\/?post_type=product&#038;p=4768"},"modified":"2025-08-28T07:14:02","modified_gmt":"2025-08-28T05:14:02","slug":"fixator-rebricku-a-vytahovacej-snurky-biely","status":"publish","type":"product","link":"https:\/\/www.brikol.sk\/fr\/produkt\/fixator-rebricku-a-vytahovacej-snurky-biely\/","title":{"rendered":"Fix\u00e1tor rebr\u00ed\u010dku a vy\u0165ahovacej \u0161n\u00farky  \/ ks"},"content":{"rendered":"<p>Fix\u00e1tor rebr\u00ed\u010dku a vy\u0165ahovacej \u0161n\u00fary ur\u010den\u00fd pre \u017eal\u00fazie ovl\u00e1dan\u00e9 pali\u010dkou a \u0161n\u00farou.<\/p>\n<p>Fix\u00e1tor je umiestnen\u00fd na spodnom profile vonkaj\u0161\u00ed priemer je 11 mm, vn\u00fatorn\u00fd priemer 5 mm, v\u00fd\u0161ka 8 mm.<\/p>\n","protected":false},"excerpt":{"rendered":"<p>Fix\u00e1tor rebr\u00ed\u010dku a vy\u0165ahovacej \u0161n\u00fary je ur\u010den\u00fd pre \u017eal\u00fazie ovl\u00e1dan\u00e9 pali\u010dkou a \u0161n\u00farou. Fix\u00e1tor je umiestnen\u00fd na spodnom profile vonkaj\u0161\u00ed priemer je 11 mm, vn\u00fatorn\u00fd priemer 5 mm, v\u00fd\u0161ka 8 mm.<\/p>\n","protected":false},"featured_media":6967,"comment_status":"open","ping_status":"closed","template":"","meta":[],"product_cat":[88],"product_tag":[],"_links":{"self":[{"href":"https:\/\/www.brikol.sk\/fr\/wp-json\/wp\/v2\/product\/4768"}],"collection":[{"href":"https:\/\/www.brikol.sk\/fr\/wp-json\/wp\/v2\/product"}],"about":[{"href":"https:\/\/www.brikol.sk\/fr\/wp-json\/wp\/v2\/types\/product"}],"replies":[{"embeddable":true,"href":"https:\/\/www.brikol.sk\/fr\/wp-json\/wp\/v2\/comments?post=4768"}],"wp:featuredmedia":[{"embeddable":true,"href":"https:\/\/www.brikol.sk\/fr\/wp-json\/wp\/v2\/media\/6967"}],"wp:attachment":[{"href":"https:\/\/www.brikol.sk\/fr\/wp-json\/wp\/v2\/media?parent=4768"}],"wp:term":[{"taxonomy":"product_cat","embeddable":true,"href":"https:\/\/www.brikol.sk\/fr\/wp-json\/wp\/v2\/product_cat?post=4768"},{"taxonomy":"product_tag","embeddable":true,"href":"https:\/\/www.brikol.sk\/fr\/wp-json\/wp\/v2\/product_tag?post=4768"}],"curies":[{"name":"wp","href":"https:\/\/api.w.org\/{rel}","templated":true}]}}