{"id":495,"date":"2018-03-25T19:25:39","date_gmt":"2018-03-25T17:25:39","guid":{"rendered":"https:\/\/www.brikol.sk\/?post_type=product&#038;p=495"},"modified":"2026-04-12T16:05:40","modified_gmt":"2026-04-12T14:05:40","slug":"klucka-na-okno","status":"publish","type":"product","link":"https:\/\/www.brikol.sk\/fr\/produkt\/klucka-na-okno\/","title":{"rendered":"K\u013eu\u010dka na okno \/ ks"},"content":{"rendered":"<p><strong>K\u013eu\u010dka na okno<\/strong><\/p>\n<p>Univerz\u00e1lna k\u013eu\u010dka na okno ur\u010den\u00e1 pre plastov\u00e9, dreven\u00e9 aj hlin\u00edkov\u00e9 okn\u00e1. Rozmer \u0161tvorhranu je 35 mm d\u013a\u017eka a 7 mm \u0161\u00edrka.<\/p>\n<p><strong>TECHNICK\u00c9 INFORM\u00c1CIE:<\/strong><br \/>\nOto\u010dn\u00e1 krytka s pln\u00fdm prekryt\u00edm upev\u0148ovac\u00edch skrutiek, pln\u00fd \u0161tvorhran 7 mm dlh\u00fd 35 mm.<\/p>\n<p>Farebn\u00e9 prevedenie :<\/p>\n<ul>\n<li>Biela<\/li>\n<li>Tmavohned\u00e1<\/li>\n<li>Bronz<\/li>\n<li>Zlat\u00fd dub<\/li>\n<li>Antracit<\/li>\n<\/ul>\n<p>Jednoduch\u00e1 v\u00fdmena starej k\u013eu\u010dky za nov\u00fa. Pri v\u00fdmene V\u00e1m posta\u010d\u00ed iba \u0161raubov\u00e1k.<\/p>\n<p><span style=\"color: #ff0000;\"><strong>N\u00e1vod na v\u00fdmenu k\u013eu\u010dky<\/strong><\/span><\/p>\n<p><a href=\"https:\/\/www.brikol.sk\/wp-content\/uploads\/2023\/03\/Vymena-okennej-klucky.pdf\">V\u00fdmena okennej k\u013eu\u010dky<\/a><\/p>\n<ol>\n<li>madlo starej k\u013eu\u010dky oto\u010d\u00edme do vodorovnej polohy ( poloha otvoren\u00e9ho okna)<\/li>\n<li>oto\u010dte vrchn\u00fa krytku na k\u013eu\u010dke ( pomocou dvoch prstov hore a dole krytku trochu nadvihneme a pooto\u010d\u00edme<br \/>\ndo vodorovnej polohy, \u010d\u00edm odkryjeme skrutky)<\/li>\n<li>skrutky vyto\u010d\u00edme pomocou \u0161raubov\u00e1ku a vyberieme star\u00fa k\u013eu\u010dku z kr\u00eddla okna von<\/li>\n<li>nov\u00fa k\u013eu\u010dku najprv v ruke oto\u010d\u00edme do vodorovnej polohy a tak ju vlo\u017e\u00edme do otvorov na kr\u00eddle okna<\/li>\n<li>prikr\u00fatime skrutky, a krytkou ich zakryjeme<\/li>\n<\/ol>\n","protected":false},"excerpt":{"rendered":"<p>Univerz\u00e1lna k\u013eu\u010dka ur\u010den\u00e1 pre plastov\u00e9, dreven\u00e9 aj hlin\u00edkov\u00e9 okn\u00e1. Rozmer \u0161tvorhranu je 35 mm d\u013a\u017eka\u00a0 a 7 mm \u0161\u00edrka<\/p>\n<p>&nbsp;<\/p>\n","protected":false},"featured_media":8194,"comment_status":"open","ping_status":"closed","template":"","meta":[],"product_cat":[82,213],"product_tag":[],"_links":{"self":[{"href":"https:\/\/www.brikol.sk\/fr\/wp-json\/wp\/v2\/product\/495"}],"collection":[{"href":"https:\/\/www.brikol.sk\/fr\/wp-json\/wp\/v2\/product"}],"about":[{"href":"https:\/\/www.brikol.sk\/fr\/wp-json\/wp\/v2\/types\/product"}],"replies":[{"embeddable":true,"href":"https:\/\/www.brikol.sk\/fr\/wp-json\/wp\/v2\/comments?post=495"}],"wp:featuredmedia":[{"embeddable":true,"href":"https:\/\/www.brikol.sk\/fr\/wp-json\/wp\/v2\/media\/8194"}],"wp:attachment":[{"href":"https:\/\/www.brikol.sk\/fr\/wp-json\/wp\/v2\/media?parent=495"}],"wp:term":[{"taxonomy":"product_cat","embeddable":true,"href":"https:\/\/www.brikol.sk\/fr\/wp-json\/wp\/v2\/product_cat?post=495"},{"taxonomy":"product_tag","embeddable":true,"href":"https:\/\/www.brikol.sk\/fr\/wp-json\/wp\/v2\/product_tag?post=495"}],"curies":[{"name":"wp","href":"https:\/\/api.w.org\/{rel}","templated":true}]}}