{"id":538,"date":"2018-07-02T15:49:19","date_gmt":"2018-07-02T13:49:19","guid":{"rendered":"https:\/\/www.brikol.sk\/?post_type=product&#038;p=538"},"modified":"2026-04-22T12:23:18","modified_gmt":"2026-04-22T10:23:18","slug":"bocne-krytky-ksystem-basic-nahradne-diely-na-zaluzie","status":"publish","type":"product","link":"https:\/\/www.brikol.sk\/fr\/produkt\/bocne-krytky-ksystem-basic-nahradne-diely-na-zaluzie\/","title":{"rendered":"Bo\u010dn\u00e9 krytky basic K-system \/ p\u00e1r"},"content":{"rendered":"<p>Bo\u010dn\u00e9 krytky pre horizont\u00e1lne \u017eal\u00fazie od v\u00fdrobcu K-System a WO und WO<\/p>\n","protected":false},"excerpt":{"rendered":"<p>Bo\u010dn\u00e9 krytky pre horizont\u00e1lne \u017eal\u00fazie od v\u00fdrobcu K-System a WO und WO<\/p>\n","protected":false},"featured_media":6953,"comment_status":"open","ping_status":"closed","template":"","meta":[],"product_cat":[65,86],"product_tag":[],"_links":{"self":[{"href":"https:\/\/www.brikol.sk\/fr\/wp-json\/wp\/v2\/product\/538"}],"collection":[{"href":"https:\/\/www.brikol.sk\/fr\/wp-json\/wp\/v2\/product"}],"about":[{"href":"https:\/\/www.brikol.sk\/fr\/wp-json\/wp\/v2\/types\/product"}],"replies":[{"embeddable":true,"href":"https:\/\/www.brikol.sk\/fr\/wp-json\/wp\/v2\/comments?post=538"}],"wp:featuredmedia":[{"embeddable":true,"href":"https:\/\/www.brikol.sk\/fr\/wp-json\/wp\/v2\/media\/6953"}],"wp:attachment":[{"href":"https:\/\/www.brikol.sk\/fr\/wp-json\/wp\/v2\/media?parent=538"}],"wp:term":[{"taxonomy":"product_cat","embeddable":true,"href":"https:\/\/www.brikol.sk\/fr\/wp-json\/wp\/v2\/product_cat?post=538"},{"taxonomy":"product_tag","embeddable":true,"href":"https:\/\/www.brikol.sk\/fr\/wp-json\/wp\/v2\/product_tag?post=538"}],"curies":[{"name":"wp","href":"https:\/\/api.w.org\/{rel}","templated":true}]}}