{"id":6638,"date":"2023-01-02T13:55:46","date_gmt":"2023-01-02T12:55:46","guid":{"rendered":"https:\/\/www.brikol.sk\/?post_type=product&#038;p=6638"},"modified":"2026-01-29T05:19:10","modified_gmt":"2026-01-29T04:19:10","slug":"opravne-fixky-kanten-fix","status":"publish","type":"product","link":"https:\/\/www.brikol.sk\/fr\/produkt\/opravne-fixky-kanten-fix\/","title":{"rendered":"Opravn\u00e9 fixky Kanten-fix \/ ks"},"content":{"rendered":"<p>Fixka na\u00a0opravu laku a\u00a0komaxitu &#8211; pr\u00e1\u0161kov\u00e9ho laku\u00a0Kanten-Fix RAL K\u00f6 243. Lakov\u00e9 korek\u010dn\u00e9 fixky\u00a0mo\u017eno pou\u017ei\u0165 pod\u013ea \u0161pecializ\u00e1cie na\u00a0lakovan\u00e9 povrchy zo\u00a0\u017eeleza, hlin\u00edka, dreva a\u00a0\u010falej tie\u017e na\u00a0lamin\u00e1ty, PVC, plastov\u00e9 f\u00f3lie, kame\u0148, keramiku a\u00a0sklo. \u013dahko s\u00a0nimi oprav\u00edte po\u0161koden\u00fd pr\u00e1\u0161kov\u00fd lak na\u00a0kovovom povrchu, \u0161krabance na\u00a0n\u00e1bytku, podlahe, plastov\u00fdch okenn\u00fdch profiloch, prebr\u00fasenie, orezy hr\u00e1n a\u00a0odret\u00e9 rohy alebo dokresl\u00edte ch\u00fdbaj\u00facu farbu a\u00a0\u0161trukt\u00faru povrchu.<\/p>\n<p>Oblasti pou\u017eitia:<\/p>\n<p>Na opravu drobn\u00fdch po\u0161koden\u00ed na laku, pr\u00e1\u0161kovom laku, komaxitu na kovov\u00fdch kon\u0161trukci\u00e1ch v odtie\u0148och RAL. Vhodn\u00fd do interi\u00e9ru aj vonkaj\u0161ieho prostredia.<\/p>\n<p><a href=\"https:\/\/www.brikol.sk\/wp-content\/uploads\/2022\/12\/Navod-na-pouzitie-Technicky-list.pdf\">N\u00e1vod na pou\u017eitie &#8211; Technick\u00fd list<\/a><\/p>\n","protected":false},"excerpt":{"rendered":"<p>Fixka na\u00a0opravu laku a\u00a0komaxitu &#8211; pr\u00e1\u0161kov\u00e9ho laku\u00a0Kanten-Fix RAL K\u00f6 243.Lakov\u00e9 korek\u010dn\u00e9 fixky\u00a0mo\u017eno pou\u017ei\u0165 pod\u013ea \u0161pecializ\u00e1cie na\u00a0lakovan\u00e9 povrchy zo\u00a0\u017eeleza, hlin\u00edka, dreva a\u00a0\u010falej tie\u017e na\u00a0lamin\u00e1ty, PVC, plastov\u00e9 f\u00f3lie, kame\u0148, keramiku a\u00a0sklo. \u013dahko s\u00a0nimi oprav\u00edte po\u0161koden\u00fd pr\u00e1\u0161kov\u00fd lak na\u00a0kovovom povrchu, \u0161krabance na\u00a0n\u00e1bytku, podlahe, plastov\u00fdch okenn\u00fdch profiloch, prebr\u00fasenie, orezy hr\u00e1n a\u00a0odret\u00e9 rohy alebo dokresl\u00edte ch\u00fdbaj\u00facu farbu a\u00a0\u0161trukt\u00faru povrchu.<\/p>\n<p>Oblasti pou\u017eitia:\u00a0Na opravu drobn\u00fdch po\u0161koden\u00ed na\u00a0laku, pr\u00e1\u0161kovom laku, komaxitu na\u00a0kovov\u00fdch kon\u0161trukci\u00e1ch v\u00a0odtie\u0148och RAL, vhodn\u00fd do interi\u00e9ru aj vonkaj\u0161ieho prostredia.<\/p>\n<p><a href=\"https:\/\/www.brikol.sk\/wp-content\/uploads\/2022\/12\/Navod-na-pouzitie-Technicky-list.pdf\">N\u00e1vod na\u00a0pou\u017eitie &#8211; Technick\u00fd list<\/a><\/p>\n<p>https:\/\/youtu.be\/ck-a8Pr74g4<\/p>\n","protected":false},"featured_media":6645,"comment_status":"open","ping_status":"closed","template":"","meta":[],"product_cat":[68,82],"product_tag":[],"_links":{"self":[{"href":"https:\/\/www.brikol.sk\/fr\/wp-json\/wp\/v2\/product\/6638"}],"collection":[{"href":"https:\/\/www.brikol.sk\/fr\/wp-json\/wp\/v2\/product"}],"about":[{"href":"https:\/\/www.brikol.sk\/fr\/wp-json\/wp\/v2\/types\/product"}],"replies":[{"embeddable":true,"href":"https:\/\/www.brikol.sk\/fr\/wp-json\/wp\/v2\/comments?post=6638"}],"wp:featuredmedia":[{"embeddable":true,"href":"https:\/\/www.brikol.sk\/fr\/wp-json\/wp\/v2\/media\/6645"}],"wp:attachment":[{"href":"https:\/\/www.brikol.sk\/fr\/wp-json\/wp\/v2\/media?parent=6638"}],"wp:term":[{"taxonomy":"product_cat","embeddable":true,"href":"https:\/\/www.brikol.sk\/fr\/wp-json\/wp\/v2\/product_cat?post=6638"},{"taxonomy":"product_tag","embeddable":true,"href":"https:\/\/www.brikol.sk\/fr\/wp-json\/wp\/v2\/product_tag?post=6638"}],"curies":[{"name":"wp","href":"https:\/\/api.w.org\/{rel}","templated":true}]}}