{"id":7188,"date":"2023-02-09T12:45:40","date_gmt":"2023-02-09T11:45:40","guid":{"rendered":"https:\/\/www.brikol.sk\/?post_type=product&#038;p=7188"},"modified":"2026-02-06T12:39:21","modified_gmt":"2026-02-06T11:39:21","slug":"spojka-gulickovej-snury-retiazky-kovova-ks","status":"publish","type":"product","link":"https:\/\/www.brikol.sk\/fr\/produkt\/spojka-gulickovej-snury-retiazky-kovova-ks\/","title":{"rendered":"Spojka guli\u010dkovej \u0161n\u00fary (retiazky) kovov\u00e1 \/ ks"},"content":{"rendered":"<p><strong>Spojka guli\u010dkovej \u0161\u0148\u00fary kovov\u00e1<\/strong><\/p>\n<p>Univerz\u00e1lna spojka ur\u010den\u00e1 pre horizont\u00e1lne \u017eal\u00fazie ovl\u00e1dan\u00e9 <a href=\"https:\/\/www.brikol.sk\/produkt\/gulickova-snura-retiazka-na-zaluzie-nahradne-diely-na-zaluzie\/\"><span style=\"text-decoration: underline;\"><strong>retiazkou s priemerom 3,2 mm.<\/strong><\/span><\/a><\/p>\n<p>Spojka vyroben\u00e1 z kovu.<\/p>\n<p>Konce retiazky \u2013 guli\u010dky sa jednoducho vlo\u017eia proti sebe do dr\u00e1\u017eok spojk.<\/p>\n<p>15 x 6 x 4,45 mm, otvor 2mm<\/p>\n<p>&nbsp;<\/p>\n","protected":false},"excerpt":{"rendered":"<p>Univerz\u00e1lna spojka ur\u010den\u00e1 pre horizont\u00e1lne \u017eal\u00fazie ovl\u00e1dan\u00e9 <span style=\"text-decoration: underline;\"><strong>retiazkou s priemerom 3,2 mm.<\/strong><\/span><\/p>\n","protected":false},"featured_media":7193,"comment_status":"open","ping_status":"closed","template":"","meta":[],"product_cat":[65,85,84,86,88,96],"product_tag":[],"_links":{"self":[{"href":"https:\/\/www.brikol.sk\/fr\/wp-json\/wp\/v2\/product\/7188"}],"collection":[{"href":"https:\/\/www.brikol.sk\/fr\/wp-json\/wp\/v2\/product"}],"about":[{"href":"https:\/\/www.brikol.sk\/fr\/wp-json\/wp\/v2\/types\/product"}],"replies":[{"embeddable":true,"href":"https:\/\/www.brikol.sk\/fr\/wp-json\/wp\/v2\/comments?post=7188"}],"wp:featuredmedia":[{"embeddable":true,"href":"https:\/\/www.brikol.sk\/fr\/wp-json\/wp\/v2\/media\/7193"}],"wp:attachment":[{"href":"https:\/\/www.brikol.sk\/fr\/wp-json\/wp\/v2\/media?parent=7188"}],"wp:term":[{"taxonomy":"product_cat","embeddable":true,"href":"https:\/\/www.brikol.sk\/fr\/wp-json\/wp\/v2\/product_cat?post=7188"},{"taxonomy":"product_tag","embeddable":true,"href":"https:\/\/www.brikol.sk\/fr\/wp-json\/wp\/v2\/product_tag?post=7188"}],"curies":[{"name":"wp","href":"https:\/\/api.w.org\/{rel}","templated":true}]}}