{"id":7334,"date":"2023-02-16T12:02:54","date_gmt":"2023-02-16T11:02:54","guid":{"rendered":"https:\/\/www.brikol.sk\/?post_type=product&#038;p=7334"},"modified":"2025-11-25T10:30:22","modified_gmt":"2025-11-25T09:30:22","slug":"bocne-krytky-isotra-s-capom-par","status":"publish","type":"product","link":"https:\/\/www.brikol.sk\/fr\/produkt\/bocne-krytky-isotra-s-capom-par\/","title":{"rendered":"Bo\u010dn\u00e9 krytky Isotra s \u010dapom \/ p\u00e1r"},"content":{"rendered":"<p>Bo\u010dn\u00e9 krytky pre horizont\u00e1lne \u017eal\u00fazie Isotra s \u010dapom<\/p>\n","protected":false},"excerpt":{"rendered":"<p>Bo\u010dn\u00e9 krytky pre horizont\u00e1lne \u017eal\u00fazie Isotra s \u010dapom<\/p>\n","protected":false},"featured_media":7335,"comment_status":"open","ping_status":"closed","template":"","meta":[],"product_cat":[65,84],"product_tag":[],"_links":{"self":[{"href":"https:\/\/www.brikol.sk\/fr\/wp-json\/wp\/v2\/product\/7334"}],"collection":[{"href":"https:\/\/www.brikol.sk\/fr\/wp-json\/wp\/v2\/product"}],"about":[{"href":"https:\/\/www.brikol.sk\/fr\/wp-json\/wp\/v2\/types\/product"}],"replies":[{"embeddable":true,"href":"https:\/\/www.brikol.sk\/fr\/wp-json\/wp\/v2\/comments?post=7334"}],"wp:featuredmedia":[{"embeddable":true,"href":"https:\/\/www.brikol.sk\/fr\/wp-json\/wp\/v2\/media\/7335"}],"wp:attachment":[{"href":"https:\/\/www.brikol.sk\/fr\/wp-json\/wp\/v2\/media?parent=7334"}],"wp:term":[{"taxonomy":"product_cat","embeddable":true,"href":"https:\/\/www.brikol.sk\/fr\/wp-json\/wp\/v2\/product_cat?post=7334"},{"taxonomy":"product_tag","embeddable":true,"href":"https:\/\/www.brikol.sk\/fr\/wp-json\/wp\/v2\/product_tag?post=7334"}],"curies":[{"name":"wp","href":"https:\/\/api.w.org\/{rel}","templated":true}]}}