{"id":7339,"date":"2023-02-16T12:24:10","date_gmt":"2023-02-16T11:24:10","guid":{"rendered":"https:\/\/www.brikol.sk\/?post_type=product&#038;p=7339"},"modified":"2026-02-06T20:08:49","modified_gmt":"2026-02-06T19:08:49","slug":"bocne-krytky-isotra-isolite-plus","status":"publish","type":"product","link":"https:\/\/www.brikol.sk\/fr\/produkt\/bocne-krytky-isotra-isolite-plus\/","title":{"rendered":"Bo\u010dn\u00e9 krytky Isotra &#8211; Isolite Plus \/ p\u00e1r"},"content":{"rendered":"<p>Krytka \u017eal\u00fazie Isotra &#8211; Isolite Plus sa nas\u00fava zo str\u00e1n na kryciu li\u0161tu horn\u00e9ho profilu u \u017eal\u00fazi\u00ed Isotra Isolite Plus.<\/p>\n","protected":false},"excerpt":{"rendered":"<p>Krytka \u017eal\u00fazie Isotra &#8211; Isolite Plus sa nas\u00fava zo str\u00e1n na kryciu li\u0161tu horn\u00e9ho profilu u \u017eal\u00fazi\u00ed Isotra Isolite Plus.<\/p>\n","protected":false},"featured_media":7340,"comment_status":"open","ping_status":"closed","template":"","meta":[],"product_cat":[65,84],"product_tag":[],"_links":{"self":[{"href":"https:\/\/www.brikol.sk\/fr\/wp-json\/wp\/v2\/product\/7339"}],"collection":[{"href":"https:\/\/www.brikol.sk\/fr\/wp-json\/wp\/v2\/product"}],"about":[{"href":"https:\/\/www.brikol.sk\/fr\/wp-json\/wp\/v2\/types\/product"}],"replies":[{"embeddable":true,"href":"https:\/\/www.brikol.sk\/fr\/wp-json\/wp\/v2\/comments?post=7339"}],"wp:featuredmedia":[{"embeddable":true,"href":"https:\/\/www.brikol.sk\/fr\/wp-json\/wp\/v2\/media\/7340"}],"wp:attachment":[{"href":"https:\/\/www.brikol.sk\/fr\/wp-json\/wp\/v2\/media?parent=7339"}],"wp:term":[{"taxonomy":"product_cat","embeddable":true,"href":"https:\/\/www.brikol.sk\/fr\/wp-json\/wp\/v2\/product_cat?post=7339"},{"taxonomy":"product_tag","embeddable":true,"href":"https:\/\/www.brikol.sk\/fr\/wp-json\/wp\/v2\/product_tag?post=7339"}],"curies":[{"name":"wp","href":"https:\/\/api.w.org\/{rel}","templated":true}]}}